{"id":17227,"date":"2024-07-10T23:01:53","date_gmt":"2024-07-10T23:01:53","guid":{"rendered":"https:\/\/para-pharmacity.tn\/?product=floxia-fluide-hydrat-peaux-seches-s"},"modified":"2024-09-05T11:44:04","modified_gmt":"2024-09-05T11:44:04","slug":"floxia-fluide-hydrat-peaux-seches-s","status":"publish","type":"product","link":"https:\/\/para-pharmacity.tn\/?product=floxia-fluide-hydrat-peaux-seches-s","title":{"rendered":"FLOXIA FLUIDE HYDRAT PEAUX SECHES S"},"content":{"rendered":"<h4><span style=\"color: #70ad47\">Description\u00a0:<\/span><\/h4>\n<p>Le Fluide Hydratant\u00a0<strong>hydrate les peaux s\u00e8ches<\/strong>\u00a0et d\u00e9shydrat\u00e9es. Sa double action hydratante et apaisante calme les inconforts cutan\u00e9s comme les rougeurs, les irritations et les d\u00e9mangeaisons.<\/p>\n<p>Son pouvoir r\u00e9g\u00e9n\u00e9rant et r\u00e9parateur am\u00e9liore la cicatrisation ainsi que le renouvellement cellulaire.<\/p>\n<p>Le Fluide Hydratant Apaisant\u00a0:<\/p>\n<ul>\n<li><strong>hydrate la peau en profondeur<\/strong><\/li>\n<li><strong>matifie le grain de peau<\/strong><\/li>\n<li><strong>lisse les pores<\/strong><\/li>\n<li><strong>calme les signes d\u2019inflammation<\/strong><\/li>\n<\/ul>\n<p>Soulagez votre peau en un seul geste\u00a0! Le fluide pour peaux s\u00e8ches et sensibles Sativa s\u2019applique comme un s\u00e9rum ou une cr\u00e8me hydratante.<\/p>\n<p>Int\u00e9gr\u00e9 dans votre routine beaut\u00e9, il restaure la barri\u00e8re cutan\u00e9e et renforce le film hydrolipidique de l\u2019\u00e9piderme.<\/p>\n<p>Une peau plus belle en un instant, c\u2019est possible ! Appliquez le Fluide Hydratant Apaisant et offrez-vous une seconde peau : plus douce, plus nette et d\u00e9barrass\u00e9e de ses imperfections.<\/p>\n<p>Commandez le Fluide Hydratant Apaisant d\u00e8s maintenant et hydratez votre peau en profondeur !<\/p>\n<hr \/>\n<h4><span style=\"color: #70ad47\">Conseils d\u2019utilisation\u00a0:<\/span><\/h4>\n<p><b>Comment appliquer le Fluide Hydratant Apaisant ?<\/b>Appliquez le fluide hydratant visage corps et mains matin et soir sur une peau propre et s\u00e8che.<\/p>\n<p>Pr\u00e9levez une petite quantit\u00e9 du fluide et appliquez-le sur votre peau. Massez pour faire p\u00e9n\u00e9trer le soin et activer les actifs r\u00e9parateurs. Renouvelez l\u2019application sur les zones les plus s\u00e8ches de l\u2019\u00e9piderme.<\/p>\n<p>Le fluide hydratant est tr\u00e8s rafra\u00eechissant. En plus de d\u00e9salt\u00e9rer la peau, il agit en profondeur pour am\u00e9liorer sa r\u00e9g\u00e9n\u00e9ration cellulaire.<\/p>\n<p><b>Sur quelles parties du corps l\u2019utiliser ?<\/b>Le Fluide Hydratant apaise et prot\u00e8ge la peau du visage, du corps et des mains. Vous pouvez l\u2019utiliser sur tout le corps et en particulier sur les parties les plus touch\u00e9es par la s\u00e9cheresse cutan\u00e9e.<\/p>\n<p>Appliquez r\u00e9guli\u00e8rement le fluide sur les zones irrit\u00e9es, qui d\u00e9mangent ou qui sont sujettes aux rougeurs. Ce soin de beaut\u00e9 anti-rougeurs et anti peaux s\u00e8ches est un alli\u00e9 de taille pour vous aider \u00e0 hydrater et restaurer votre peau.<\/p>\n<p>Le fluide hydratant matifiant lisse le grain de peau et corrige les imperfections cutan\u00e9es li\u00e9es \u00e0 la peau s\u00e8che.<\/p>\n<p><b>Pour quel type de peau ?<\/b>Le Fluide Hydratant Apaisant convient \u00e0 tous les types de peau, mais est recommand\u00e9 pour les :<\/p>\n<ul>\n<li>peaux s\u00e8ches \u00e0 tr\u00e8s s\u00e8ches<\/li>\n<li>peaux sensibles<\/li>\n<li>peaux ab\u00eem\u00e9es<\/li>\n<li>peaux agress\u00e9es<\/li>\n<li>peaux ternes<\/li>\n<li>peaux stress\u00e9es<\/li>\n<li>peaux fragiles<\/li>\n<li>peaux r\u00e9actives<\/li>\n<li>peaux matures<\/li>\n<li>peaux sujettes aux rougeurs et autres inconforts cutan\u00e9s<\/li>\n<li>peaux \u00e0 imperfections (acn\u00e9, points noirs, pores dilat\u00e9s, exc\u00e8s de s\u00e9bum, etc. )<\/li>\n<li>peaux allergiques<\/li>\n<li>peaux squameuses<\/li>\n<\/ul>\n","protected":false},"excerpt":{"rendered":"<div id=\"product-description-short-4246\" class=\"description-short\">\n<p>Fluide Hydratant Apaisant pour peau s\u00e8che : hydratation longue dur\u00e9e &amp;: effet matifiant<\/p>\n<\/div>\n<div class=\"product-additional-info\">\n<div id=\"loyalty\" class=\"align_justify reward_alert_message\"><\/div>\n<\/div>\n","protected":false},"featured_media":24461,"comment_status":"open","ping_status":"closed","template":"","meta":[],"product_cat":[20],"product_tag":[],"class_list":{"0":"post-17227","1":"product","2":"type-product","3":"status-publish","4":"has-post-thumbnail","6":"product_cat-accessories","8":"first","9":"instock","10":"shipping-taxable","11":"product-type-simple"},"jetpack_sharing_enabled":true,"_links":{"self":[{"href":"https:\/\/para-pharmacity.tn\/index.php?rest_route=\/wp\/v2\/product\/17227","targetHints":{"allow":["GET"]}}],"collection":[{"href":"https:\/\/para-pharmacity.tn\/index.php?rest_route=\/wp\/v2\/product"}],"about":[{"href":"https:\/\/para-pharmacity.tn\/index.php?rest_route=\/wp\/v2\/types\/product"}],"replies":[{"embeddable":true,"href":"https:\/\/para-pharmacity.tn\/index.php?rest_route=%2Fwp%2Fv2%2Fcomments&post=17227"}],"version-history":[{"count":2,"href":"https:\/\/para-pharmacity.tn\/index.php?rest_route=\/wp\/v2\/product\/17227\/revisions"}],"predecessor-version":[{"id":24460,"href":"https:\/\/para-pharmacity.tn\/index.php?rest_route=\/wp\/v2\/product\/17227\/revisions\/24460"}],"wp:featuredmedia":[{"embeddable":true,"href":"https:\/\/para-pharmacity.tn\/index.php?rest_route=\/wp\/v2\/media\/24461"}],"wp:attachment":[{"href":"https:\/\/para-pharmacity.tn\/index.php?rest_route=%2Fwp%2Fv2%2Fmedia&parent=17227"}],"wp:term":[{"taxonomy":"product_cat","embeddable":true,"href":"https:\/\/para-pharmacity.tn\/index.php?rest_route=%2Fwp%2Fv2%2Fproduct_cat&post=17227"},{"taxonomy":"product_tag","embeddable":true,"href":"https:\/\/para-pharmacity.tn\/index.php?rest_route=%2Fwp%2Fv2%2Fproduct_tag&post=17227"}],"curies":[{"name":"wp","href":"https:\/\/api.w.org\/{rel}","templated":true}]}}