{"id":17226,"date":"2024-07-10T23:01:53","date_gmt":"2024-07-10T23:01:53","guid":{"rendered":"https:\/\/para-pharmacity.tn\/?product=floxia-emultion-teintee-spf-50"},"modified":"2024-09-05T11:27:03","modified_gmt":"2024-09-05T11:27:03","slug":"floxia-emultion-teintee-spf-50","status":"publish","type":"product","link":"https:\/\/para-pharmacity.tn\/?product=floxia-emultion-teintee-spf-50","title":{"rendered":"FLOXIA EMULTION TEINTEE SPF 50"},"content":{"rendered":"<h3><span style=\"color: #ff0000\">FLOXIA \u00c9mulsion Teint\u00e9e Porcelaine SPF50 50ml<\/span><\/h3>\n<hr \/>\n<h4><span style=\"color: #70ad47\">Description\u00a0:<\/span><\/h4>\n<p>La cr\u00e8me solaire teint\u00e9e SPF50 est une\u00a0<strong>protection solaire<\/strong>\u00a0indispensable pour prot\u00e9ger sa peau. Avant chaque exposition au soleil, appliquez une petite quantit\u00e9 de ce<strong>\u00a0soin solaire<\/strong>. Il pr\u00e9vient le vieillissement cutan\u00e9 ainsi que la formation de taches brunes.<\/p>\n<p>Ce soin solaire teint\u00e9 :<\/p>\n<ul>\n<li><strong>prot\u00e8ge la peau des UVA et des UVB<\/strong><\/li>\n<li><strong>a une couvrance l\u00e9g\u00e8re qui unifie et illumine le teint<\/strong><\/li>\n<li><strong>est riche en actifs antioxydants qui combattent le vieillissement cutan\u00e9 (effet anti-\u00e2ge garanti)<\/strong><\/li>\n<li><strong>pr\u00e9vient l\u2019apparition des taches brunes<\/strong><\/li>\n<\/ul>\n<p>L\u2019\u00c9mulsion Teint\u00e9e poss\u00e8de des pigments de couleur. Son effet couvrant unifie le teint, camoufle les petites imperfections et hydrate la peau toute la journ\u00e9e. Plus qu\u2019une simple cr\u00e8me solaire, l\u2019\u00c9mulsion Teint\u00e9e est un vrai\u00a0<b>soin de beaut\u00e9<\/b>.<\/p>\n<p>La\u00a0<strong>cr\u00e8me solaire teint\u00e9e<\/strong>\u00a0pour le visage convient \u00e0 tous les types de peau. M\u00eame les peaux les plus fragiles, sensibles ou intol\u00e9rantes au soleil pourront l\u2019utiliser.<\/p>\n<p>Existe aussi en\u00a0cr\u00e8me solaire invisible SPF50, sans effet couvrant ni unifiant.\u00a0<i><\/i>Teinte Porcelaine. Convient aux peaux claires.<\/p>\n<p>R\u00e9sistante \u00e0 l\u2019eau. Garantie sans parfum, sans parab\u00e8ne et sans huile min\u00e9rale.<\/p>\n<hr \/>\n<h4><span style=\"color: #70ad47\">Conseils d\u2019utilisation\u00a0:<\/span><\/h4>\n<p><b>Comment appliquer l\u2019\u00c9mulsion Teint\u00e9e Porcelaine SPF50 ?<\/b><\/p>\n<p>Appliquez la cr\u00e8me teint\u00e9e avant toute exposition au soleil. Apr\u00e8s l\u2019application de vos soins du visage, pr\u00e9levez une petite quantit\u00e9 du soin solaire. R\u00e9partissez le produit sur l\u2019ensemble du visage et du cou. Utilisez vos doigts ou un pinceau \u00e0 maquillage pour unifier le teint.<\/p>\n<p>Renouvelez l\u2019application r\u00e9guli\u00e8rement et g\u00e9n\u00e9reusement pour rester prot\u00e9g\u00e9 toute la journ\u00e9e. Appliquez une autre couche de la cr\u00e8me solaire apr\u00e8s avoir nag\u00e9, transpir\u00e9 ou apr\u00e8s s\u2019\u00eatre essuy\u00e9 la peau.<\/p>\n<p>Cette \u00e9mulsion teint\u00e9e est particuli\u00e8rement conseill\u00e9e pour vos sorties en ext\u00e9rieur, en ville ou \u00e0 la plage. Utilisez-la pour vos sorties \u00e0 la montagne, en particulier l\u2019hiver quand il y a de la neige.<\/p>\n<p>La protection solaire teint\u00e9e camoufle les imperfections et n\u2019\u00e9touffe pas la peau. Elle convient aux peaux \u00e0 tendance acn\u00e9ique.<\/p>\n<p><b>Nos recommandations pour bien se prot\u00e9ger du soleil<\/b><\/p>\n<p>La cr\u00e8me teint\u00e9e SPF50 ne convient pas aux enfants de moins de 3 ans. N\u2019exposez jamais les b\u00e9b\u00e9s ainsi que les jeunes enfants directement au soleil. \u00c9vitez le contact de la cr\u00e8me avec les yeux ou la bouche.<\/p>\n<p>Pour bien se prot\u00e9ger du soleil, adoptez les bons gestes :<\/p>\n<p>Portez des lunettes de soleilNe vous exposez pas entre 12h et 16h Portez un T-shirt quand les rayons UV sont les plus intensesPortez un chapeau \u00e0 bord large pour prot\u00e9ger la t\u00eate, le visage et le cou Prot\u00e9gez la peau des enfants et des adolescents qui sont plus sensibles aux ultra-violets que les adultes<\/p>\n","protected":false},"excerpt":{"rendered":"<p>\u00c9cran Solaire La meilleure cr\u00e8me solaire teint\u00e9e \u00e0 haute protection pour prendre soin de sa peau toute l\u2019ann\u00e9e<\/p>\n","protected":false},"featured_media":24456,"comment_status":"open","ping_status":"closed","template":"","meta":[],"product_cat":[20],"product_tag":[],"class_list":{"0":"post-17226","1":"product","2":"type-product","3":"status-publish","4":"has-post-thumbnail","6":"product_cat-accessories","8":"first","9":"instock","10":"shipping-taxable","11":"product-type-simple"},"jetpack_sharing_enabled":true,"_links":{"self":[{"href":"https:\/\/para-pharmacity.tn\/index.php?rest_route=\/wp\/v2\/product\/17226","targetHints":{"allow":["GET"]}}],"collection":[{"href":"https:\/\/para-pharmacity.tn\/index.php?rest_route=\/wp\/v2\/product"}],"about":[{"href":"https:\/\/para-pharmacity.tn\/index.php?rest_route=\/wp\/v2\/types\/product"}],"replies":[{"embeddable":true,"href":"https:\/\/para-pharmacity.tn\/index.php?rest_route=%2Fwp%2Fv2%2Fcomments&post=17226"}],"version-history":[{"count":2,"href":"https:\/\/para-pharmacity.tn\/index.php?rest_route=\/wp\/v2\/product\/17226\/revisions"}],"predecessor-version":[{"id":24457,"href":"https:\/\/para-pharmacity.tn\/index.php?rest_route=\/wp\/v2\/product\/17226\/revisions\/24457"}],"wp:featuredmedia":[{"embeddable":true,"href":"https:\/\/para-pharmacity.tn\/index.php?rest_route=\/wp\/v2\/media\/24456"}],"wp:attachment":[{"href":"https:\/\/para-pharmacity.tn\/index.php?rest_route=%2Fwp%2Fv2%2Fmedia&parent=17226"}],"wp:term":[{"taxonomy":"product_cat","embeddable":true,"href":"https:\/\/para-pharmacity.tn\/index.php?rest_route=%2Fwp%2Fv2%2Fproduct_cat&post=17226"},{"taxonomy":"product_tag","embeddable":true,"href":"https:\/\/para-pharmacity.tn\/index.php?rest_route=%2Fwp%2Fv2%2Fproduct_tag&post=17226"}],"curies":[{"name":"wp","href":"https:\/\/api.w.org\/{rel}","templated":true}]}}