{"id":17224,"date":"2024-07-10T23:01:52","date_gmt":"2024-07-10T23:01:52","guid":{"rendered":"https:\/\/para-pharmacity.tn\/?product=floxia-emulsion-invisible-spf-50"},"modified":"2024-09-05T11:25:04","modified_gmt":"2024-09-05T11:25:04","slug":"floxia-emulsion-invisible-spf-50","status":"publish","type":"product","link":"https:\/\/para-pharmacity.tn\/?product=floxia-emulsion-invisible-spf-50","title":{"rendered":"FLOXIA EMULSION INVISIBLE SPF 50"},"content":{"rendered":"<h3><span style=\"color: #ff0000\">FLOXIA \u00c9mulsion Invisible SPF50 50ml<\/span><\/h3>\n<hr \/>\n<h4><span style=\"color: #70ad47\">Description\u00a0:<\/span><\/h4>\n<p>D\u00e9couvrez l\u2019\u00c9mulsion Invisible, la\u00a0<strong>meilleure cr\u00e8me solaire<\/strong>\u00a0pour prot\u00e9ger la peau du visage et du corps. Sa haute protection (SPF50) constitue un \u00e9cran solaire id\u00e9al pour barrer les effets n\u00e9fastes des UVA et UVB. La peau est r\u00e9par\u00e9e, prot\u00e9g\u00e9e et hydrat\u00e9e.<\/p>\n<p>La protection solaire \u00c9mulsion Invisible :<\/p>\n<ul>\n<li><strong>prot\u00e8ge la peau des rayons du soleil, m\u00eame les plus intenses<\/strong><\/li>\n<li><strong>ralentit le vieillissement cutan\u00e9<\/strong><\/li>\n<li><strong>est anti taches brunes<\/strong><\/li>\n<li><strong>ne laisse pas de traces blanches apr\u00e8s application<\/strong><\/li>\n<\/ul>\n<p>La cr\u00e8me solaire \u00c9mulsion Invisible est r\u00e9sistante \u00e0 l\u2019eau. Elle est garantie sans parab\u00e8ne, sans parfum et sans huile min\u00e9rale. Elle convient \u00e0 tous les types de peau, m\u00eame les plus sensibles.<\/p>\n<p>Enrichie en actifs\u00a0<strong>antioxydants, hydratants<\/strong>\u00a0et\u00a0<strong>r\u00e9parateurs,<\/strong>\u00a0la protection solaire Invisible SPF50 vous accompagne toute l\u2019ann\u00e9e, \u00e9t\u00e9 comme hiver. Sortez prot\u00e9g\u00e9 !<\/p>\n<p>Choisissez l\u2019\u00c9mulsion Invisible SPF50 pour conserver une belle peau ! Rayonnez de sant\u00e9 avec cette cr\u00e8me solaire invisible.<\/p>\n<hr \/>\n<h4><span style=\"color: #70ad47\">Conseils d\u2019utilisation\u00a0:<\/span><\/h4>\n<p><b>Comment appliquer la cr\u00e8me solaire \u00c9mulsion Invisible ?<\/b>Appliquez la cr\u00e8me solaire \u00c9mulsion Invisible SPF50 avant chaque exposition au soleil. Pr\u00e9levez une petite quantit\u00e9 de la protection solaire et \u00e9talez-la sur l\u2019ensemble du visage et du corps. Renouvelez r\u00e9guli\u00e8rement l\u2019application, en particulier apr\u00e8s avoir nag\u00e9, transpir\u00e9 ou s\u2019\u00eatre essuy\u00e9.<\/p>\n<p>Si vous utilisez ce soin solaire dans votre routine beaut\u00e9, appliquez-le apr\u00e8s vos soins du visage et avant votre maquillage. Appliquez la cr\u00e8me avec vos doigts. N\u2019oubliez pas de vous laver les mains avant de l\u2019utiliser.<\/p>\n<p><b>Recommandations<\/b>La cr\u00e8me solaire \u00c9mulsion Invisible spf 50 ne convient pas aux enfants de moins de 3 ans. N\u2019exposez pas les b\u00e9b\u00e9s ainsi que les jeunes enfants directement au soleil. \u00c9vitez le contact de la cr\u00e8me avec les yeux et la bouche.<\/p>\n<p>Pour vous prot\u00e9ger au maximum des rayons du soleil, suivez les recommandations suivantes :<\/p>\n<p>Prot\u00e9gez la peau du visage et du cou avec un chapeau aux bords largesMettez un T-shirt lorsque les rayons UV sont les plus intenses (entre 12h et 16h)Prot\u00e9gez vos yeux avec des lunettes de soleilUtilisez une cr\u00e8me solaire haute protection (spf 50) en \u00e9t\u00e9 ou lors d\u2019expositions prolong\u00e9es aux rayons solaires<b>Les produits indispensables pour l\u2019\u00e9t\u00e9<\/b>Prenez soin de votre peau ! Apr\u00e8s une exposition au soleil, soyez doux et apportez-lui toute l\u2019hydratation et la nutrition dont elle a besoin. En plus d\u2019une protection solaire adapt\u00e9e, ces produits sont essentiels pour conserver une belle peau tout l\u2019\u00e9t\u00e9.<\/p>\n<p>L\u2019Eau Micellaire Apaisante pour d\u00e9maquiller, nettoyer et soulager les peaux irrit\u00e9es, br\u00fbl\u00e9es et sensibles. La Cr\u00e8me R\u00e9g\u00e9n\u00e9ratrice Contr\u00f4le Rougeurs pour apaiser les irritations et les rougeurs des peaux r\u00e9actives. Le Fluide Hydratant Apaisant pour calmer les tiraillements, hydrater et prendre soin de la peau en profondeur. La Micro \u00c9mulsion Contr\u00f4le Taches et Teint pour att\u00e9nuer les taches brunes li\u00e9es \u00e0 l\u2019hyperpigmentation.<\/p>\n","protected":false},"excerpt":{"rendered":"<p>\u00c9cran Solaire L\u2019\u00c9mulsion Invisible SPF50 : la meilleure cr\u00e8me solaire haute protection pour le visage &amp;: le corps<\/p>\n","protected":false},"featured_media":24452,"comment_status":"open","ping_status":"closed","template":"","meta":[],"product_cat":[20],"product_tag":[],"class_list":{"0":"post-17224","1":"product","2":"type-product","3":"status-publish","4":"has-post-thumbnail","6":"product_cat-accessories","8":"first","9":"instock","10":"shipping-taxable","11":"product-type-simple"},"jetpack_sharing_enabled":true,"_links":{"self":[{"href":"https:\/\/para-pharmacity.tn\/index.php?rest_route=\/wp\/v2\/product\/17224","targetHints":{"allow":["GET"]}}],"collection":[{"href":"https:\/\/para-pharmacity.tn\/index.php?rest_route=\/wp\/v2\/product"}],"about":[{"href":"https:\/\/para-pharmacity.tn\/index.php?rest_route=\/wp\/v2\/types\/product"}],"replies":[{"embeddable":true,"href":"https:\/\/para-pharmacity.tn\/index.php?rest_route=%2Fwp%2Fv2%2Fcomments&post=17224"}],"version-history":[{"count":2,"href":"https:\/\/para-pharmacity.tn\/index.php?rest_route=\/wp\/v2\/product\/17224\/revisions"}],"predecessor-version":[{"id":24454,"href":"https:\/\/para-pharmacity.tn\/index.php?rest_route=\/wp\/v2\/product\/17224\/revisions\/24454"}],"wp:featuredmedia":[{"embeddable":true,"href":"https:\/\/para-pharmacity.tn\/index.php?rest_route=\/wp\/v2\/media\/24452"}],"wp:attachment":[{"href":"https:\/\/para-pharmacity.tn\/index.php?rest_route=%2Fwp%2Fv2%2Fmedia&parent=17224"}],"wp:term":[{"taxonomy":"product_cat","embeddable":true,"href":"https:\/\/para-pharmacity.tn\/index.php?rest_route=%2Fwp%2Fv2%2Fproduct_cat&post=17224"},{"taxonomy":"product_tag","embeddable":true,"href":"https:\/\/para-pharmacity.tn\/index.php?rest_route=%2Fwp%2Fv2%2Fproduct_tag&post=17224"}],"curies":[{"name":"wp","href":"https:\/\/api.w.org\/{rel}","templated":true}]}}