{"id":17222,"date":"2024-07-10T23:01:51","date_gmt":"2024-07-10T23:01:51","guid":{"rendered":"https:\/\/para-pharmacity.tn\/?product=floxia-creme-anti-rougeurs-40-ml"},"modified":"2024-09-05T11:05:32","modified_gmt":"2024-09-05T11:05:32","slug":"floxia-creme-anti-rougeurs-40-ml","status":"publish","type":"product","link":"https:\/\/para-pharmacity.tn\/?product=floxia-creme-anti-rougeurs-40-ml","title":{"rendered":"FLOXIA CREME ANTI ROUGEURS 40 ML"},"content":{"rendered":"<h4><strong><span class=\"label-tooltip\" title=\"\">Descriptio<\/span>n :<\/strong><\/h4>\n<p>Cr\u00e8me adapt\u00e9e aux peaux r\u00e9actives et sujettes aux rougeurs. Elle aide \u00e0 pr\u00e9venir les irritations et prot\u00e8ge l&rsquo;\u00e9piderme des agressions ext\u00e9rieures. Elle att\u00e9nue l&rsquo;apparence des petits vaisseaux sanguins. Votre peau est unifi\u00e9e et apais\u00e9e.<\/p>\n<p><strong>BiophytexTM :<\/strong>\u00a0Complexe synergique de plantes : anti irritant et anti couperose.<\/p>\n<p><strong>Rhamnosoft<\/strong>: Limite la propagation des r\u00e9actions inflammatoires.<\/p>\n<p><strong>Glycofilm :<\/strong>\u00a0Film protecteur qui permet de limiter les agressions ext\u00e9rieures de la peau, et notamment celles li\u00e9es aux U.V., \u00e0 la pollution et aux m\u00e9taux lourds ainsi qu&rsquo;\u00e0 l&rsquo;utilisation intensive de substances tensioactives (produits m\u00e9nagers, produits d&rsquo;hygi\u00e8ne).<\/p>\n<p><strong>Sodium PCA (Nalidone)<\/strong>\u00a0: Le r\u00f4le est d\u2019assurer, de restaurer et de maintenir un \u00e9tat d\u2019hydratation<\/p>\n<p><strong>D Panthenol<\/strong>\u00a0: Vitamine B5, hydratant longue dur\u00e9e aux propri\u00e9t\u00e9s apaisantes et anti inflammatoires.<\/p>\n<p><strong>Beurre de karit\u00e9 et glyc\u00e9rine :<\/strong>\u00a0Propri\u00e9t\u00e9s nourrissantes.<\/p>\n<p><strong>Conseils d\u2019utilisations :<\/strong><\/p>\n<p>Appliquer matin et soir sur une peau nettoy\u00e9e matin et soir pendant 3 mois minimum ou selon recommandation.<\/p>\n<p>Eviter le contact avec les yeux.<\/p>\n","protected":false},"excerpt":{"rendered":"<p><strong>Diminuer les rougeurs et prot\u00e9ger l&rsquo;\u00e9piderme des agressions ext\u00e9rieures.<\/strong><\/p>\n<ul>\n<li>Renforcer les capillaires sanguins<\/li>\n<li>Stimuler la microcirculation<\/li>\n<li>Inhiber la propagation des r\u00e9actions inflammatoires<\/li>\n<\/ul>\n","protected":false},"featured_media":24444,"comment_status":"open","ping_status":"closed","template":"","meta":[],"product_cat":[20],"product_tag":[],"class_list":{"0":"post-17222","1":"product","2":"type-product","3":"status-publish","4":"has-post-thumbnail","6":"product_cat-accessories","8":"first","9":"instock","10":"shipping-taxable","11":"product-type-simple"},"jetpack_sharing_enabled":true,"_links":{"self":[{"href":"https:\/\/para-pharmacity.tn\/index.php?rest_route=\/wp\/v2\/product\/17222","targetHints":{"allow":["GET"]}}],"collection":[{"href":"https:\/\/para-pharmacity.tn\/index.php?rest_route=\/wp\/v2\/product"}],"about":[{"href":"https:\/\/para-pharmacity.tn\/index.php?rest_route=\/wp\/v2\/types\/product"}],"replies":[{"embeddable":true,"href":"https:\/\/para-pharmacity.tn\/index.php?rest_route=%2Fwp%2Fv2%2Fcomments&post=17222"}],"version-history":[{"count":2,"href":"https:\/\/para-pharmacity.tn\/index.php?rest_route=\/wp\/v2\/product\/17222\/revisions"}],"predecessor-version":[{"id":24446,"href":"https:\/\/para-pharmacity.tn\/index.php?rest_route=\/wp\/v2\/product\/17222\/revisions\/24446"}],"wp:featuredmedia":[{"embeddable":true,"href":"https:\/\/para-pharmacity.tn\/index.php?rest_route=\/wp\/v2\/media\/24444"}],"wp:attachment":[{"href":"https:\/\/para-pharmacity.tn\/index.php?rest_route=%2Fwp%2Fv2%2Fmedia&parent=17222"}],"wp:term":[{"taxonomy":"product_cat","embeddable":true,"href":"https:\/\/para-pharmacity.tn\/index.php?rest_route=%2Fwp%2Fv2%2Fproduct_cat&post=17222"},{"taxonomy":"product_tag","embeddable":true,"href":"https:\/\/para-pharmacity.tn\/index.php?rest_route=%2Fwp%2Fv2%2Fproduct_tag&post=17222"}],"curies":[{"name":"wp","href":"https:\/\/api.w.org\/{rel}","templated":true}]}}