{"id":17221,"date":"2024-07-10T23:01:51","date_gmt":"2024-07-10T23:01:51","guid":{"rendered":"https:\/\/para-pharmacity.tn\/?product=floxia-compl-alimentaire-anti-chute"},"modified":"2024-09-05T11:01:20","modified_gmt":"2024-09-05T11:01:20","slug":"floxia-compl-alimentaire-anti-chute","status":"publish","type":"product","link":"https:\/\/para-pharmacity.tn\/?product=floxia-compl-alimentaire-anti-chute","title":{"rendered":"FLOXIA COMPL ALIMENTAIRE ANTI CHUTE"},"content":{"rendered":"<p><b>LOXIA Complement Alimentaire Cheveux et Ongles 42 comprimes<\/b><\/p>\n<p><b><br \/>\n<\/b>FLOXIA Complement Alimentaire repose sur une association d&rsquo;actifs qui se caract\u00e9risent par\u00a0leur r\u00f4le dans la croissance des phan\u00e8res.<\/p>\n<p>FLOXIA Complement Alimentaire\u00a0vous apporte chaque jour l&rsquo;ensemble des \u00e9l\u00e9ments n\u00e9cessaires \u00e0 la construction d&rsquo;une fibre capillaire forte et solide.<\/p>\n<p>Action stimulante et fortifante :<\/p>\n<ul>\n<li>Cystine &amp; M\u00e9thionine: Acides amin\u00e9s soufr\u00e9s purs<strong>.\u00a0<\/strong>Ils jouent le r\u00f4le essentiel dans la construction de la fibre capillaire en am\u00e9liorant\u00a0la solidit\u00e9 des cheveux,\u00a0la synth\u00e8se de k\u00e9ratine, et leur croissance.<\/li>\n<li>Cocktail de Vitamines B : B2, B5, B6, B8<\/li>\n<\/ul>\n<p>Action revitalisante :<\/p>\n<ul>\n<li>\u00a0Le zinc: intervient dans la r\u00e9gulation du s\u00e9bum et participe aussi\u00a0\u00e0 la synth\u00e8se des fibres de k\u00e9ratine.<\/li>\n<li>Silice qui est un\u00a0puissant antioxydant et cytostimulant du cuir chevelu et de l\u00b4appareil pilos\u00e9bac\u00e9.<\/li>\n<li>Ortie: naturellement riche en oligo-\u00e9l\u00e9ments,acides amin\u00e9s et min\u00e9raux, qui se pr\u00e9sente comme\u00a0un excellent tonique capillaire. Gr\u00e2ce \u00e0 sa composition en\u00a0fer, elle aide \u00e0 revitaliser les phan\u00e8res tout en leur apportant flexibilit\u00e9, souplesse et jeunesse.<\/li>\n<\/ul>\n<p><span style=\"color: #000000\"><u><strong>Conseils d&rsquo;utilisation:<\/strong><\/u><\/span><\/p>\n<ul>\n<li>Il est indiqu\u00e9 de prendre\u00a01\u00a0comprim\u00e9 de Floxia par jour, ou selon recommandations du m\u00e9decin.<\/li>\n<li>Une\u00a0cure de 3 mois est conseill\u00e9e.<\/li>\n<li><\/li>\n<li>Les p\u00e9riodes optimales pour commencer la cure sont :<\/li>\n<\/ul>\n<p>&nbsp;<\/p>\n<ul>\n<li>Durant les changements de saisons, principalement de l\u2019automne \u00e0 l\u2019hiver et du printemps \u00e0 l\u2019\u00e9t\u00e9 o\u00f9 vous avez s\u00fbrement d\u00fb observer une chute de vos cheveux plus importante que d\u2019habitude. Dans ce cas, il est pr\u00e9f\u00e9rable de pr\u00e9venir la chute des cheveux en entamant une cure de compl\u00e9ments alimentaires un mois avant chaque changement de saison ;<\/li>\n<li>Lors de chamboulements hormonaux ;<\/li>\n<li>En hiver\u00a0 ;<\/li>\n<li>Pendant des p\u00e9riodes de stress. Les compl\u00e9ments alimentaires peuvent aider \u00e0 diminuer la chute de cheveux ;<\/li>\n<li>Lorsque vous souffrez de diverses carences ce qui peut avoir un impact sur l\u2019\u00e9tat g\u00e9n\u00e9ral de votre chevelure<\/li>\n<li>Si vous souffrez de certaines maladies pouvait fragiliser les cheveux (par exemple le diab\u00e8te, le lupus ou que vous prenez des traitements agressifs) ;<\/li>\n<li>Apr\u00e8s une p\u00e9riode de fragilisation des cheveux due \u00e0 l\u2019utilisation d\u2019appareils chauffants, de produits chimiques (coloration, d\u00e9coloration\u2026)<\/li>\n<li>Ou encore lors du vieillissement naturel des cheveux, o\u00f9 leur densit\u00e9 diminue.<\/li>\n<\/ul>\n","protected":false},"excerpt":{"rendered":"<p>FLOXIA Compl\u00e9ment Alimentaire stimule la croissance des phan\u00e8res gr\u00e2ce \u00e0 sa formule enrichie en Cystine, M\u00e9thionine, vitamines B, zinc, silice, et ortie. Il renforce la fibre capillaire, am\u00e9liore la solidit\u00e9 des cheveux, r\u00e9gule le s\u00e9bum, et revitalise le cuir chevelu.<\/p>\n","protected":false},"featured_media":24440,"comment_status":"open","ping_status":"closed","template":"","meta":[],"product_cat":[20],"product_tag":[],"class_list":{"0":"post-17221","1":"product","2":"type-product","3":"status-publish","4":"has-post-thumbnail","6":"product_cat-accessories","8":"first","9":"instock","10":"shipping-taxable","11":"product-type-simple"},"jetpack_sharing_enabled":true,"_links":{"self":[{"href":"https:\/\/para-pharmacity.tn\/index.php?rest_route=\/wp\/v2\/product\/17221","targetHints":{"allow":["GET"]}}],"collection":[{"href":"https:\/\/para-pharmacity.tn\/index.php?rest_route=\/wp\/v2\/product"}],"about":[{"href":"https:\/\/para-pharmacity.tn\/index.php?rest_route=\/wp\/v2\/types\/product"}],"replies":[{"embeddable":true,"href":"https:\/\/para-pharmacity.tn\/index.php?rest_route=%2Fwp%2Fv2%2Fcomments&post=17221"}],"version-history":[{"count":2,"href":"https:\/\/para-pharmacity.tn\/index.php?rest_route=\/wp\/v2\/product\/17221\/revisions"}],"predecessor-version":[{"id":24442,"href":"https:\/\/para-pharmacity.tn\/index.php?rest_route=\/wp\/v2\/product\/17221\/revisions\/24442"}],"wp:featuredmedia":[{"embeddable":true,"href":"https:\/\/para-pharmacity.tn\/index.php?rest_route=\/wp\/v2\/media\/24440"}],"wp:attachment":[{"href":"https:\/\/para-pharmacity.tn\/index.php?rest_route=%2Fwp%2Fv2%2Fmedia&parent=17221"}],"wp:term":[{"taxonomy":"product_cat","embeddable":true,"href":"https:\/\/para-pharmacity.tn\/index.php?rest_route=%2Fwp%2Fv2%2Fproduct_cat&post=17221"},{"taxonomy":"product_tag","embeddable":true,"href":"https:\/\/para-pharmacity.tn\/index.php?rest_route=%2Fwp%2Fv2%2Fproduct_tag&post=17221"}],"curies":[{"name":"wp","href":"https:\/\/api.w.org\/{rel}","templated":true}]}}