{"id":17219,"date":"2024-07-10T23:01:50","date_gmt":"2024-07-10T23:01:50","guid":{"rendered":"https:\/\/para-pharmacity.tn\/?product=floxia-baume-nourrissant-250ml"},"modified":"2024-09-05T10:45:07","modified_gmt":"2024-09-05T10:45:07","slug":"floxia-baume-nourrissant-250ml","status":"publish","type":"product","link":"https:\/\/para-pharmacity.tn\/?product=floxia-baume-nourrissant-250ml","title":{"rendered":"FLOXIA BAUME NOURRISSANT 250ML"},"content":{"rendered":"<p>Baume Nourrissant\u00a0pour le corps\u00a0: nourrit, hydrate et r\u00e9pare les peaux s\u00e8ches et sensibles<\/p>\n<p>Le Baume Nourrissant pour le corps nourrit, hydrate et r\u00e9pare la peau en profondeur. Id\u00e9al pour restaurer les \u00e9pidermes secs et sensibles, il apaise imm\u00e9diatement les sensations de tiraillement. Le baume r\u00e9parateur soulage les irritations et att\u00e9nue les rougeurs.<\/p>\n<p>Ce baume apaisant pour peaux s\u00e8ches et sensibles\u00a0:<\/p>\n<ul>\n<li>nourrit en profondeur<\/li>\n<li>hydrate l\u2019\u00e9piderme d\u00e9shydrat\u00e9<\/li>\n<li>r\u00e9pare la barri\u00e8re cutan\u00e9e<\/li>\n<li>apaise les d\u00e9mangeaisons et les irritations des zones de s\u00e9cheresse<\/li>\n<li>att\u00e9nue les rougeurs<\/li>\n<\/ul>\n<p>Ce baume r\u00e9parateur apaisant est un v\u00e9ritable soin nourrissant du corps. En application biquotidienne, vous transformez votre peau.<\/p>\n<p>La formule du Baume Nourrissant est enrichie en\u00a0beurre de karit\u00e9. Cet actif v\u00e9g\u00e9tal indispensable pour r\u00e9parer les peaux s\u00e8ches fait des miracles. Il repulple et lisse le grain de peau, am\u00e9liore la cicatrisation et restaure le film hydrolipidique.<\/p>\n<p>Le corps est prot\u00e9g\u00e9, nourri et rayonnant de sant\u00e9\u00a0!<\/p>\n<p>Nourrissez votre peau en profondeur avec le\u00a0Baume Nourrissant\u00a0pour peaux s\u00e8ches et sensibles.<\/p>\n","protected":false},"excerpt":{"rendered":"<p>Ce baume apaisant pour peaux s\u00e8ches et sensibles\u00a0:<\/p>\n<ul>\n<li>nourrit en profondeur<\/li>\n<li>hydrate l\u2019\u00e9piderme d\u00e9shydrat\u00e9<\/li>\n<li>r\u00e9pare la barri\u00e8re cutan\u00e9e<\/li>\n<li>apaise les d\u00e9mangeaisons et les irritations des zones de s\u00e9cheresse<\/li>\n<li>att\u00e9nue les rougeurs<\/li>\n<\/ul>\n","protected":false},"featured_media":24430,"comment_status":"open","ping_status":"closed","template":"","meta":[],"product_cat":[20],"product_tag":[],"class_list":{"0":"post-17219","1":"product","2":"type-product","3":"status-publish","4":"has-post-thumbnail","6":"product_cat-accessories","8":"first","9":"instock","10":"shipping-taxable","11":"product-type-simple"},"jetpack_sharing_enabled":true,"_links":{"self":[{"href":"https:\/\/para-pharmacity.tn\/index.php?rest_route=\/wp\/v2\/product\/17219","targetHints":{"allow":["GET"]}}],"collection":[{"href":"https:\/\/para-pharmacity.tn\/index.php?rest_route=\/wp\/v2\/product"}],"about":[{"href":"https:\/\/para-pharmacity.tn\/index.php?rest_route=\/wp\/v2\/types\/product"}],"replies":[{"embeddable":true,"href":"https:\/\/para-pharmacity.tn\/index.php?rest_route=%2Fwp%2Fv2%2Fcomments&post=17219"}],"version-history":[{"count":2,"href":"https:\/\/para-pharmacity.tn\/index.php?rest_route=\/wp\/v2\/product\/17219\/revisions"}],"predecessor-version":[{"id":24432,"href":"https:\/\/para-pharmacity.tn\/index.php?rest_route=\/wp\/v2\/product\/17219\/revisions\/24432"}],"wp:featuredmedia":[{"embeddable":true,"href":"https:\/\/para-pharmacity.tn\/index.php?rest_route=\/wp\/v2\/media\/24430"}],"wp:attachment":[{"href":"https:\/\/para-pharmacity.tn\/index.php?rest_route=%2Fwp%2Fv2%2Fmedia&parent=17219"}],"wp:term":[{"taxonomy":"product_cat","embeddable":true,"href":"https:\/\/para-pharmacity.tn\/index.php?rest_route=%2Fwp%2Fv2%2Fproduct_cat&post=17219"},{"taxonomy":"product_tag","embeddable":true,"href":"https:\/\/para-pharmacity.tn\/index.php?rest_route=%2Fwp%2Fv2%2Fproduct_tag&post=17219"}],"curies":[{"name":"wp","href":"https:\/\/api.w.org\/{rel}","templated":true}]}}