{"id":17217,"date":"2024-07-10T23:01:50","date_gmt":"2024-07-10T23:01:50","guid":{"rendered":"https:\/\/para-pharmacity.tn\/?product=flower-tire-lait-en-verre"},"modified":"2024-09-05T10:34:58","modified_gmt":"2024-09-05T10:34:58","slug":"flower-tire-lait-en-verre","status":"publish","type":"product","link":"https:\/\/para-pharmacity.tn\/?product=flower-tire-lait-en-verre","title":{"rendered":"FLOWER TIRE LAIT EN VERRE"},"content":{"rendered":"<ul>\n<li>Le\u00a0<b>tire<\/b>&#8211;<b>lait<\/b>\u00a0permet aux m\u00e8res qui reprennent une activit\u00e9 de continuer \u00e0 allaiter, en tirant leur\u00a0<b>lait<\/b>\u00a0et en le remettant \u00e0 un assistant maternel ou au second parent qui le donnera \u00e0 l&rsquo;enfant en leur absence. &#8230;<\/li>\n<li>En cas d&rsquo;engorgement du sein, notamment en p\u00e9riode de sevrage,<\/li>\n<li>Fabriqu\u00e9 \u00e0 partir de silicone doux 100% alimentaire.<\/li>\n<li>Taille compacte s\u2019int\u00e8gre parfaitement dans n\u2019importe quel sac \u00e0 main ou sac b\u00e9b\u00e9.<\/li>\n<li>La base d\u2019aspiration arr\u00eate les d\u00e9versements accidentels.<\/li>\n<li>Flower Stopper pour contenir et conserver le lait maternel.<\/li>\n<li>Capacit\u00e9 de 100 ml ou 150 ml.<\/li>\n<li>Aucun cordon, piles ou assemblage requis. Facile \u00e0 utiliser et \u00e0 nettoyer.<\/li>\n<\/ul>\n","protected":false},"excerpt":{"rendered":"<p>Le tire-lait permet aux m\u00e8res qui reprennent une activit\u00e9 de continuer \u00e0 allaiter, en tirant leur lait et en le remettant \u00e0 un assistant maternel ou au second parent qui le donnera \u00e0 l enfant en leur absence<\/p>\n<div class=\"watch-action\">\n<div class=\"watch-position align-left\">\n<div class=\"action-like\"><\/div>\n<\/div>\n<\/div>\n","protected":false},"featured_media":24422,"comment_status":"open","ping_status":"closed","template":"","meta":[],"product_cat":[20],"product_tag":[],"class_list":{"0":"post-17217","1":"product","2":"type-product","3":"status-publish","4":"has-post-thumbnail","6":"product_cat-accessories","8":"first","9":"instock","10":"shipping-taxable","11":"product-type-simple"},"jetpack_sharing_enabled":true,"_links":{"self":[{"href":"https:\/\/para-pharmacity.tn\/index.php?rest_route=\/wp\/v2\/product\/17217","targetHints":{"allow":["GET"]}}],"collection":[{"href":"https:\/\/para-pharmacity.tn\/index.php?rest_route=\/wp\/v2\/product"}],"about":[{"href":"https:\/\/para-pharmacity.tn\/index.php?rest_route=\/wp\/v2\/types\/product"}],"replies":[{"embeddable":true,"href":"https:\/\/para-pharmacity.tn\/index.php?rest_route=%2Fwp%2Fv2%2Fcomments&post=17217"}],"version-history":[{"count":2,"href":"https:\/\/para-pharmacity.tn\/index.php?rest_route=\/wp\/v2\/product\/17217\/revisions"}],"predecessor-version":[{"id":24423,"href":"https:\/\/para-pharmacity.tn\/index.php?rest_route=\/wp\/v2\/product\/17217\/revisions\/24423"}],"wp:featuredmedia":[{"embeddable":true,"href":"https:\/\/para-pharmacity.tn\/index.php?rest_route=\/wp\/v2\/media\/24422"}],"wp:attachment":[{"href":"https:\/\/para-pharmacity.tn\/index.php?rest_route=%2Fwp%2Fv2%2Fmedia&parent=17217"}],"wp:term":[{"taxonomy":"product_cat","embeddable":true,"href":"https:\/\/para-pharmacity.tn\/index.php?rest_route=%2Fwp%2Fv2%2Fproduct_cat&post=17217"},{"taxonomy":"product_tag","embeddable":true,"href":"https:\/\/para-pharmacity.tn\/index.php?rest_route=%2Fwp%2Fv2%2Fproduct_tag&post=17217"}],"curies":[{"name":"wp","href":"https:\/\/api.w.org\/{rel}","templated":true}]}}