{"id":17213,"date":"2024-07-10T23:01:49","date_gmt":"2024-07-10T23:01:49","guid":{"rendered":"https:\/\/para-pharmacity.tn\/?product=flexa-vitamin-d3-1000-ui-30cp"},"modified":"2024-09-05T10:18:34","modified_gmt":"2024-09-05T10:18:34","slug":"flexa-vitamin-d3-1000-ui-30cp","status":"publish","type":"product","link":"https:\/\/para-pharmacity.tn\/?product=flexa-vitamin-d3-1000-ui-30cp","title":{"rendered":"FLEXA VITAMIN D3 1000 UI 30CP"},"content":{"rendered":"<p>FLEXAD 1000UI est un compl\u00e9ment alimentaire contenant de la vitamine D3 de haute qualit\u00e9 \u00ab forme bioactive \u00bb, sp\u00e9cialement formul\u00e9 comme protection nutritionnelle quotidienne pour les hommes et les femmes de tous les \u00e2ges. FLEXAD 1000UI est un moyen pratique de compl\u00e9ter le r\u00e9gime alimentaire avec de la vitamine D3, la forme pr\u00e9f\u00e9r\u00e9e de vitamine D produite naturellement par le corps. FLEXAD 1000UI contribue non seulement au maintien de la sant\u00e9 des os et des dents, mais est \u00e9galement connu pour son r\u00f4le dans le soutien du fonctionnement normal du syst\u00e8me immunitaire, de la division cellulaire et de la fonction musculaire.<\/p>\n","protected":false},"excerpt":{"rendered":"<p>FLEXAD 1000UI est un compl\u00e9ment alimentaire contenant de la vitamine D3\u00a0 \u00a0formul\u00e9 comme protection nutritionnelle\u00a0 pour les hommes et les femmes de tous les \u00e2ges.<\/p>\n","protected":false},"featured_media":24411,"comment_status":"open","ping_status":"closed","template":"","meta":[],"product_cat":[20],"product_tag":[],"class_list":{"0":"post-17213","1":"product","2":"type-product","3":"status-publish","4":"has-post-thumbnail","6":"product_cat-accessories","8":"first","9":"instock","10":"shipping-taxable","11":"product-type-simple"},"jetpack_sharing_enabled":true,"_links":{"self":[{"href":"https:\/\/para-pharmacity.tn\/index.php?rest_route=\/wp\/v2\/product\/17213","targetHints":{"allow":["GET"]}}],"collection":[{"href":"https:\/\/para-pharmacity.tn\/index.php?rest_route=\/wp\/v2\/product"}],"about":[{"href":"https:\/\/para-pharmacity.tn\/index.php?rest_route=\/wp\/v2\/types\/product"}],"replies":[{"embeddable":true,"href":"https:\/\/para-pharmacity.tn\/index.php?rest_route=%2Fwp%2Fv2%2Fcomments&post=17213"}],"version-history":[{"count":2,"href":"https:\/\/para-pharmacity.tn\/index.php?rest_route=\/wp\/v2\/product\/17213\/revisions"}],"predecessor-version":[{"id":24412,"href":"https:\/\/para-pharmacity.tn\/index.php?rest_route=\/wp\/v2\/product\/17213\/revisions\/24412"}],"wp:featuredmedia":[{"embeddable":true,"href":"https:\/\/para-pharmacity.tn\/index.php?rest_route=\/wp\/v2\/media\/24411"}],"wp:attachment":[{"href":"https:\/\/para-pharmacity.tn\/index.php?rest_route=%2Fwp%2Fv2%2Fmedia&parent=17213"}],"wp:term":[{"taxonomy":"product_cat","embeddable":true,"href":"https:\/\/para-pharmacity.tn\/index.php?rest_route=%2Fwp%2Fv2%2Fproduct_cat&post=17213"},{"taxonomy":"product_tag","embeddable":true,"href":"https:\/\/para-pharmacity.tn\/index.php?rest_route=%2Fwp%2Fv2%2Fproduct_tag&post=17213"}],"curies":[{"name":"wp","href":"https:\/\/api.w.org\/{rel}","templated":true}]}}