{"id":17211,"date":"2024-07-10T23:01:48","date_gmt":"2024-07-10T23:01:48","guid":{"rendered":"https:\/\/para-pharmacity.tn\/?product=flamixen-bt-10-gellules"},"modified":"2024-09-05T10:07:18","modified_gmt":"2024-09-05T10:07:18","slug":"flamixen-bt-10-gellules","status":"publish","type":"product","link":"https:\/\/para-pharmacity.tn\/?product=flamixen-bt-10-gellules","title":{"rendered":"FLAMIXEN BT 10 GELLULES"},"content":{"rendered":"<div class=\"wp-block-columns\">\n<div class=\"wp-block-column\">\n<p class=\"has-black-color has-text-color\">La solution \u00e0 base de Brom\u00e9la\u00efne est un traitement Anti-inflammatoire, Anti-\u0152d\u00e9mateux et Antalgique.<\/p>\n<h2><strong>FLAMIXEN<\/strong>\u00a0PEUT \u00caTRE UTILIS\u00c9 EN CAS DE :<\/h2>\n<\/div>\n<\/div>\n<ul class=\"has-black-color has-text-color\">\n<li>Traumatismes, plaies et br\u00fblures:\n<ul>\n<li>Post Episiotomie<\/li>\n<li>Plaies ouvertes et br\u00fblures<\/li>\n<li>Tissus mous et\u00a0 Entorses ligamentaires.<\/li>\n<\/ul>\n<\/li>\n<li>Rhumatologie (Arthrose du genou)<\/li>\n<li>Orthop\u00e9die (Fractures et Oed\u00e8mes postop\u00e9ratoires)<\/li>\n<li>Stomatologie (Post-extraction dentaire)<\/li>\n<li>post-op\u00e9ratoires<\/li>\n<li>ORL (Post Rhinoplastie et Sinusite)<\/li>\n<li>OPH &amp; Maxillo<\/li>\n<\/ul>\n","protected":false},"excerpt":{"rendered":"<p>La solution \u00e0 base de Brom\u00e9la\u00efne est un traitement Anti-inflammatoire, Anti-\u0152d\u00e9mateux et Antalgique.<\/p>\n","protected":false},"featured_media":24406,"comment_status":"open","ping_status":"closed","template":"","meta":[],"product_cat":[20],"product_tag":[],"class_list":{"0":"post-17211","1":"product","2":"type-product","3":"status-publish","4":"has-post-thumbnail","6":"product_cat-accessories","8":"first","9":"instock","10":"shipping-taxable","11":"product-type-simple"},"jetpack_sharing_enabled":true,"_links":{"self":[{"href":"https:\/\/para-pharmacity.tn\/index.php?rest_route=\/wp\/v2\/product\/17211","targetHints":{"allow":["GET"]}}],"collection":[{"href":"https:\/\/para-pharmacity.tn\/index.php?rest_route=\/wp\/v2\/product"}],"about":[{"href":"https:\/\/para-pharmacity.tn\/index.php?rest_route=\/wp\/v2\/types\/product"}],"replies":[{"embeddable":true,"href":"https:\/\/para-pharmacity.tn\/index.php?rest_route=%2Fwp%2Fv2%2Fcomments&post=17211"}],"version-history":[{"count":2,"href":"https:\/\/para-pharmacity.tn\/index.php?rest_route=\/wp\/v2\/product\/17211\/revisions"}],"predecessor-version":[{"id":24407,"href":"https:\/\/para-pharmacity.tn\/index.php?rest_route=\/wp\/v2\/product\/17211\/revisions\/24407"}],"wp:featuredmedia":[{"embeddable":true,"href":"https:\/\/para-pharmacity.tn\/index.php?rest_route=\/wp\/v2\/media\/24406"}],"wp:attachment":[{"href":"https:\/\/para-pharmacity.tn\/index.php?rest_route=%2Fwp%2Fv2%2Fmedia&parent=17211"}],"wp:term":[{"taxonomy":"product_cat","embeddable":true,"href":"https:\/\/para-pharmacity.tn\/index.php?rest_route=%2Fwp%2Fv2%2Fproduct_cat&post=17211"},{"taxonomy":"product_tag","embeddable":true,"href":"https:\/\/para-pharmacity.tn\/index.php?rest_route=%2Fwp%2Fv2%2Fproduct_tag&post=17211"}],"curies":[{"name":"wp","href":"https:\/\/api.w.org\/{rel}","templated":true}]}}