{"id":17210,"date":"2024-07-10T23:01:48","date_gmt":"2024-07-10T23:01:48","guid":{"rendered":"https:\/\/para-pharmacity.tn\/?product=flamilase-comp-b10"},"modified":"2024-09-05T10:03:49","modified_gmt":"2024-09-05T10:03:49","slug":"flamilase-comp-b10","status":"publish","type":"product","link":"https:\/\/para-pharmacity.tn\/?product=flamilase-comp-b10","title":{"rendered":"FLAMILASE COMP B10"},"content":{"rendered":"<p><strong>Flamilase\u00a0<\/strong>est un compl\u00e9ment alimentaire \u00e0 base de Brom\u00e9la\u00efne et de sureau qui aide \u00e0 g\u00e9rer les r\u00e9ponses inflammatoires de la sph\u00e8re ORL chez l\u2019<strong>adulte<\/strong>: gorge, nez et pharynx.<\/p>\n","protected":false},"excerpt":{"rendered":"<p style=\"font-weight: 400\">Maux de gorge &#8211; Inflammations &#8211; Oed\u00e8mes &#8211; Adulte<\/p>\n<p style=\"font-weight: 400\">Flamilase est un compl\u00e9ment alimentaire \u00e0 base de Brom\u00e9la\u00efne et de sureau qui aide \u00e0 g\u00e9rer les r\u00e9ponses inflammatoires de la sph\u00e8re ORL chez l\u2019adulte: gorge, nez et pharynx.<\/p>\n","protected":false},"featured_media":24403,"comment_status":"open","ping_status":"closed","template":"","meta":[],"product_cat":[20],"product_tag":[],"class_list":{"0":"post-17210","1":"product","2":"type-product","3":"status-publish","4":"has-post-thumbnail","6":"product_cat-accessories","8":"first","9":"instock","10":"shipping-taxable","11":"product-type-simple"},"jetpack_sharing_enabled":true,"_links":{"self":[{"href":"https:\/\/para-pharmacity.tn\/index.php?rest_route=\/wp\/v2\/product\/17210","targetHints":{"allow":["GET"]}}],"collection":[{"href":"https:\/\/para-pharmacity.tn\/index.php?rest_route=\/wp\/v2\/product"}],"about":[{"href":"https:\/\/para-pharmacity.tn\/index.php?rest_route=\/wp\/v2\/types\/product"}],"replies":[{"embeddable":true,"href":"https:\/\/para-pharmacity.tn\/index.php?rest_route=%2Fwp%2Fv2%2Fcomments&post=17210"}],"version-history":[{"count":2,"href":"https:\/\/para-pharmacity.tn\/index.php?rest_route=\/wp\/v2\/product\/17210\/revisions"}],"predecessor-version":[{"id":24404,"href":"https:\/\/para-pharmacity.tn\/index.php?rest_route=\/wp\/v2\/product\/17210\/revisions\/24404"}],"wp:featuredmedia":[{"embeddable":true,"href":"https:\/\/para-pharmacity.tn\/index.php?rest_route=\/wp\/v2\/media\/24403"}],"wp:attachment":[{"href":"https:\/\/para-pharmacity.tn\/index.php?rest_route=%2Fwp%2Fv2%2Fmedia&parent=17210"}],"wp:term":[{"taxonomy":"product_cat","embeddable":true,"href":"https:\/\/para-pharmacity.tn\/index.php?rest_route=%2Fwp%2Fv2%2Fproduct_cat&post=17210"},{"taxonomy":"product_tag","embeddable":true,"href":"https:\/\/para-pharmacity.tn\/index.php?rest_route=%2Fwp%2Fv2%2Fproduct_tag&post=17210"}],"curies":[{"name":"wp","href":"https:\/\/api.w.org\/{rel}","templated":true}]}}