{"id":17198,"date":"2024-07-10T23:01:44","date_gmt":"2024-07-10T23:01:44","guid":{"rendered":"https:\/\/para-pharmacity.tn\/?product=fixodent-original-47-g"},"modified":"2024-09-05T09:55:07","modified_gmt":"2024-09-05T09:55:07","slug":"fixodent-original-47-g","status":"publish","type":"product","link":"https:\/\/para-pharmacity.tn\/?product=fixodent-original-47-g","title":{"rendered":"FIXODENT ORIGINAL 47 G"},"content":{"rendered":"<div class=\"card__header\">\n<h2 class=\"card__title heading h3\">Description<\/h2>\n<\/div>\n<div class=\"card__section\">\n<div class=\"rte text--pull\">\n<p>La cr\u00e8me adh\u00e9sive pour proth\u00e8ses dentaires Fixodent est le produit id\u00e9al pour ceux qui ne veulent plus se pr\u00e9occuper de leur proth\u00e8se dentaire. Quoi que vous fassiez ou mangiez, vous saurez que votre proth\u00e8se dentaire est bien maintenue et reste confortablement en place. Fixodent conf\u00e8re une bonne tenue tout au long de la journ\u00e9e et offre un confort am\u00e9lior\u00e9 gr\u00e2ce au coussin cr\u00e9\u00e9 entre les gencives et les proth\u00e8ses. Elle permet \u00e9galement d\u2019\u00e9viter que les r\u00e9sidus alimentaires ne s\u2019infiltrent sous votre proth\u00e8se dentaire. Ainsi, vous pouvez simplement vous d\u00e9tendre et profiter au maximum de votre vie. D\u00e9couvrez-la d\u00e8s \u00e0 pr\u00e9sent avec le go\u00fbt Menthe Douce.<\/p>\n<p><strong>Ingr\u00e9dients :<\/strong><\/p>\n<div class=\"static-content-wrapper__StaticContentWrapper-sc-1dfgbbt-0 gasrgT\">Calcium\/Zinc PVM\/MA Copolymer (33%), Paraffinum Liquidum, Cellulose Gum (20%), Petrolatum, Silica, CI 14720, Aroma, Menthol, CI 16185, Limonene<\/div>\n<\/div>\n<\/div>\n","protected":false},"excerpt":{"rendered":"<p>Fixodent garantit une fixation durable et confortable des proth\u00e8ses dentaires, emp\u00eachant les r\u00e9sidus alimentaires de s&rsquo;infiltrer. Profitez de votre journ\u00e9e sans souci, avec la version Menthe Douce.<\/p>\n","protected":false},"featured_media":24400,"comment_status":"open","ping_status":"closed","template":"","meta":[],"product_cat":[20],"product_tag":[],"class_list":{"0":"post-17198","1":"product","2":"type-product","3":"status-publish","4":"has-post-thumbnail","6":"product_cat-accessories","8":"first","9":"instock","10":"shipping-taxable","11":"product-type-simple"},"jetpack_sharing_enabled":true,"_links":{"self":[{"href":"https:\/\/para-pharmacity.tn\/index.php?rest_route=\/wp\/v2\/product\/17198","targetHints":{"allow":["GET"]}}],"collection":[{"href":"https:\/\/para-pharmacity.tn\/index.php?rest_route=\/wp\/v2\/product"}],"about":[{"href":"https:\/\/para-pharmacity.tn\/index.php?rest_route=\/wp\/v2\/types\/product"}],"replies":[{"embeddable":true,"href":"https:\/\/para-pharmacity.tn\/index.php?rest_route=%2Fwp%2Fv2%2Fcomments&post=17198"}],"version-history":[{"count":2,"href":"https:\/\/para-pharmacity.tn\/index.php?rest_route=\/wp\/v2\/product\/17198\/revisions"}],"predecessor-version":[{"id":24401,"href":"https:\/\/para-pharmacity.tn\/index.php?rest_route=\/wp\/v2\/product\/17198\/revisions\/24401"}],"wp:featuredmedia":[{"embeddable":true,"href":"https:\/\/para-pharmacity.tn\/index.php?rest_route=\/wp\/v2\/media\/24400"}],"wp:attachment":[{"href":"https:\/\/para-pharmacity.tn\/index.php?rest_route=%2Fwp%2Fv2%2Fmedia&parent=17198"}],"wp:term":[{"taxonomy":"product_cat","embeddable":true,"href":"https:\/\/para-pharmacity.tn\/index.php?rest_route=%2Fwp%2Fv2%2Fproduct_cat&post=17198"},{"taxonomy":"product_tag","embeddable":true,"href":"https:\/\/para-pharmacity.tn\/index.php?rest_route=%2Fwp%2Fv2%2Fproduct_tag&post=17198"}],"curies":[{"name":"wp","href":"https:\/\/api.w.org\/{rel}","templated":true}]}}