{"id":17196,"date":"2024-07-10T23:01:44","date_gmt":"2024-07-10T23:01:44","guid":{"rendered":"https:\/\/para-pharmacity.tn\/?product=fixodent-neutre-47-g"},"modified":"2024-09-05T09:51:40","modified_gmt":"2024-09-05T09:51:40","slug":"fixodent-neutre-47-g","status":"publish","type":"product","link":"https:\/\/para-pharmacity.tn\/?product=fixodent-neutre-47-g","title":{"rendered":"FIXODENT NEUTRE 47 G"},"content":{"rendered":"<p>Colle pour dentier Fixodent go\u00fbt neutre, sp\u00e9cialement con\u00e7ue pour offrir un soin complet.<br \/>\n\u2022 Solution compl\u00e8te avec 3 avantages : tenue forte, confort am\u00e9lior\u00e9 et protection anti-particules.<br \/>\n\u2022 Tenue 10x plus forte par rapport \u00e0 un port sans adh\u00e9sif.<br \/>\n\u2022 Pour les dentiers partiels et complets.<br \/>\n\u2022 Pour des r\u00e9sultats encore meilleurs, veuillez consulter la gamme de cr\u00e8mes adh\u00e9sives pour proth\u00e8se dentaire Premium de Fixodent : La Meilleure Technologie Antibact\u00e9rienne et La Meilleure Technologie Anti-Particules.<\/p>\n","protected":false},"excerpt":{"rendered":"<p>Fixodent assure une fixation solide, pr\u00e9vient l\u2019infiltration des r\u00e9sidus alimentaires, et offre un confort optimal au quotidien.<\/p>\n","protected":false},"featured_media":24397,"comment_status":"open","ping_status":"closed","template":"","meta":[],"product_cat":[20],"product_tag":[],"class_list":{"0":"post-17196","1":"product","2":"type-product","3":"status-publish","4":"has-post-thumbnail","6":"product_cat-accessories","8":"first","9":"instock","10":"shipping-taxable","11":"product-type-simple"},"jetpack_sharing_enabled":true,"_links":{"self":[{"href":"https:\/\/para-pharmacity.tn\/index.php?rest_route=\/wp\/v2\/product\/17196","targetHints":{"allow":["GET"]}}],"collection":[{"href":"https:\/\/para-pharmacity.tn\/index.php?rest_route=\/wp\/v2\/product"}],"about":[{"href":"https:\/\/para-pharmacity.tn\/index.php?rest_route=\/wp\/v2\/types\/product"}],"replies":[{"embeddable":true,"href":"https:\/\/para-pharmacity.tn\/index.php?rest_route=%2Fwp%2Fv2%2Fcomments&post=17196"}],"version-history":[{"count":2,"href":"https:\/\/para-pharmacity.tn\/index.php?rest_route=\/wp\/v2\/product\/17196\/revisions"}],"predecessor-version":[{"id":24398,"href":"https:\/\/para-pharmacity.tn\/index.php?rest_route=\/wp\/v2\/product\/17196\/revisions\/24398"}],"wp:featuredmedia":[{"embeddable":true,"href":"https:\/\/para-pharmacity.tn\/index.php?rest_route=\/wp\/v2\/media\/24397"}],"wp:attachment":[{"href":"https:\/\/para-pharmacity.tn\/index.php?rest_route=%2Fwp%2Fv2%2Fmedia&parent=17196"}],"wp:term":[{"taxonomy":"product_cat","embeddable":true,"href":"https:\/\/para-pharmacity.tn\/index.php?rest_route=%2Fwp%2Fv2%2Fproduct_cat&post=17196"},{"taxonomy":"product_tag","embeddable":true,"href":"https:\/\/para-pharmacity.tn\/index.php?rest_route=%2Fwp%2Fv2%2Fproduct_tag&post=17196"}],"curies":[{"name":"wp","href":"https:\/\/api.w.org\/{rel}","templated":true}]}}