{"id":17181,"date":"2024-07-10T23:01:41","date_gmt":"2024-07-10T23:01:41","guid":{"rendered":"https:\/\/para-pharmacity.tn\/?product=filorga-uv-bronze-face-40-ml"},"modified":"2024-09-04T11:28:21","modified_gmt":"2024-09-04T11:28:21","slug":"filorga-uv-bronze-face-40-ml","status":"publish","type":"product","link":"https:\/\/para-pharmacity.tn\/?product=filorga-uv-bronze-face-40-ml","title":{"rendered":"FILORGA UV BRONZE FACE 40 ML"},"content":{"rendered":"<h3 class=\"title-brand text--bolder\"><span class=\"text-gray-darker\">Description<\/span><\/h3>\n<div>\n<p>UV-Bronze Visage SPF50 de Filorga, est un fluide solaire anti-rides + anti-t\u00e2ches.<\/p>\n<p>Un soin solaire qui place la peau sous tr\u00e8s haute protection et agit contre le vieillissement et les t\u00e2ches.<\/p>\n<p>Bouclier anti-age global\u00a0(photo-activated technology) :<br \/>\nUn puissant anti-oxydant agit sous les rayons du soleil pour mettre la peau sous haute protection UV + IR et ainsi r\u00e9duire les signes du vieillissement.<\/p>\n<p>Action anti-rides\u00a0:<br \/>\nCette formule enrichie en sulforaphane agit sur la formation des rides pour une peau plus lisse \u00e0 chaque exposition.<\/p>\n<p>Action anti-t\u00e2ches\u00a0:<br \/>\nUn soin enrichi en vitamine PP agit sur les taches pour une peau plus homog\u00e8ne et un bronzage plus uniforme.<\/p>\n<p>Texture fluide, non grasse, non collante.<\/p>\n<p>Fini mat.<\/p>\n<\/div>\n<h3 class=\"title-brand text--bolder\"><span class=\"text-gray-darker\">Utilisation<\/span><\/h3>\n<p>Bien agiter avant emploi.<\/p>\n<p>Appliquer le produit uniform\u00e9ment sur le visage avant l\u2019exposition solaire et renouveler fr\u00e9quemment, surtout apr\u00e8s le bain ou s\u2019\u00eatre essuy\u00e9.<\/p>\n<p>M\u00eame bien prot\u00e9g\u00e9, \u00e9viter l\u2019exposition solaire aux heures d\u2019ensoleillement maximum.<\/p>\n<p>Ne pas exposer les b\u00e9b\u00e9s et les jeunes enfants directement au soleil.<\/p>\n<p>L\u2019abus du soleil est dangereux.<\/p>\n","protected":false},"excerpt":{"rendered":"<p>UV-Bronze Visage SPF50 de Filorga, est un fluide solaire anti-rides + anti-t\u00e2ches.<\/p>\n<p>Un soin solaire qui place la peau sous tr\u00e8s haute protection et agit contre le vieillissement et les t\u00e2ches.<\/p>\n","protected":false},"featured_media":24364,"comment_status":"open","ping_status":"closed","template":"","meta":[],"product_cat":[20],"product_tag":[],"class_list":{"0":"post-17181","1":"product","2":"type-product","3":"status-publish","4":"has-post-thumbnail","6":"product_cat-accessories","8":"first","9":"instock","10":"shipping-taxable","11":"product-type-simple"},"jetpack_sharing_enabled":true,"_links":{"self":[{"href":"https:\/\/para-pharmacity.tn\/index.php?rest_route=\/wp\/v2\/product\/17181","targetHints":{"allow":["GET"]}}],"collection":[{"href":"https:\/\/para-pharmacity.tn\/index.php?rest_route=\/wp\/v2\/product"}],"about":[{"href":"https:\/\/para-pharmacity.tn\/index.php?rest_route=\/wp\/v2\/types\/product"}],"replies":[{"embeddable":true,"href":"https:\/\/para-pharmacity.tn\/index.php?rest_route=%2Fwp%2Fv2%2Fcomments&post=17181"}],"version-history":[{"count":2,"href":"https:\/\/para-pharmacity.tn\/index.php?rest_route=\/wp\/v2\/product\/17181\/revisions"}],"predecessor-version":[{"id":24368,"href":"https:\/\/para-pharmacity.tn\/index.php?rest_route=\/wp\/v2\/product\/17181\/revisions\/24368"}],"wp:featuredmedia":[{"embeddable":true,"href":"https:\/\/para-pharmacity.tn\/index.php?rest_route=\/wp\/v2\/media\/24364"}],"wp:attachment":[{"href":"https:\/\/para-pharmacity.tn\/index.php?rest_route=%2Fwp%2Fv2%2Fmedia&parent=17181"}],"wp:term":[{"taxonomy":"product_cat","embeddable":true,"href":"https:\/\/para-pharmacity.tn\/index.php?rest_route=%2Fwp%2Fv2%2Fproduct_cat&post=17181"},{"taxonomy":"product_tag","embeddable":true,"href":"https:\/\/para-pharmacity.tn\/index.php?rest_route=%2Fwp%2Fv2%2Fproduct_tag&post=17181"}],"curies":[{"name":"wp","href":"https:\/\/api.w.org\/{rel}","templated":true}]}}