{"id":17179,"date":"2024-07-10T23:01:41","date_gmt":"2024-07-10T23:01:41","guid":{"rendered":"https:\/\/para-pharmacity.tn\/?product=filorga-uv-bronze-body-150-ml"},"modified":"2024-09-04T11:15:08","modified_gmt":"2024-09-04T11:15:08","slug":"filorga-uv-bronze-body-150-ml","status":"publish","type":"product","link":"https:\/\/para-pharmacity.tn\/?product=filorga-uv-bronze-body-150-ml","title":{"rendered":"FILORGA UV BRONZE BODY 150 ML"},"content":{"rendered":"<p>Filorga UV-BRONZE Corps Spray Solaire Anti-\u00c2ge Nutri-R\u00e9g\u00e9n\u00e9rant SPF50+ 150 ml est un soin solaire pour le corps, qui offre une tr\u00e8s haute protection. Sa formule propose plusieurs actions : un bouclier anti-\u00e2ge global [photo-activated technology] : un puissant anti-oxydant qui agit sous les rayons du soleil pour mettre la peau sous haute protection UV + IR et permet ainsi de r\u00e9duire les signes du vieillissement cutan\u00e9, la r\u00e9g\u00e9n\u00e9ration fermet\u00e9 : un booster de collag\u00e8ne associ\u00e9 au duo acide hyaluronique + NCTF renforce l&rsquo;\u00e9lasticit\u00e9 cutan\u00e9e pour une peau plus tonique et plus ferme. la haute nutrition : l&rsquo;huile sublimatrice de noix de coco nourrit la peau en profondeur et laisse un fini satin\u00e9 et doux. CONSEIL D&rsquo;UTILISATION Bien agiter avant utilisation. Appliquer sur le corps avant exposition solaire et r\u00e9-appliquer fr\u00e9quemment, surtout apr\u00e8s le bain, ou s&rsquo;\u00eatre essuy\u00e9. Peut s&rsquo;appliquer sur les cheveux. L&rsquo;abus de soleil est dangereux. \u00c9viter le contour des yeux. Indication : Tr\u00e8s haute protection solaire pour les peaux matures, pour le corps.<\/p>\n","protected":false},"excerpt":{"rendered":"<p>Filorga UV-BRONZE Corps Spray Solaire Anti-\u00c2ge Nutri-R\u00e9g\u00e9n\u00e9rant SPF50+ 150 ml &#8211; Met la peau sous haute protection &#8211; Nourrit la peau en profondeur et laisse un fini satin\u00e9 et doux<\/p>\n","protected":false},"featured_media":24359,"comment_status":"open","ping_status":"closed","template":"","meta":[],"product_cat":[20],"product_tag":[],"class_list":{"0":"post-17179","1":"product","2":"type-product","3":"status-publish","4":"has-post-thumbnail","6":"product_cat-accessories","8":"first","9":"instock","10":"shipping-taxable","11":"product-type-simple"},"jetpack_sharing_enabled":true,"_links":{"self":[{"href":"https:\/\/para-pharmacity.tn\/index.php?rest_route=\/wp\/v2\/product\/17179","targetHints":{"allow":["GET"]}}],"collection":[{"href":"https:\/\/para-pharmacity.tn\/index.php?rest_route=\/wp\/v2\/product"}],"about":[{"href":"https:\/\/para-pharmacity.tn\/index.php?rest_route=\/wp\/v2\/types\/product"}],"replies":[{"embeddable":true,"href":"https:\/\/para-pharmacity.tn\/index.php?rest_route=%2Fwp%2Fv2%2Fcomments&post=17179"}],"version-history":[{"count":2,"href":"https:\/\/para-pharmacity.tn\/index.php?rest_route=\/wp\/v2\/product\/17179\/revisions"}],"predecessor-version":[{"id":24362,"href":"https:\/\/para-pharmacity.tn\/index.php?rest_route=\/wp\/v2\/product\/17179\/revisions\/24362"}],"wp:featuredmedia":[{"embeddable":true,"href":"https:\/\/para-pharmacity.tn\/index.php?rest_route=\/wp\/v2\/media\/24359"}],"wp:attachment":[{"href":"https:\/\/para-pharmacity.tn\/index.php?rest_route=%2Fwp%2Fv2%2Fmedia&parent=17179"}],"wp:term":[{"taxonomy":"product_cat","embeddable":true,"href":"https:\/\/para-pharmacity.tn\/index.php?rest_route=%2Fwp%2Fv2%2Fproduct_cat&post=17179"},{"taxonomy":"product_tag","embeddable":true,"href":"https:\/\/para-pharmacity.tn\/index.php?rest_route=%2Fwp%2Fv2%2Fproduct_tag&post=17179"}],"curies":[{"name":"wp","href":"https:\/\/api.w.org\/{rel}","templated":true}]}}