{"id":17175,"date":"2024-07-10T23:01:40","date_gmt":"2024-07-10T23:01:40","guid":{"rendered":"https:\/\/para-pharmacity.tn\/?product=filorga-trousse-nude0102-t-flash"},"modified":"2024-09-04T10:59:58","modified_gmt":"2024-09-04T10:59:58","slug":"filorga-trousse-nude0102-t-flash","status":"publish","type":"product","link":"https:\/\/para-pharmacity.tn\/?product=filorga-trousse-nude0102-t-flash","title":{"rendered":"FILORGA TROUSSE NUDE01+02 +T FLASH"},"content":{"rendered":"<h4><span style=\"color: #70ad47\">Description\u00a0:<\/span><\/h4>\n<p>FILORGA Coffret Nude 01+Time Flash+Nude 02 contient:-Flash nude 01 fluide:<\/p>\n<h4><span style=\"color: #70ad47\">Description\u00a0:<\/span><\/h4>\n<p>Action perfectrice flash [technologie adjustable-cover] :Des micro-pigments \u00ab skin-fusion\u00bb pour un effet peau z\u00e9ro d\u00e9faut imm\u00e9diat et une couvrance modulable, lumineuse et naturelle sans effet mati\u00e8re. Multi-correction durable [ lissage + \u00e9clat + uniformit\u00e9 ] :De l\u2019acide hyaluronique combin\u00e9 \u00e0 un actif v\u00e9g\u00e9tal pour lisser la peau. Un complexe uniformisant \u00e0 base d\u2019hexylresorcinol pour homog\u00e9n\u00e9iser la peau au fur et \u00e0 mesure des applications. Le + : une formule haute protection [UVA+UVB] int\u00e9grant de la niacinamide anti-pollutionR\u00e9sultats ? 96% des femmes voient leur qualit\u00e9 de peau am\u00e9lior\u00e9e avec Flash-Nude FluidTexture hydra-fluide respirante, non com\u00e9dog\u00e8ne. Fini peau nue<\/p>\n<hr \/>\n<h4><span style=\"color: #70ad47\">Conseils d\u2019utilisation\u00a0:<\/span><\/h4>\n<p>Agiter avant emploiAppliquer uniform\u00e9ment et en quantit\u00e9 suffisante, en soin quotidien apr\u00e8s la cr\u00e8me de jour sur l\u2019ensemble du visage, aux doigts ou \u00e0 l\u2019aide d\u2019un pinceau pour une couvrance l\u00e9g\u00e8re. R\u00e9appliquer le produit pour une couvrance plus soutenue. L\u2019abus du soleil est dangereux. -Time flash base active:<\/p>\n<hr \/>\n<h4><span style=\"color: #70ad47\">Description\u00a0:<\/span><\/h4>\n<p>Un soin double, lissant et flouteur, \u00e0 appliquer en derni\u00e8re \u00e9tape de soin ou en base de maquillage. Il s&rsquo;applique sur tout le visage ou sur une zone cibl\u00e9e pour lisser le grain de peau et les irr\u00e9gularit\u00e9s. Il peut m\u00eame se r\u00e9appliquer en cours de journ\u00e9e, par-dessus le maquillage, pour des retouches express. Sa texture fondante laisse un toucher doux et velout\u00e9. Instantan\u00e9ment, les traits sont lisses, le grain de peau affin\u00e9. Jour apr\u00e8s jour, une multi-correction des rides s&rsquo;op\u00e8re, le visage semble rajeuni. Instantan\u00e9ment, les traits sont liss\u00e9s, le grain de peau affin\u00e9. Jour apr\u00e8s jour, une multi-correction des rides s&rsquo;op\u00e8re, le visage semble rajeuni.<\/p>\n<hr \/>\n<h4><span style=\"color: #70ad47\">Conseils d\u2019utilisation\u00a0:<\/span><\/h4>\n<p>Appliquer apr\u00e8s vos soins quotidiens sur l&rsquo;ensemble du visage ou sur les zones concern\u00e9es. Excellente base de maquillage. Peut \u00e9galement s&rsquo;utiliser en retouche au cours de la journ\u00e9e pour une mise en beaut\u00e9 flash. -Flash nude 02 fluide:<\/p>\n<hr \/>\n<h4><span style=\"color: #70ad47\">Description\u00a0:<\/span><\/h4>\n<p>Action perfectrice flash [technologie adjustable-cover] :Des micro-pigments \u00ab skin-fusion\u00bb pour un effet peau z\u00e9ro d\u00e9faut imm\u00e9diat et une couvrance modulable, lumineuse et naturelle sans effet mati\u00e8re. Multi-correction durable [ lissage + \u00e9clat + uniformit\u00e9 ] :De l\u2019acide hyaluronique combin\u00e9 \u00e0 un actif v\u00e9g\u00e9tal pour lisser la peau. Un complexe uniformisant \u00e0 base d\u2019hexylresorcinol pour homog\u00e9n\u00e9iser la peau au fur et \u00e0 mesure des applications. Le + :une formule haute protection [UVA+UVB] int\u00e9grant de la niacinamide anti-pollutionR\u00e9sultats ? 96% des femmes voient leur qualit\u00e9 de peau am\u00e9lior\u00e9e avec Flash-Nude FluidTexture hydra-fluide respirante, non com\u00e9dog\u00e8ne. Fini peau nue<\/p>\n<hr \/>\n<h4><span style=\"color: #70ad47\">Conseils d\u2019utilisation\u00a0:<\/span><\/h4>\n<p>Agiter avant emploi. Appliquer uniform\u00e9ment et en quantit\u00e9 suffisante, en soin quotidien apr\u00e8s la cr\u00e8me de jour sur l\u2019ensemble du visage, aux doigts ou \u00e0 l\u2019aide d\u2019un pinceau pour une couvrance l\u00e9g\u00e8re. R\u00e9appliquer le produit pour une couvrance plus soutenue. L\u2019abus du soleil est dangereux.<\/p>\n","protected":false},"excerpt":{"rendered":"<p>FILORGA Coffret Nude 01+Time Flash+Nude 02 contient: -Flash nude 01 fluide, -Time flash base active, -Flash nude 02 fluide (Offert)<\/p>\n","protected":false},"featured_media":24354,"comment_status":"open","ping_status":"closed","template":"","meta":[],"product_cat":[20],"product_tag":[],"class_list":{"0":"post-17175","1":"product","2":"type-product","3":"status-publish","4":"has-post-thumbnail","6":"product_cat-accessories","8":"first","9":"instock","10":"shipping-taxable","11":"product-type-simple"},"jetpack_sharing_enabled":true,"_links":{"self":[{"href":"https:\/\/para-pharmacity.tn\/index.php?rest_route=\/wp\/v2\/product\/17175","targetHints":{"allow":["GET"]}}],"collection":[{"href":"https:\/\/para-pharmacity.tn\/index.php?rest_route=\/wp\/v2\/product"}],"about":[{"href":"https:\/\/para-pharmacity.tn\/index.php?rest_route=\/wp\/v2\/types\/product"}],"replies":[{"embeddable":true,"href":"https:\/\/para-pharmacity.tn\/index.php?rest_route=%2Fwp%2Fv2%2Fcomments&post=17175"}],"version-history":[{"count":2,"href":"https:\/\/para-pharmacity.tn\/index.php?rest_route=\/wp\/v2\/product\/17175\/revisions"}],"predecessor-version":[{"id":24353,"href":"https:\/\/para-pharmacity.tn\/index.php?rest_route=\/wp\/v2\/product\/17175\/revisions\/24353"}],"wp:featuredmedia":[{"embeddable":true,"href":"https:\/\/para-pharmacity.tn\/index.php?rest_route=\/wp\/v2\/media\/24354"}],"wp:attachment":[{"href":"https:\/\/para-pharmacity.tn\/index.php?rest_route=%2Fwp%2Fv2%2Fmedia&parent=17175"}],"wp:term":[{"taxonomy":"product_cat","embeddable":true,"href":"https:\/\/para-pharmacity.tn\/index.php?rest_route=%2Fwp%2Fv2%2Fproduct_cat&post=17175"},{"taxonomy":"product_tag","embeddable":true,"href":"https:\/\/para-pharmacity.tn\/index.php?rest_route=%2Fwp%2Fv2%2Fproduct_tag&post=17175"}],"curies":[{"name":"wp","href":"https:\/\/api.w.org\/{rel}","templated":true}]}}