{"id":17173,"date":"2024-07-10T23:01:40","date_gmt":"2024-07-10T23:01:40","guid":{"rendered":"https:\/\/para-pharmacity.tn\/?product=filorga-trousse-nude0102-p-expres"},"modified":"2024-09-04T10:51:16","modified_gmt":"2024-09-04T10:51:16","slug":"filorga-trousse-nude0102-p-expres","status":"publish","type":"product","link":"https:\/\/para-pharmacity.tn\/?product=filorga-trousse-nude0102-p-expres","title":{"rendered":"FILORGA TROUSSE NUDE01+02 +P EXPRES"},"content":{"rendered":"<h4><span style=\"color: #70ad47\">Description\u00a0:<\/span><\/h4>\n<p>FILORGA Coffret Nude 01+Pore Expresse+Nude 02 contient:<\/p>\n<p><b>-Flash nude 01 fluide:<\/b><\/p>\n<p>Action perfectrice flash [technologie adjustable-cover] :Des micro-pigments \u00ab skin-fusion\u00bb pour un effet peau z\u00e9ro d\u00e9faut imm\u00e9diat et une couvrance modulable, lumineuse et naturelle sans effet mati\u00e8re. Multi-correction durable [ lissage + \u00e9clat + uniformit\u00e9 ] :De l\u2019acide hyaluronique combin\u00e9 \u00e0 un actif v\u00e9g\u00e9tal pour lisser la peau. Un complexe uniformisant \u00e0 base d\u2019hexylresorcinol pour homog\u00e9n\u00e9iser la peau au fur et \u00e0 mesure des applications. Le + : une formule haute protection [UVA+UVB] int\u00e9grant de la niacinamide anti-pollutionR\u00e9sultats ? 96% des femmes voient leur qualit\u00e9 de peau am\u00e9lior\u00e9e avec Flash-Nude FluidTexture hydra-fluide respirante, non com\u00e9dog\u00e8ne. Fini peau nue<\/p>\n<p><b>-Pore expresse base regulatrice:<\/b><\/p>\n<p>Un concentr\u00e9 d&rsquo;actifs purifiants dans une base perfectrice double: express + durableAction perfectrice express [technologie mat &amp; blur] : Une texture respirante qui combine des s\u00e9bo-capteurs min\u00e9raux pour un effet matifiant flash, associ\u00e9s \u00e0 des flouteurs optiques pour un lissage imm\u00e9diat des pores et du grain de peau. Multi-correction durable [pores + matit\u00e9 + imperfections] :Une association de 4 actifs [bio-ferment astringent + s\u00e9bo-r\u00e9ducteur v\u00e9g\u00e9tal + niacinamide apaisante + booster de collag\u00e8ne] pour r\u00e9duire durablement pores, exc\u00e8s de s\u00e9bum, rougeurs diffuses et imperfections rebelles. Le + :Une protection urbaine [impuret\u00e9s + pollution] pour une peau nette tout au long de la journ\u00e9e Texture transparente, non grasse, non com\u00e9dog\u00e8ne, sans huile min\u00e9rale<\/p>\n<p><b>-Flash nude 02 fluide:<\/b><\/p>\n<p>Action perfectrice flash [technologie adjustable-cover] :Des micro-pigments \u00ab skin-fusion\u00bb pour un effet peau z\u00e9ro d\u00e9faut imm\u00e9diat et une couvrance modulable, lumineuse et naturelle sans effet mati\u00e8re. Multi-correction durable [ lissage + \u00e9clat + uniformit\u00e9 ] :De l\u2019acide hyaluronique combin\u00e9 \u00e0 un actif v\u00e9g\u00e9tal pour lisser la peau. Un complexe uniformisant \u00e0 base d\u2019hexylresorcinol pour homog\u00e9n\u00e9iser la peau au fur et \u00e0 mesure des applications. Le + :une formule haute protection [UVA+UVB] int\u00e9grant de la niacinamide anti-pollutionR\u00e9sultats ? 96% des femmes voient leur qualit\u00e9 de peau am\u00e9lior\u00e9e avec Flash-Nude FluidTexture hydra-fluide respirante, non com\u00e9dog\u00e8ne. Fini peau nue<\/p>\n<hr \/>\n<h4><span style=\"color: #70ad47\">Conseils d\u2019utilisation\u00a0:<\/span><\/h4>\n<p><b>-Flash nude 01 fluide:<\/b><\/p>\n<p>Agiter avant emploi<\/p>\n<p>Appliquer uniform\u00e9ment et en quantit\u00e9 suffisante, en soin quotidien apr\u00e8s la cr\u00e8me de jour sur l\u2019ensemble du visage, aux doigts ou \u00e0 l\u2019aide d\u2019un pinceau pour une couvrance l\u00e9g\u00e8re.<\/p>\n<p>R\u00e9appliquer le produit pour une couvrance plus soutenue.<\/p>\n<p>L\u2019abus du soleil est dangereux.<\/p>\n<p><b>-Pore expresse base regulatrice:<\/b><\/p>\n<p>Appliquer apr\u00e8s les soins quotidiens sur l\u2019ensemble du visage ou sur les zones concern\u00e9es. Excellente base de maquillage. Peut \u00e9galement s\u2019utiliser en retouche au cours de la journ\u00e9e pour une mise en beaut\u00e9 flash.<\/p>\n<p><b>-Flash nude 02 fluide:<\/b><\/p>\n<p>Agiter avant emploi. Appliquer uniform\u00e9ment et en quantit\u00e9 suffisante, en soin quotidien apr\u00e8s la cr\u00e8me de jour sur l\u2019ensemble du visage, aux doigts ou \u00e0 l\u2019aide d\u2019un pinceau pour une couvrance l\u00e9g\u00e8re. R\u00e9appliquer le produit pour une couvrance plus soutenue. L\u2019abus du soleil est dangereux.<\/p>\n","protected":false},"excerpt":{"rendered":"<div class=\"woocommerce-product-details__short-description\">\n<p>FILORGA Coffret\u00a0 contient:<\/p>\n<p>-Flash nude 01 fluide<\/p>\n<p>-Time flash base active<\/p>\n<p>-Flash nude 02 fluide (Offert)<\/p>\n<\/div>\n","protected":false},"featured_media":24351,"comment_status":"open","ping_status":"closed","template":"","meta":[],"product_cat":[20],"product_tag":[],"class_list":{"0":"post-17173","1":"product","2":"type-product","3":"status-publish","4":"has-post-thumbnail","6":"product_cat-accessories","8":"first","9":"instock","10":"shipping-taxable","11":"product-type-simple"},"jetpack_sharing_enabled":true,"_links":{"self":[{"href":"https:\/\/para-pharmacity.tn\/index.php?rest_route=\/wp\/v2\/product\/17173","targetHints":{"allow":["GET"]}}],"collection":[{"href":"https:\/\/para-pharmacity.tn\/index.php?rest_route=\/wp\/v2\/product"}],"about":[{"href":"https:\/\/para-pharmacity.tn\/index.php?rest_route=\/wp\/v2\/types\/product"}],"replies":[{"embeddable":true,"href":"https:\/\/para-pharmacity.tn\/index.php?rest_route=%2Fwp%2Fv2%2Fcomments&post=17173"}],"version-history":[{"count":2,"href":"https:\/\/para-pharmacity.tn\/index.php?rest_route=\/wp\/v2\/product\/17173\/revisions"}],"predecessor-version":[{"id":24352,"href":"https:\/\/para-pharmacity.tn\/index.php?rest_route=\/wp\/v2\/product\/17173\/revisions\/24352"}],"wp:featuredmedia":[{"embeddable":true,"href":"https:\/\/para-pharmacity.tn\/index.php?rest_route=\/wp\/v2\/media\/24351"}],"wp:attachment":[{"href":"https:\/\/para-pharmacity.tn\/index.php?rest_route=%2Fwp%2Fv2%2Fmedia&parent=17173"}],"wp:term":[{"taxonomy":"product_cat","embeddable":true,"href":"https:\/\/para-pharmacity.tn\/index.php?rest_route=%2Fwp%2Fv2%2Fproduct_cat&post=17173"},{"taxonomy":"product_tag","embeddable":true,"href":"https:\/\/para-pharmacity.tn\/index.php?rest_route=%2Fwp%2Fv2%2Fproduct_tag&post=17173"}],"curies":[{"name":"wp","href":"https:\/\/api.w.org\/{rel}","templated":true}]}}