{"id":17169,"date":"2024-07-10T23:01:39","date_gmt":"2024-07-10T23:01:39","guid":{"rendered":"https:\/\/para-pharmacity.tn\/?product=filorga-trousse-nude-01-flash-pow"},"modified":"2024-09-04T10:09:30","modified_gmt":"2024-09-04T10:09:30","slug":"filorga-trousse-nude-01-flash-pow","status":"publish","type":"product","link":"https:\/\/para-pharmacity.tn\/?product=filorga-trousse-nude-01-flash-pow","title":{"rendered":"FILORGA TROUSSE NUDE 01 + FLASH POW"},"content":{"rendered":"<h1>FILORGA TROUSSE NUDE 01 + FLASH POW<\/h1>\n<p>ce coffret contient:<\/p>\n<h4>FILORGA FLASH NUDE BEIGE 01 FLUIDE 30 ML:<\/h4>\n<p><strong>C&rsquo;<\/strong>\u00a0est un fond de teint pro-perfection pour une peau z\u00e9ro d\u00e9faut.<\/p>\n<p>Il assure une action perfectrice flash gr\u00e2ce \u00e0 la technologie adjustable-cover.<\/p>\n<p>Des micropigments \u00ab\u00a0skin-fusion\u00a0\u00bb procurent un effet peau z\u00e9ro d\u00e9faut imm\u00e9diat et une couvrance modulable, lumineuse et naturelle sans effet mati\u00e8re.<\/p>\n<p>De l\u2019acide hyaluronique combin\u00e9 \u00e0 un actif v\u00e9g\u00e9tal aide \u00e0 lisser la peau.<\/p>\n<p>Un complexe uniformisant \u00e0 base d\u2019hexylresorcinol homog\u00e9n\u00e9ise le teint au fur et \u00e0 mesure des applications.<\/p>\n<p>FILORGA\u00a0Flash-Nude [Fluid] Beige 01 offre une haute protection anti-UVA\/UVB, gr\u00e2ce \u00e0 la niacinamide antipollution.<\/p>\n<p>&nbsp;<\/p>\n<h4 class=\"h1 productpage_title\">FILORGA FLASH NUDE POWDER PRO PERFECTION POUDRE INVISIBLE :<\/h4>\n<p>Poudre soyeuse au fini imperceptible pour tous types de peaux et toutes carnations<\/p>\n<p>Action perfectrice flash [technologie perfect-blur*] :<br \/>\nUne poudre qui fond sur la peau en transparence pour flouter les irr\u00e9gularit\u00e9s, unifier le teint et matifier la peau en un flash. De l\u2019acide hyaluronique hydratant pour un fini non-dess\u00e9chant.<\/p>\n<p>Multi-correction durable [lissage \u2013 uniformit\u00e9 -\u00e9clat] :<br \/>\nUn actif marin r\u00e9g\u00e9n\u00e9rant pour parfaire la peau jour apr\u00e8s jour : grain de peau liss\u00e9, pores resserr\u00e9s, teint plus lumineux et homog\u00e8ne.<\/p>\n<p>Le + :<br \/>\nune protection cutan\u00e9e urbaine [Lumi\u00e8re bleue + infra-rouges + pollution ] quotidienne<\/p>\n","protected":false},"excerpt":{"rendered":"<p><strong>FILORGA FLASH NUDE BEIGE 01 FLUIDE 30 ML:<\/strong><\/p>\n<p>Fond de teint pro-perfection pour une peau z\u00e9ro d\u00e9faut. Couvrance modulable, fini naturel, et protection anti-UVA\/UVB.<\/p>\n<p class=\"h1 productpage_title\"><strong>FILORGA FLASH NUDE POWDER PRO PERFECTION POUDRE INVISIBLE :<\/strong><\/p>\n<p>Poudre invisible pro-perfection pour un teint unifi\u00e9 et une peau lisse. Efface les imperfections et prot\u00e8ge contre la pollution.<\/p>\n","protected":false},"featured_media":24341,"comment_status":"open","ping_status":"closed","template":"","meta":[],"product_cat":[20],"product_tag":[],"class_list":{"0":"post-17169","1":"product","2":"type-product","3":"status-publish","4":"has-post-thumbnail","6":"product_cat-accessories","8":"first","9":"instock","10":"shipping-taxable","11":"product-type-simple"},"jetpack_sharing_enabled":true,"_links":{"self":[{"href":"https:\/\/para-pharmacity.tn\/index.php?rest_route=\/wp\/v2\/product\/17169","targetHints":{"allow":["GET"]}}],"collection":[{"href":"https:\/\/para-pharmacity.tn\/index.php?rest_route=\/wp\/v2\/product"}],"about":[{"href":"https:\/\/para-pharmacity.tn\/index.php?rest_route=\/wp\/v2\/types\/product"}],"replies":[{"embeddable":true,"href":"https:\/\/para-pharmacity.tn\/index.php?rest_route=%2Fwp%2Fv2%2Fcomments&post=17169"}],"version-history":[{"count":2,"href":"https:\/\/para-pharmacity.tn\/index.php?rest_route=\/wp\/v2\/product\/17169\/revisions"}],"predecessor-version":[{"id":24344,"href":"https:\/\/para-pharmacity.tn\/index.php?rest_route=\/wp\/v2\/product\/17169\/revisions\/24344"}],"wp:featuredmedia":[{"embeddable":true,"href":"https:\/\/para-pharmacity.tn\/index.php?rest_route=\/wp\/v2\/media\/24341"}],"wp:attachment":[{"href":"https:\/\/para-pharmacity.tn\/index.php?rest_route=%2Fwp%2Fv2%2Fmedia&parent=17169"}],"wp:term":[{"taxonomy":"product_cat","embeddable":true,"href":"https:\/\/para-pharmacity.tn\/index.php?rest_route=%2Fwp%2Fv2%2Fproduct_cat&post=17169"},{"taxonomy":"product_tag","embeddable":true,"href":"https:\/\/para-pharmacity.tn\/index.php?rest_route=%2Fwp%2Fv2%2Fproduct_tag&post=17169"}],"curies":[{"name":"wp","href":"https:\/\/api.w.org\/{rel}","templated":true}]}}