{"id":17168,"date":"2024-07-10T23:01:39","date_gmt":"2024-07-10T23:01:39","guid":{"rendered":"https:\/\/para-pharmacity.tn\/?product=filorga-trousse-flash-powder"},"modified":"2024-09-04T10:03:52","modified_gmt":"2024-09-04T10:03:52","slug":"filorga-trousse-flash-powder","status":"publish","type":"product","link":"https:\/\/para-pharmacity.tn\/?product=filorga-trousse-flash-powder","title":{"rendered":"FILORGA TROUSSE FLASH POWDER"},"content":{"rendered":"<p>Trousse Filorga Make Up Actif Flash Flash Nude02 contient :<\/p>\n<p>1- FILORGA FLASH-NUDE FLUID TEINT PRO PERFECTION SPF30 (02 GOLDEN) 30ML Action perfectrice flash [technologie adjustable-cover] Multi-correction durable [ lissage + \u00e9clat + uniformit\u00e9 ]<\/p>\n<p>2- FILORGA PORE-EXPRESS BASE REGULATRICE 30ML Action perfectrice express [technologie mat &amp; blur] Multi-correction durable [pores + matit\u00e9 + imperfections]<\/p>\n<p>3- FILORGA FLASH NUDE POWDER PRO PERFECTION POUDRE INVISIBLE : Offert Une poudre qui fond sur la peau en transparence pour flouter les irr\u00e9gularit\u00e9s, unifier le teint et matifier la peau en un flash. De l\u2019acide hyaluronique hydratant pour un fini non-dess\u00e9chant.<\/p>\n<p>4- Pinceau Filorga : Offert En cadeau, recevez un pinceau Filorga, id\u00e9al pour appliquer la poudre invisible Pro-Perfection Effet Peau Nue Flash-Nude. Produits Similaires<\/p>\n","protected":false},"excerpt":{"rendered":"<p>Un kit de beaut\u00e9 effet peau nue z\u00e9ro d\u00e9faut contient :<\/p>\n<p>1- FILORGA FLASH-NUDE FLUID TEINT PRO PERFECTION SPF30 (02 GOLDEN) 30ML<\/p>\n<p>2- FILORGA PORE-EXPRESS BASE REGULATRICE 30ML<\/p>\n<p>3- FILORGA FLASH NUDE POWDER PRO PERFECTION POUDRE INVISIBLE : Offert<\/p>\n<p>4- Pinceau Filorga : Offert<\/p>\n","protected":false},"featured_media":24338,"comment_status":"open","ping_status":"closed","template":"","meta":[],"product_cat":[20],"product_tag":[],"class_list":{"0":"post-17168","1":"product","2":"type-product","3":"status-publish","4":"has-post-thumbnail","6":"product_cat-accessories","8":"first","9":"instock","10":"shipping-taxable","11":"product-type-simple"},"jetpack_sharing_enabled":true,"_links":{"self":[{"href":"https:\/\/para-pharmacity.tn\/index.php?rest_route=\/wp\/v2\/product\/17168","targetHints":{"allow":["GET"]}}],"collection":[{"href":"https:\/\/para-pharmacity.tn\/index.php?rest_route=\/wp\/v2\/product"}],"about":[{"href":"https:\/\/para-pharmacity.tn\/index.php?rest_route=\/wp\/v2\/types\/product"}],"replies":[{"embeddable":true,"href":"https:\/\/para-pharmacity.tn\/index.php?rest_route=%2Fwp%2Fv2%2Fcomments&post=17168"}],"version-history":[{"count":2,"href":"https:\/\/para-pharmacity.tn\/index.php?rest_route=\/wp\/v2\/product\/17168\/revisions"}],"predecessor-version":[{"id":24337,"href":"https:\/\/para-pharmacity.tn\/index.php?rest_route=\/wp\/v2\/product\/17168\/revisions\/24337"}],"wp:featuredmedia":[{"embeddable":true,"href":"https:\/\/para-pharmacity.tn\/index.php?rest_route=\/wp\/v2\/media\/24338"}],"wp:attachment":[{"href":"https:\/\/para-pharmacity.tn\/index.php?rest_route=%2Fwp%2Fv2%2Fmedia&parent=17168"}],"wp:term":[{"taxonomy":"product_cat","embeddable":true,"href":"https:\/\/para-pharmacity.tn\/index.php?rest_route=%2Fwp%2Fv2%2Fproduct_cat&post=17168"},{"taxonomy":"product_tag","embeddable":true,"href":"https:\/\/para-pharmacity.tn\/index.php?rest_route=%2Fwp%2Fv2%2Fproduct_tag&post=17168"}],"curies":[{"name":"wp","href":"https:\/\/api.w.org\/{rel}","templated":true}]}}