{"id":17167,"date":"2024-07-10T23:01:38","date_gmt":"2024-07-10T23:01:38","guid":{"rendered":"https:\/\/para-pharmacity.tn\/?product=filorga-time-zero-serum-mul-corr"},"modified":"2024-09-03T15:11:49","modified_gmt":"2024-09-03T15:11:49","slug":"filorga-time-zero-serum-mul-corr","status":"publish","type":"product","link":"https:\/\/para-pharmacity.tn\/?product=filorga-time-zero-serum-mul-corr","title":{"rendered":"FILORGA TIME-ZERO SERUM MUL CORR"},"content":{"rendered":"<p><strong>Le S\u00e9rum Multi-Correction Rides de la gamme TIME-ZERO<\/strong><strong>\u00ae des laboratoires FILORGA<\/strong>\u00a0est un soin anti-\u00e2ge qui agit sur tous les types de rides pour les r\u00e9duire de fa\u00e7on visible.<\/p>\n<p>Avec une double formule qui associe un concentr\u00e9 z\u00e9ro rides avec un gel lift intense, il contient diff\u00e9rents actifs qui permettent de diminuer :<\/p>\n<p>1.\u00a0<strong>les rides profondes<\/strong>\u00a0avec une correction filler-like, gr\u00e2ce \u00e0 un trio d&rsquo;actifs compos\u00e9 d&rsquo;acide hyaluronique qui repulpe visiblement les rides marqu\u00e9es.<\/p>\n<p>2.\u00a0<strong>les rides de fatigue<\/strong>\u00a0avec une correction m\u00e9soth\u00e9rapie-like, et un duo de matrikines m\u00e9lang\u00e9 au NCTF\u00ae pour tonifuer les tissus et d\u00e9froisser les traits.<\/p>\n<p>3.\u00a0<strong>les rides de contraction<\/strong>\u00a0avec une correction botox like, gr\u00e2ce au dio tripeptide-hexapeptide qui module la transmission neuronale et d\u00e9crispe les traits sans figer les expressions.<\/p>\n<p>4.\u00a0<strong>les rides de surface<\/strong>\u00a0avec la correction peeling-like, permise gr\u00e2ce \u00e0 la gluconolactone associ\u00e9e \u00e0 un actif exfoliant pour resurfacer la peau et lisser le micro-relief.<\/p>\n<p>Il corrige les rides quotidiennement pour un visage qui para\u00eet visiblement plus jeune.<\/p>\n","protected":false},"excerpt":{"rendered":"<p>S\u00e9rum multi-correction rides (concentr\u00e9 z\u00e9ro rides + gel lift intense) r\u00e9duit visiblement tous les types de rides<\/p>\n","protected":false},"featured_media":24329,"comment_status":"open","ping_status":"closed","template":"","meta":[],"product_cat":[20],"product_tag":[],"class_list":{"0":"post-17167","1":"product","2":"type-product","3":"status-publish","4":"has-post-thumbnail","6":"product_cat-accessories","8":"first","9":"instock","10":"shipping-taxable","11":"product-type-simple"},"jetpack_sharing_enabled":true,"_links":{"self":[{"href":"https:\/\/para-pharmacity.tn\/index.php?rest_route=\/wp\/v2\/product\/17167","targetHints":{"allow":["GET"]}}],"collection":[{"href":"https:\/\/para-pharmacity.tn\/index.php?rest_route=\/wp\/v2\/product"}],"about":[{"href":"https:\/\/para-pharmacity.tn\/index.php?rest_route=\/wp\/v2\/types\/product"}],"replies":[{"embeddable":true,"href":"https:\/\/para-pharmacity.tn\/index.php?rest_route=%2Fwp%2Fv2%2Fcomments&post=17167"}],"version-history":[{"count":2,"href":"https:\/\/para-pharmacity.tn\/index.php?rest_route=\/wp\/v2\/product\/17167\/revisions"}],"predecessor-version":[{"id":24332,"href":"https:\/\/para-pharmacity.tn\/index.php?rest_route=\/wp\/v2\/product\/17167\/revisions\/24332"}],"wp:featuredmedia":[{"embeddable":true,"href":"https:\/\/para-pharmacity.tn\/index.php?rest_route=\/wp\/v2\/media\/24329"}],"wp:attachment":[{"href":"https:\/\/para-pharmacity.tn\/index.php?rest_route=%2Fwp%2Fv2%2Fmedia&parent=17167"}],"wp:term":[{"taxonomy":"product_cat","embeddable":true,"href":"https:\/\/para-pharmacity.tn\/index.php?rest_route=%2Fwp%2Fv2%2Fproduct_cat&post=17167"},{"taxonomy":"product_tag","embeddable":true,"href":"https:\/\/para-pharmacity.tn\/index.php?rest_route=%2Fwp%2Fv2%2Fproduct_tag&post=17167"}],"curies":[{"name":"wp","href":"https:\/\/api.w.org\/{rel}","templated":true}]}}