{"id":17165,"date":"2024-07-10T23:01:38","date_gmt":"2024-07-10T23:01:38","guid":{"rendered":"https:\/\/para-pharmacity.tn\/?product=filorga-time-filler-mask"},"modified":"2024-09-03T15:17:56","modified_gmt":"2024-09-03T15:17:56","slug":"filorga-time-filler-mask","status":"publish","type":"product","link":"https:\/\/para-pharmacity.tn\/?product=filorga-time-filler-mask","title":{"rendered":"FILORGA TIME-FILLER MASK"},"content":{"rendered":"<div id=\"description\" class=\"tabzone\">\n<div class=\"tabcontent\">\n<div>\n<div id=\"type_info_prio_11_1\">\n<p><strong>Filorga TIME-FILLER MASK 1 Masque de 23 g<\/strong>\u00a0est un masque noir qui offre la puissance d&rsquo;un s\u00e9rum concentr\u00e9 dans un masque effet seconde peau, pour une peau liss\u00e9e et plus jeune en 15 minutes.<\/p>\n<p>Le TIME-FILLER MASK r\u00e9unit tous les b\u00e9n\u00e9fices de TIME-FILLER, la c\u00e9l\u00e8bre cr\u00e8me de la marque FILORGA qui divise les rides par 2 apr\u00e8s 2 mois d&rsquo;application. La version masque agit en 15 minutes chrono gr\u00e2ce \u00e0 une fibre noire* gorg\u00e9e d&rsquo;actifs tenseurs et de collag\u00e8ne naturel pour lisser et r\u00e9g\u00e9n\u00e9rer la peau d\u00e8s la premi\u00e8re application.<\/p>\n<p>&#8211; Double effet lissant [tenseur + comblement] : une formule \u00e0 impr\u00e9gnation d&rsquo;actifs tenseurs au pouvoir liftant associ\u00e9s a du collag\u00e8ne d&rsquo;origine naturelle qui lisse visiblement les rides.<\/p>\n<p>&#8211; Action r\u00e9g\u00e9n\u00e9rante intense : un booster cellulaire stimule la r\u00e9g\u00e9n\u00e9ration de la peau pour une action anti-\u00e2ge renforc\u00e9e.<\/p>\n<p>*Black fiber technology : une technologie innovante, adh\u00e9rant parfaitement aux courbes du visage, pour favoriser la p\u00e9n\u00e9tration des actifs.<\/p>\n<\/div>\n<\/div>\n<\/div>\n<\/div>\n<h2 id=\"conseil-utilisation\" class=\"tabzone\">Conseil d&rsquo;utilisation<\/h2>\n<div class=\"tabzone\">\n<div class=\"tabcontent\">\n<div>\n<div id=\"type_info_prio_6_1\">Apr\u00e8s ouverture du sachet, d\u00e9plier le masque et appliquer sur le visage pr\u00e9alablement nettoy\u00e9. Laisser agir durant 15 minutes. Faire p\u00e9n\u00e9trer l&rsquo;exc\u00e9dent de s\u00e9rum du bout des doigts. Sans rin\u00e7age.<br \/>\nApplication \u00e0 renouveler 1 \u00e0 2 fois par semaine.<\/div>\n<div><span class=\"bold\">Indication<\/span>\u00a0:\u00a0<span id=\"type_info_prio_6_2_1\">Lisser et r\u00e9g\u00e9n\u00e9rer la peau en 15 minutes. Toutes les peaux<\/span><\/div>\n<\/div>\n<\/div>\n<\/div>\n","protected":false},"excerpt":{"rendered":"<p>Filorga TIME-FILLER MASK 1 Masque de 23 g est un masque noir qui offre la puissance d&rsquo;un s\u00e9rum concentr\u00e9 dans un masque effet seconde peau, pour une peau liss\u00e9e et plus jeune en 15 minutes<\/p>\n","protected":false},"featured_media":24333,"comment_status":"open","ping_status":"closed","template":"","meta":[],"product_cat":[20],"product_tag":[],"class_list":{"0":"post-17165","1":"product","2":"type-product","3":"status-publish","4":"has-post-thumbnail","6":"product_cat-accessories","8":"first","9":"instock","10":"shipping-taxable","11":"product-type-simple"},"jetpack_sharing_enabled":true,"_links":{"self":[{"href":"https:\/\/para-pharmacity.tn\/index.php?rest_route=\/wp\/v2\/product\/17165","targetHints":{"allow":["GET"]}}],"collection":[{"href":"https:\/\/para-pharmacity.tn\/index.php?rest_route=\/wp\/v2\/product"}],"about":[{"href":"https:\/\/para-pharmacity.tn\/index.php?rest_route=\/wp\/v2\/types\/product"}],"replies":[{"embeddable":true,"href":"https:\/\/para-pharmacity.tn\/index.php?rest_route=%2Fwp%2Fv2%2Fcomments&post=17165"}],"version-history":[{"count":3,"href":"https:\/\/para-pharmacity.tn\/index.php?rest_route=\/wp\/v2\/product\/17165\/revisions"}],"predecessor-version":[{"id":24336,"href":"https:\/\/para-pharmacity.tn\/index.php?rest_route=\/wp\/v2\/product\/17165\/revisions\/24336"}],"wp:featuredmedia":[{"embeddable":true,"href":"https:\/\/para-pharmacity.tn\/index.php?rest_route=\/wp\/v2\/media\/24333"}],"wp:attachment":[{"href":"https:\/\/para-pharmacity.tn\/index.php?rest_route=%2Fwp%2Fv2%2Fmedia&parent=17165"}],"wp:term":[{"taxonomy":"product_cat","embeddable":true,"href":"https:\/\/para-pharmacity.tn\/index.php?rest_route=%2Fwp%2Fv2%2Fproduct_cat&post=17165"},{"taxonomy":"product_tag","embeddable":true,"href":"https:\/\/para-pharmacity.tn\/index.php?rest_route=%2Fwp%2Fv2%2Fproduct_tag&post=17165"}],"curies":[{"name":"wp","href":"https:\/\/api.w.org\/{rel}","templated":true}]}}