{"id":17164,"date":"2024-07-10T23:01:38","date_gmt":"2024-07-10T23:01:38","guid":{"rendered":"https:\/\/para-pharmacity.tn\/?product=filorga-time-filler"},"modified":"2024-09-03T14:57:20","modified_gmt":"2024-09-03T14:57:20","slug":"filorga-time-filler","status":"publish","type":"product","link":"https:\/\/para-pharmacity.tn\/?product=filorga-time-filler","title":{"rendered":"FILORGA TIME-FILLER"},"content":{"rendered":"<p>FILORGA TIME-FILLER 5XP CR\u00c8ME est une cr\u00e8me anti-ride best-seller qui agit simultan\u00e9ment sur 5 types de rides, gr\u00e2ce au c\u0153ur de formule 5XP inspir\u00e9 de 5 techniques de m\u00e9decine esth\u00e9tique.<\/p>\n<p>Disponible en textures sous sa forme cr\u00e8me pour peaux normales \u00e0 s\u00e8ches, TIME-FILLER 5XP s\u2019inspire de 5 expertises de m\u00e9decine esth\u00e9tique pour lisser les 5 types de rides, pour lisser les 5 types de rides :<\/p>\n<ul>\n<li>Rides d\u2019expression : La formule TIME-FILLER 5XP contient un tripeptide inspir\u00e9 des injections de toxine botulique qui d\u00e9crispe les traits sans figer les expressions.<\/li>\n<li>Rides profondes : TIME-FILLER 5XP int\u00e8gre un complexe booster de collag\u00e8ne associ\u00e9 \u00e0 de l\u2019acide hyaluronique encapsul\u00e9 inspir\u00e9s des injections de comblement qui densifient le matelas cutan\u00e9 et comblent les rides.<\/li>\n<li>Rides de surface : TIME-FILLER 5XP b\u00e9n\u00e9ficie des vertus resurfa\u00e7antes de la criste marine, inspir\u00e9e des peeling, pour une action lissante sur les rides de surface, sans irriter la peau.<\/li>\n<li>Rides de dess\u00e8chement : Le NCEF, complexe iconique FILORGA, est associ\u00e9 \u00e0 un puissant extrait v\u00e9g\u00e9tal, inspir\u00e9 des injections de revitalisation. Cette plante capte l\u2019eau et repulpe la peau intens\u00e9ment.<\/li>\n<li>Rides du cou : Un extrait v\u00e9g\u00e9tal restructurant inspir\u00e9 des fils tenseurs pour remettre la peau en tension.<\/li>\n<\/ul>\n","protected":false},"excerpt":{"rendered":"<p>Filorga TIME-FILLER 5XP Cr\u00e8me Correction Tous Types de Rides &#8211; Capacit\u00e9 50 ml &#8211; Soin visage destin\u00e9 aux peaux normales \u00e0 s\u00e8ches &#8211; Pour une correction intensive de tous les types de rides &#8211; Id\u00e9ale pour les peaux normales \u00e0 s\u00e8ches<\/p>\n","protected":false},"featured_media":24315,"comment_status":"open","ping_status":"closed","template":"","meta":[],"product_cat":[20],"product_tag":[],"class_list":{"0":"post-17164","1":"product","2":"type-product","3":"status-publish","4":"has-post-thumbnail","6":"product_cat-accessories","8":"first","9":"instock","10":"shipping-taxable","11":"product-type-simple"},"jetpack_sharing_enabled":true,"_links":{"self":[{"href":"https:\/\/para-pharmacity.tn\/index.php?rest_route=\/wp\/v2\/product\/17164","targetHints":{"allow":["GET"]}}],"collection":[{"href":"https:\/\/para-pharmacity.tn\/index.php?rest_route=\/wp\/v2\/product"}],"about":[{"href":"https:\/\/para-pharmacity.tn\/index.php?rest_route=\/wp\/v2\/types\/product"}],"replies":[{"embeddable":true,"href":"https:\/\/para-pharmacity.tn\/index.php?rest_route=%2Fwp%2Fv2%2Fcomments&post=17164"}],"version-history":[{"count":2,"href":"https:\/\/para-pharmacity.tn\/index.php?rest_route=\/wp\/v2\/product\/17164\/revisions"}],"predecessor-version":[{"id":24322,"href":"https:\/\/para-pharmacity.tn\/index.php?rest_route=\/wp\/v2\/product\/17164\/revisions\/24322"}],"wp:featuredmedia":[{"embeddable":true,"href":"https:\/\/para-pharmacity.tn\/index.php?rest_route=\/wp\/v2\/media\/24315"}],"wp:attachment":[{"href":"https:\/\/para-pharmacity.tn\/index.php?rest_route=%2Fwp%2Fv2%2Fmedia&parent=17164"}],"wp:term":[{"taxonomy":"product_cat","embeddable":true,"href":"https:\/\/para-pharmacity.tn\/index.php?rest_route=%2Fwp%2Fv2%2Fproduct_cat&post=17164"},{"taxonomy":"product_tag","embeddable":true,"href":"https:\/\/para-pharmacity.tn\/index.php?rest_route=%2Fwp%2Fv2%2Fproduct_tag&post=17164"}],"curies":[{"name":"wp","href":"https:\/\/api.w.org\/{rel}","templated":true}]}}