{"id":17162,"date":"2024-07-10T23:01:37","date_gmt":"2024-07-10T23:01:37","guid":{"rendered":"https:\/\/para-pharmacity.tn\/?product=filorga-time-filler-night-50ml"},"modified":"2024-09-03T14:42:34","modified_gmt":"2024-09-03T14:42:34","slug":"filorga-time-filler-night-50ml","status":"publish","type":"product","link":"https:\/\/para-pharmacity.tn\/?product=filorga-time-filler-night-50ml","title":{"rendered":"FILORGA TIME FILLER NIGHT 50ML"},"content":{"rendered":"<p><strong>Description :<\/strong><\/p>\n<p>Toute l\u2019expertise en m\u00e9decine esth\u00e9tique de filorga dans une cr\u00e8me pour r\u00e9duire visiblement tous les types de rides nuit apr\u00e8s nuit.<\/p>\n<p><strong>Rides de contraction &#8211;<\/strong>\u00a0un hexapeptide pour d\u00e9crisper les traits sans figer les expressions.<br \/>\n<strong>Rides profondes &#8211;<\/strong>\u00a0un puissant booster de collag\u00e8ne associ\u00e9 \u00e0 de l\u2019acide hyaluronique encapsul\u00e9 pour repulper visiblement les rides marqu\u00e9es.<br \/>\n<strong>Rides de surface &#8211;<\/strong>\u00a0de la gluconolactone exfoliante associ\u00e9e \u00e0 un actif effet peeling pour lisser les micro-cassures cutan\u00e9es.<br \/>\n<strong>Rides de dess\u00e8chement &#8211;\u00a0<\/strong>un extrait v\u00e9g\u00e9tal capteur d\u2019eau pour r\u00e9duire durablement les rides de d\u00e9shydratation.<br \/>\n<strong>Action nocturne renforcee [special rides du sommeil \/ pli de l\u2019oreiller + traits bouffis au reveil]\u00a0<\/strong><br \/>\nle complexe d\u00e9froissant nocturne express-recover associe un booster d\u2019\u00e9lastine \u00e0 un d\u00e9toxifiant cutan\u00e9 pour des traits d\u00e9froiss\u00e9s et un teint plus frais et lumineux d\u00e8s le r\u00e9veil.<\/p>\n<p><strong>Conseils d&rsquo;utilisation :<\/strong><\/p>\n<p>Appliquer le soir sur l\u2019ensemble du visage et du cou pr\u00e9alablement nettoy\u00e9s.<br \/>\nFaire p\u00e9n\u00e9trer en massant.<\/p>\n","protected":false},"excerpt":{"rendered":"<p>TIME-FILLER NIGHT, une cr\u00e8me visage anti-\u00e2ge pour r\u00e9duire visiblement tous les types de rides nuit apr\u00e8s nuit.<\/p>\n","protected":false},"featured_media":24301,"comment_status":"open","ping_status":"closed","template":"","meta":[],"product_cat":[20],"product_tag":[],"class_list":{"0":"post-17162","1":"product","2":"type-product","3":"status-publish","4":"has-post-thumbnail","6":"product_cat-accessories","8":"first","9":"instock","10":"shipping-taxable","11":"product-type-simple"},"jetpack_sharing_enabled":true,"_links":{"self":[{"href":"https:\/\/para-pharmacity.tn\/index.php?rest_route=\/wp\/v2\/product\/17162","targetHints":{"allow":["GET"]}}],"collection":[{"href":"https:\/\/para-pharmacity.tn\/index.php?rest_route=\/wp\/v2\/product"}],"about":[{"href":"https:\/\/para-pharmacity.tn\/index.php?rest_route=\/wp\/v2\/types\/product"}],"replies":[{"embeddable":true,"href":"https:\/\/para-pharmacity.tn\/index.php?rest_route=%2Fwp%2Fv2%2Fcomments&post=17162"}],"version-history":[{"count":2,"href":"https:\/\/para-pharmacity.tn\/index.php?rest_route=\/wp\/v2\/product\/17162\/revisions"}],"predecessor-version":[{"id":24309,"href":"https:\/\/para-pharmacity.tn\/index.php?rest_route=\/wp\/v2\/product\/17162\/revisions\/24309"}],"wp:featuredmedia":[{"embeddable":true,"href":"https:\/\/para-pharmacity.tn\/index.php?rest_route=\/wp\/v2\/media\/24301"}],"wp:attachment":[{"href":"https:\/\/para-pharmacity.tn\/index.php?rest_route=%2Fwp%2Fv2%2Fmedia&parent=17162"}],"wp:term":[{"taxonomy":"product_cat","embeddable":true,"href":"https:\/\/para-pharmacity.tn\/index.php?rest_route=%2Fwp%2Fv2%2Fproduct_cat&post=17162"},{"taxonomy":"product_tag","embeddable":true,"href":"https:\/\/para-pharmacity.tn\/index.php?rest_route=%2Fwp%2Fv2%2Fproduct_tag&post=17162"}],"curies":[{"name":"wp","href":"https:\/\/api.w.org\/{rel}","templated":true}]}}