{"id":17161,"date":"2024-07-10T23:01:37","date_gmt":"2024-07-10T23:01:37","guid":{"rendered":"https:\/\/para-pharmacity.tn\/?product=filorga-time-filler-intensive-30-ml"},"modified":"2024-09-03T14:31:37","modified_gmt":"2024-09-03T14:31:37","slug":"filorga-time-filler-intensive-30-ml","status":"publish","type":"product","link":"https:\/\/para-pharmacity.tn\/?product=filorga-time-filler-intensive-30-ml","title":{"rendered":"FILORGA TIME FILLER INTENSIVE 30 ML"},"content":{"rendered":"<p style=\"font-weight: 400\"><b><strong>Description :<\/strong><\/b><\/p>\n<p style=\"font-weight: 400\">FILORGA TIME FILLER INTENSIVE est un s\u00e9rum r\u00e9volutionnaire pour le visage \u00e0 l&rsquo;acide hyaluronique, inspir\u00e9 des techniques de m\u00e9decine esth\u00e9tique.<\/p>\n<p style=\"font-weight: 400\">Time filler intensive filorga permet de corriger visiblement tous les types de rides et de lutter efficacement contre les signes du vieillissement, tout en boostant l&rsquo;\u00e9clat.<\/p>\n<p style=\"font-weight: 400\">Time filler filorga serum se distingue par une formule renforc\u00e9e par des polysaccharides tenseurs pour un lissage express de la peau et une texture ultra-lef\u00e8re.<\/p>\n<p style=\"font-weight: 400\">FILORGA TIME FILLER INTENSIVE permet de corriger :<\/p>\n<p style=\"font-weight: 400\">&#8211; Rides d\u2019expression<\/p>\n<p style=\"font-weight: 400\">Un hexapeptide pour d\u00e9crisper les traits.<\/p>\n<p style=\"font-weight: 400\">&#8211; Rides profondes<\/p>\n<p style=\"font-weight: 400\">De puissants peptides pour repulper les rides marqu\u00e9es du visage, associ\u00e9s \u00e0 de l\u2019acide hyaluronique encapsul\u00e9 pour hydrater la peau en profondeur.<\/p>\n<p style=\"font-weight: 400\">&#8211; Rides de surface<\/p>\n<p style=\"font-weight: 400\">Un actif effet peeling pour lisser les micro-cassures cutan\u00e9es et am\u00e9liorer l\u2019aspect de la peau.<\/p>\n<p style=\"font-weight: 400\">&#8211; Rides de dess\u00e8chement<\/p>\n<p style=\"font-weight: 400\">Un extrait v\u00e9g\u00e9tal capteur d\u2019eau pour r\u00e9duire les rides de d\u00e9shydratation.<\/p>\n<p style=\"font-weight: 400\">&#8211; Rides du cou<\/p>\n<p style=\"font-weight: 400\">Un actif restructurant pour d\u00e9froisser les rides en collier qui marquent le cou.<\/p>\n<p style=\"font-weight: 400\"><b><strong>Conseils d&rsquo;utilisation :<\/strong><\/b><\/p>\n<p style=\"font-weight: 400\">Il est conseill\u00e9 d&rsquo;appliquer TIME FILLER INTENSIVE en soin quotidien, avant la cr\u00e8me, le matin et le soir sur l\u2019ensemble du visage et du cou.<\/p>\n<ol style=\"font-weight: 400\">\n<li>D\u00e9vissez l\u2019ouverture.<\/li>\n<li>Pincez l\u2019embout pour \u00e9vacuer l\u2019air de la pipette et sortir la pipette tout en maintenant la pression sur l\u2019embout.<\/li>\n<li>Une fois l\u2019air \u00e9vacu\u00e9, remettre la pipette dans le flacon.<\/li>\n<li>Ne rel\u00e2cher l\u2019embout qu\u2019une fois la pipette immerg\u00e9e dans le produit pour que celle-ci se remplisse.<\/li>\n<li>D\u00e9poser quelques gouttes de produits sur le bout de vos doigts, chauffer et appliquer sur le visage et le cou.<\/li>\n<\/ol>\n","protected":false},"excerpt":{"rendered":"<p>Time filler intensive filorga permet de corriger visiblement tous les types de rides et de lutter efficacement contre les signes du vieillissement, tout en boostant l&rsquo;\u00e9clat.<\/p>\n","protected":false},"featured_media":24292,"comment_status":"open","ping_status":"closed","template":"","meta":[],"product_cat":[20],"product_tag":[],"class_list":{"0":"post-17161","1":"product","2":"type-product","3":"status-publish","4":"has-post-thumbnail","6":"product_cat-accessories","8":"first","9":"instock","10":"shipping-taxable","11":"product-type-simple"},"jetpack_sharing_enabled":true,"_links":{"self":[{"href":"https:\/\/para-pharmacity.tn\/index.php?rest_route=\/wp\/v2\/product\/17161","targetHints":{"allow":["GET"]}}],"collection":[{"href":"https:\/\/para-pharmacity.tn\/index.php?rest_route=\/wp\/v2\/product"}],"about":[{"href":"https:\/\/para-pharmacity.tn\/index.php?rest_route=\/wp\/v2\/types\/product"}],"replies":[{"embeddable":true,"href":"https:\/\/para-pharmacity.tn\/index.php?rest_route=%2Fwp%2Fv2%2Fcomments&post=17161"}],"version-history":[{"count":2,"href":"https:\/\/para-pharmacity.tn\/index.php?rest_route=\/wp\/v2\/product\/17161\/revisions"}],"predecessor-version":[{"id":24299,"href":"https:\/\/para-pharmacity.tn\/index.php?rest_route=\/wp\/v2\/product\/17161\/revisions\/24299"}],"wp:featuredmedia":[{"embeddable":true,"href":"https:\/\/para-pharmacity.tn\/index.php?rest_route=\/wp\/v2\/media\/24292"}],"wp:attachment":[{"href":"https:\/\/para-pharmacity.tn\/index.php?rest_route=%2Fwp%2Fv2%2Fmedia&parent=17161"}],"wp:term":[{"taxonomy":"product_cat","embeddable":true,"href":"https:\/\/para-pharmacity.tn\/index.php?rest_route=%2Fwp%2Fv2%2Fproduct_cat&post=17161"},{"taxonomy":"product_tag","embeddable":true,"href":"https:\/\/para-pharmacity.tn\/index.php?rest_route=%2Fwp%2Fv2%2Fproduct_tag&post=17161"}],"curies":[{"name":"wp","href":"https:\/\/api.w.org\/{rel}","templated":true}]}}