{"id":17160,"date":"2024-07-10T23:01:37","date_gmt":"2024-07-10T23:01:37","guid":{"rendered":"https:\/\/para-pharmacity.tn\/?product=filorga-time-filler-eyes"},"modified":"2024-09-03T14:06:50","modified_gmt":"2024-09-03T14:06:50","slug":"filorga-time-filler-eyes","status":"publish","type":"product","link":"https:\/\/para-pharmacity.tn\/?product=filorga-time-filler-eyes","title":{"rendered":"FILORGA TIME FILLER EYES"},"content":{"rendered":"<h2>Description<\/h2>\n<div class=\"specifications\">\n<div><strong>TIME FILLER EYES\u00a0<\/strong>est une Cr\u00e8me correctrice qui cible la zone du contour de l&rsquo;oeil, avec une action quasi-chirurgicale sur :<\/div>\n<div><strong>\u00a0<\/strong><\/div>\n<p><strong>&#8211; les Rides :<\/strong>\u00a0comme apr\u00e8s une injection, la zone se d\u00e9crispe et la peau se lisse, gr\u00e2ce \u00e0 un actif \u00e0 l&rsquo;effet similaire au Botox.\u00a0<strong><\/p>\n<p>&#8211; les\u00a0Paupi\u00e8res et les Cils\u00a0:<\/strong>\u00a0les paupi\u00e8res rel\u00e2ch\u00e9es retrouvent se retendent, les cils augmentent de densit\u00e9.<\/p>\n<p>&#8211;\u00a0<strong>les Cernes :<\/strong>\u00a0les creux marqu\u00e9s sous les yeux sont combl\u00e9s par des sph\u00e8res actives de derni\u00e8re g\u00e9n\u00e9ration, tandis que la couleur sombre est estomp\u00e9e suite \u00e0 la r\u00e9g\u00e9n\u00e9rationde l&rsquo;\u00e9piderme de surface, \u00e0 la fa\u00e7on d&rsquo;un peeling.<\/div>\n<h2>Conseil d&rsquo;utilisation<\/h2>\n<div class=\"specifications\">\n<div>Appliquer en soin quotidien matin et \/ou soir. Une petite quantit\u00e9 suffit.<br \/>\nTapoter l\u00e9g\u00e8rement sur l&rsquo;ensemble du contour de l&rsquo;oeil sans oublier la paupi\u00e8re sup\u00e9rieure et la base des cils.<\/div>\n<\/div>\n","protected":false},"excerpt":{"rendered":"<p>Le traitement jeunesse du regard : inspir\u00e9 de diverses techniques, il lisse les rides, lifte les paupi\u00e8res et d\u00e9congestionne les cernes.<\/p>\n","protected":false},"featured_media":24289,"comment_status":"open","ping_status":"closed","template":"","meta":[],"product_cat":[20],"product_tag":[],"class_list":{"0":"post-17160","1":"product","2":"type-product","3":"status-publish","4":"has-post-thumbnail","6":"product_cat-accessories","8":"first","9":"instock","10":"shipping-taxable","11":"product-type-simple"},"jetpack_sharing_enabled":true,"_links":{"self":[{"href":"https:\/\/para-pharmacity.tn\/index.php?rest_route=\/wp\/v2\/product\/17160","targetHints":{"allow":["GET"]}}],"collection":[{"href":"https:\/\/para-pharmacity.tn\/index.php?rest_route=\/wp\/v2\/product"}],"about":[{"href":"https:\/\/para-pharmacity.tn\/index.php?rest_route=\/wp\/v2\/types\/product"}],"replies":[{"embeddable":true,"href":"https:\/\/para-pharmacity.tn\/index.php?rest_route=%2Fwp%2Fv2%2Fcomments&post=17160"}],"version-history":[{"count":2,"href":"https:\/\/para-pharmacity.tn\/index.php?rest_route=\/wp\/v2\/product\/17160\/revisions"}],"predecessor-version":[{"id":24290,"href":"https:\/\/para-pharmacity.tn\/index.php?rest_route=\/wp\/v2\/product\/17160\/revisions\/24290"}],"wp:featuredmedia":[{"embeddable":true,"href":"https:\/\/para-pharmacity.tn\/index.php?rest_route=\/wp\/v2\/media\/24289"}],"wp:attachment":[{"href":"https:\/\/para-pharmacity.tn\/index.php?rest_route=%2Fwp%2Fv2%2Fmedia&parent=17160"}],"wp:term":[{"taxonomy":"product_cat","embeddable":true,"href":"https:\/\/para-pharmacity.tn\/index.php?rest_route=%2Fwp%2Fv2%2Fproduct_cat&post=17160"},{"taxonomy":"product_tag","embeddable":true,"href":"https:\/\/para-pharmacity.tn\/index.php?rest_route=%2Fwp%2Fv2%2Fproduct_tag&post=17160"}],"curies":[{"name":"wp","href":"https:\/\/api.w.org\/{rel}","templated":true}]}}