{"id":17159,"date":"2024-07-10T23:01:33","date_gmt":"2024-07-10T23:01:33","guid":{"rendered":"https:\/\/para-pharmacity.tn\/?product=filorga-solution-micellaire-400-ml"},"modified":"2024-09-03T14:02:08","modified_gmt":"2024-09-03T14:02:08","slug":"filorga-solution-micellaire-400-ml","status":"publish","type":"product","link":"https:\/\/para-pharmacity.tn\/?product=filorga-solution-micellaire-400-ml","title":{"rendered":"FILORGA SOLUTION MICELLAIRE 400 ML"},"content":{"rendered":"<div>\n<p>La solution Micellaire\u00a0 de Filorga, sans parfum, est une eau active d&rsquo;un genre nouveau :<\/p>\n<\/div>\n<div class=\"product-tabs\">\n<div class=\"std\">\n<ul>\n<li>D\u00e9maquille parfaitement le visage.<\/li>\n<li>Dissout m\u00eame le maquillage waterproof.<\/li>\n<li>D\u00e9maquille le contour des yeux sans effort, sans tirer sur la peau fine des paupi\u00e8res sup\u00e9rieures comme inf\u00e9rieures.<\/li>\n<li>Ne pique pas les yeux.<\/li>\n<li>Respecte l&rsquo;\u00e9quilibre physiologique de la peau et ne provoque aucune rougeur.<\/li>\n<li>Laisse sur le visage, une sensation de confort absolu.<\/li>\n<\/ul>\n<p>Toute propre, apais\u00e9e, r\u00e9\u00e9quilibr\u00e9e, la peau r\u00e9agit alors plus efficacement aux actifs des soins qui lui sont propos\u00e9s&#8230;<\/p>\n<\/div>\n<\/div>\n<div class=\"product-tabs\">\n<div class=\"title-border\">\n<h3 class=\"h2\">Conseils d&rsquo;utilisation<\/h3>\n<\/div>\n<div class=\"std\">\n<p>Appliquer matin et\/ou soir \u00e0 l&rsquo;aide d&rsquo;un coton sur le visage.<\/p>\n<\/div>\n<\/div>\n<div class=\"product-tabs\">\n<div class=\"title-border\">\n<h3 class=\"h2\">Composition<\/h3>\n<\/div>\n<div class=\"std\">\n<p>Formule INCI : Aqua (Water), Propanediol, Sodium Citrate, Trehalose, Disodium Edta, Peg-6 Caprylic\/Capric Gyceride, Zinc PCA, Cetrimonium Bromide, Citric Acid, Rhamnose Glucose, Glucuronic Acid.<\/p>\n<p>Sans parfum.<\/p>\n<\/div>\n<\/div>\n","protected":false},"excerpt":{"rendered":"<p>Nettoyant d\u00e9maquillant physiologique visage et yeux. Sans parfum<\/p>\n","protected":false},"featured_media":24284,"comment_status":"open","ping_status":"closed","template":"","meta":[],"product_cat":[20],"product_tag":[],"class_list":{"0":"post-17159","1":"product","2":"type-product","3":"status-publish","4":"has-post-thumbnail","6":"product_cat-accessories","8":"first","9":"instock","10":"shipping-taxable","11":"product-type-simple"},"jetpack_sharing_enabled":true,"_links":{"self":[{"href":"https:\/\/para-pharmacity.tn\/index.php?rest_route=\/wp\/v2\/product\/17159","targetHints":{"allow":["GET"]}}],"collection":[{"href":"https:\/\/para-pharmacity.tn\/index.php?rest_route=\/wp\/v2\/product"}],"about":[{"href":"https:\/\/para-pharmacity.tn\/index.php?rest_route=\/wp\/v2\/types\/product"}],"replies":[{"embeddable":true,"href":"https:\/\/para-pharmacity.tn\/index.php?rest_route=%2Fwp%2Fv2%2Fcomments&post=17159"}],"version-history":[{"count":2,"href":"https:\/\/para-pharmacity.tn\/index.php?rest_route=\/wp\/v2\/product\/17159\/revisions"}],"predecessor-version":[{"id":24287,"href":"https:\/\/para-pharmacity.tn\/index.php?rest_route=\/wp\/v2\/product\/17159\/revisions\/24287"}],"wp:featuredmedia":[{"embeddable":true,"href":"https:\/\/para-pharmacity.tn\/index.php?rest_route=\/wp\/v2\/media\/24284"}],"wp:attachment":[{"href":"https:\/\/para-pharmacity.tn\/index.php?rest_route=%2Fwp%2Fv2%2Fmedia&parent=17159"}],"wp:term":[{"taxonomy":"product_cat","embeddable":true,"href":"https:\/\/para-pharmacity.tn\/index.php?rest_route=%2Fwp%2Fv2%2Fproduct_cat&post=17159"},{"taxonomy":"product_tag","embeddable":true,"href":"https:\/\/para-pharmacity.tn\/index.php?rest_route=%2Fwp%2Fv2%2Fproduct_tag&post=17159"}],"curies":[{"name":"wp","href":"https:\/\/api.w.org\/{rel}","templated":true}]}}