{"id":17158,"date":"2024-07-10T23:01:33","date_gmt":"2024-07-10T23:01:33","guid":{"rendered":"https:\/\/para-pharmacity.tn\/?product=filorga-sleep-recover-50-ml"},"modified":"2024-09-03T13:52:18","modified_gmt":"2024-09-03T13:52:18","slug":"filorga-sleep-recover-50-ml","status":"publish","type":"product","link":"https:\/\/para-pharmacity.tn\/?product=filorga-sleep-recover-50-ml","title":{"rendered":"FILORGA SLEEP-RECOVER 50 ML"},"content":{"rendered":"<p><strong>Description:<\/strong><\/p>\n<div>Ce soin compensateur profite de votre sommeil pour r\u00e9g\u00e9n\u00e9rer la peau et lutter contre les marques de fatigue.<br \/>\nUn actif issu de larbre \u00e0 soie associ\u00e9 \u00e0 un extrait de marron dinde aux propri\u00e9t\u00e9s d\u00e9congestionnantes, favorise la r\u00e9duction des cernes, poches et traits tir\u00e9s. Une mol\u00e9cule de derni\u00e8re g\u00e9n\u00e9ration, associ\u00e9e \u00e0 de l&rsquo;acide hyaluronique de haut point mol\u00e9culaire, restructure l&rsquo;ensemble du derme pour traiter des rides de fatigue et de tension pour un effet anti-\u00e2ge visible.<\/p>\n<div id=\"lebig_desc\" class=\"flocont\">\n<div id=\"lebig_desc_scrl_contentmask\">\n<div id=\"lebig_desc_inner\">\n<div class=\"lebig_descitem dped\">Le NCTF\u00ae, notre cur de formule, relance la production de fibres de soutien cutan\u00e9es, r&rsquo;edensifie la peau et emp\u00eache ainsi les marques de fatigue de s&rsquo;imprimer de mani\u00e8re d\u00e9finitive.<\/p>\n<p>D\u00e8s le r\u00e9veil , les signes de fatigue s&rsquo;estompent, les traits sont drain\u00e9s et se retendent, la peau est fra\u00eeche et repos\u00e9e.<br \/>\nAu fil des applications, la peau est r\u00e9g\u00e9n\u00e9r\u00e9e et raffermie en profondeur, les traits sont comme re-lift\u00e9s, le V de la fatigue s&rsquo;inverse, la peau gagne en r\u00e9sistance.<\/p>\n<p>Efface tous les signes de fatigue d\u00e8s 28 jours :<br \/>\n&#8211; 82% peau repos\u00e9e*<br \/>\n&#8211; 77% peau \u00e9clatante*<br \/>\n&#8211; 59% Rides de fatigue r\u00e9duites*<br \/>\n&#8211; 59% Cernes et poches att\u00e9nu\u00e9s<\/p><\/div>\n<\/div>\n<\/div>\n<\/div>\n<\/div>\n<p><strong>Conseil d&rsquo;utilisation:<\/strong><\/p>\n<p class=\"specifications\">Appliquer le soir sur le visage parfaitement nettoy\u00e9. Faire p\u00e9n\u00e9trer en massant.<\/p>\n","protected":false},"excerpt":{"rendered":"<div>Ce soin Baume Anti-Fatigue de Filorga profite de votre sommeil pour r\u00e9g\u00e9n\u00e9rer la peau et lutter contre les marques de fatigue. D\u00e8s le r\u00e9veil , les signes de fatigue s\u2019estompent, les traits sont drain\u00e9s et se retendent, la peau est fra\u00eeche et repos\u00e9e.<\/div>\n<div>Contenance:\u00a0<span class=\"text--smaller\">50ml<\/span><\/div>\n","protected":false},"featured_media":24280,"comment_status":"open","ping_status":"closed","template":"","meta":[],"product_cat":[20],"product_tag":[],"class_list":{"0":"post-17158","1":"product","2":"type-product","3":"status-publish","4":"has-post-thumbnail","6":"product_cat-accessories","8":"first","9":"instock","10":"shipping-taxable","11":"product-type-simple"},"jetpack_sharing_enabled":true,"_links":{"self":[{"href":"https:\/\/para-pharmacity.tn\/index.php?rest_route=\/wp\/v2\/product\/17158","targetHints":{"allow":["GET"]}}],"collection":[{"href":"https:\/\/para-pharmacity.tn\/index.php?rest_route=\/wp\/v2\/product"}],"about":[{"href":"https:\/\/para-pharmacity.tn\/index.php?rest_route=\/wp\/v2\/types\/product"}],"replies":[{"embeddable":true,"href":"https:\/\/para-pharmacity.tn\/index.php?rest_route=%2Fwp%2Fv2%2Fcomments&post=17158"}],"version-history":[{"count":2,"href":"https:\/\/para-pharmacity.tn\/index.php?rest_route=\/wp\/v2\/product\/17158\/revisions"}],"predecessor-version":[{"id":24282,"href":"https:\/\/para-pharmacity.tn\/index.php?rest_route=\/wp\/v2\/product\/17158\/revisions\/24282"}],"wp:featuredmedia":[{"embeddable":true,"href":"https:\/\/para-pharmacity.tn\/index.php?rest_route=\/wp\/v2\/media\/24280"}],"wp:attachment":[{"href":"https:\/\/para-pharmacity.tn\/index.php?rest_route=%2Fwp%2Fv2%2Fmedia&parent=17158"}],"wp:term":[{"taxonomy":"product_cat","embeddable":true,"href":"https:\/\/para-pharmacity.tn\/index.php?rest_route=%2Fwp%2Fv2%2Fproduct_cat&post=17158"},{"taxonomy":"product_tag","embeddable":true,"href":"https:\/\/para-pharmacity.tn\/index.php?rest_route=%2Fwp%2Fv2%2Fproduct_tag&post=17158"}],"curies":[{"name":"wp","href":"https:\/\/api.w.org\/{rel}","templated":true}]}}