{"id":17157,"date":"2024-07-10T23:01:33","date_gmt":"2024-07-10T23:01:33","guid":{"rendered":"https:\/\/para-pharmacity.tn\/?product=filorga-sleep-and-peel"},"modified":"2024-09-03T13:34:00","modified_gmt":"2024-09-03T13:34:00","slug":"filorga-sleep-and-peel","status":"publish","type":"product","link":"https:\/\/para-pharmacity.tn\/?product=filorga-sleep-and-peel","title":{"rendered":"FILORGA SLEEP AND PEEL"},"content":{"rendered":"<p><b>FILORGA SLEEP &amp; PEEL 4.5 CREME MICRO PEELING NUIT 40ML<\/b><\/p>\n<p>FILORGA SLEEP &amp; PEEL 4.5 est un cr\u00e8me qui stimule le renouvellement cellulaire pendant la nuit pour un effet peau neuve au r\u00e9veil. Inspir\u00e9e des peelings professionnels, cette cr\u00e8me nuit int\u00e8gre un complexe d\u2019hydroxy-acides (AHA et BHA) concentr\u00e9 \u00e0 4,5% et associ\u00e9 \u00e0 de l\u2019algue brune apaisante pour une efficacit\u00e9 cosm\u00e9tique resurfa\u00e7ante en douceur. R\u00e9sultat, la peau est liss\u00e9e, le teint illumin\u00e9 et le grain de peau affin\u00e9.<\/p>\n<p><b>LES ACTION DE SLEEP &amp; PEEL FILORGA<\/b><\/p>\n<ul>\n<li>ACTION RESURFA\u00c7ANTE DOUCE : [INSPIRATION PEELINGS PROFESSIONNELS] : Un cocktail d\u2019hydroxy-acides [AHA + BHA] concentr\u00e9 \u00e0 4,5% &gt; Effet micro-peeling<\/li>\n<li>ACTION APAISANTE : [INSPIRATION V\u00c9G\u00c9TALE] : Un extrait d\u2019algue brune &gt; Effet apaisant<\/li>\n<\/ul>\n<p><b>R\u00c9SULTATS : EFFET PEAU NEUVE D\u00c8S LE PREMIER R\u00c9VEIL !\u00a0<\/b><\/p>\n<p>SLEEP &amp; PEEL FILORGA vous offre un effet resurfa\u00e7ant doux, affine le grain de peau, lisse les ridules, illumine le teint, visiblement, nuit apr\u00e8s nuit. Convient aux peaux sensibles.<\/p>\n","protected":false},"excerpt":{"rendered":"<p>Filorga Sleep &amp; Peel est une cr\u00e8me micro-peeling de nuit qui garantit un effet peau neuve d\u00e8s le r\u00e9veil. Elle est particuli\u00e8rement recommand\u00e9e\u00a0pour\u00a0traiter les ridules, le teint terne et le grain de peau irr\u00e9gulier.<\/p>\n","protected":false},"featured_media":24271,"comment_status":"open","ping_status":"closed","template":"","meta":[],"product_cat":[20],"product_tag":[],"class_list":{"0":"post-17157","1":"product","2":"type-product","3":"status-publish","4":"has-post-thumbnail","6":"product_cat-accessories","8":"first","9":"instock","10":"shipping-taxable","11":"product-type-simple"},"jetpack_sharing_enabled":true,"_links":{"self":[{"href":"https:\/\/para-pharmacity.tn\/index.php?rest_route=\/wp\/v2\/product\/17157","targetHints":{"allow":["GET"]}}],"collection":[{"href":"https:\/\/para-pharmacity.tn\/index.php?rest_route=\/wp\/v2\/product"}],"about":[{"href":"https:\/\/para-pharmacity.tn\/index.php?rest_route=\/wp\/v2\/types\/product"}],"replies":[{"embeddable":true,"href":"https:\/\/para-pharmacity.tn\/index.php?rest_route=%2Fwp%2Fv2%2Fcomments&post=17157"}],"version-history":[{"count":2,"href":"https:\/\/para-pharmacity.tn\/index.php?rest_route=\/wp\/v2\/product\/17157\/revisions"}],"predecessor-version":[{"id":24278,"href":"https:\/\/para-pharmacity.tn\/index.php?rest_route=\/wp\/v2\/product\/17157\/revisions\/24278"}],"wp:featuredmedia":[{"embeddable":true,"href":"https:\/\/para-pharmacity.tn\/index.php?rest_route=\/wp\/v2\/media\/24271"}],"wp:attachment":[{"href":"https:\/\/para-pharmacity.tn\/index.php?rest_route=%2Fwp%2Fv2%2Fmedia&parent=17157"}],"wp:term":[{"taxonomy":"product_cat","embeddable":true,"href":"https:\/\/para-pharmacity.tn\/index.php?rest_route=%2Fwp%2Fv2%2Fproduct_cat&post=17157"},{"taxonomy":"product_tag","embeddable":true,"href":"https:\/\/para-pharmacity.tn\/index.php?rest_route=%2Fwp%2Fv2%2Fproduct_tag&post=17157"}],"curies":[{"name":"wp","href":"https:\/\/api.w.org\/{rel}","templated":true}]}}