{"id":17155,"date":"2024-07-10T23:01:32","date_gmt":"2024-07-10T23:01:32","guid":{"rendered":"https:\/\/para-pharmacity.tn\/?product=filorga-skin-structure-30-ml"},"modified":"2024-09-03T13:15:24","modified_gmt":"2024-09-03T13:15:24","slug":"filorga-skin-structure-30-ml","status":"publish","type":"product","link":"https:\/\/para-pharmacity.tn\/?product=filorga-skin-structure-30-ml","title":{"rendered":"FILORGA SKIN STRUCTURE 30 ML"},"content":{"rendered":"<p class=\"p1\"><span class=\"s1\"><b>Filorga Skin Structure S\u00e9rum Red\u00e9finition Fermet\u00e9 30 ml<\/b><\/span><\/p>\n<p class=\"p1\"><span class=\"s1\">Ce s\u00e9rum\u00a0Skin Structure Red\u00e9finition Fermet\u00e9 30 ml est un s\u00e9rum triple action qui remet les traits en tension, pour un visage rajeunit.<\/span><\/p>\n<p class=\"p1\"><span class=\"s1\">Ce soin se caract\u00e9rise par une triple action, il agit sur :<\/span><\/p>\n<ul class=\"ul1\">\n<li class=\"li1\"><span class=\"s1\">la fermet\u00e9 puisque\u00a0le NCTF, associ\u00e9 \u00e0 un peptide de collag\u00e8ne permet de\u00a0booster la synth\u00e8se des fibres de soutien cutan\u00e9,<\/span><\/li>\n<li class=\"li1\"><span class=\"s1\">le volume gr\u00e0ace \u00e0\u00a0un actif restructurant qui\u00a0galbe les zones amincies tout en agissant sur les cellules responsables de la densit\u00e9 cutan\u00e9e pour un effet de comblement visible.<\/span><\/li>\n<li class=\"li1\"><span class=\"s1\">Un lifting cutan\u00e9.<\/span><\/li>\n<\/ul>\n<p class=\"p1\"><span class=\"s1\">La texture solut\u00e9 ultra-p\u00e9n\u00e9trante raffermit la peau tout en\u00a0redessinnant\u00a0l\u2019ovale du visage.<\/span><\/p>\n<p class=\"p1\"><span class=\"s1\">\u00a0<\/span><\/p>\n<p class=\"p1\"><span class=\"s4\"><b>Conseil d\u2019utilisation:<\/b><\/span><span class=\"s1\">\u00a0\u00a0<\/span><\/p>\n<p class=\"p1\"><span class=\"s1\">Il est conseill\u00e9 de l\u2019appliquer en soin quotidien : chaque\u00a0matin et soir, avant votre\u00a0cr\u00e8me de jour et\/ou de nuit.<\/span><\/p>\n<p class=\"p1\"><span class=\"s1\">Il est indiqu\u00e9 dans le cas de fermet\u00e9 de visage.<\/span><\/p>\n","protected":false},"excerpt":{"rendered":"<p>S\u00e9rum\u00a0Skin Structure Red\u00e9finition Fermet\u00e9 30 ml est un s\u00e9rum triple action qui remet les traits en tension, pour un visage rajeunit.<\/p>\n","protected":false},"featured_media":24260,"comment_status":"open","ping_status":"closed","template":"","meta":[],"product_cat":[20],"product_tag":[],"class_list":{"0":"post-17155","1":"product","2":"type-product","3":"status-publish","4":"has-post-thumbnail","6":"product_cat-accessories","8":"first","9":"instock","10":"shipping-taxable","11":"product-type-simple"},"jetpack_sharing_enabled":true,"_links":{"self":[{"href":"https:\/\/para-pharmacity.tn\/index.php?rest_route=\/wp\/v2\/product\/17155","targetHints":{"allow":["GET"]}}],"collection":[{"href":"https:\/\/para-pharmacity.tn\/index.php?rest_route=\/wp\/v2\/product"}],"about":[{"href":"https:\/\/para-pharmacity.tn\/index.php?rest_route=\/wp\/v2\/types\/product"}],"replies":[{"embeddable":true,"href":"https:\/\/para-pharmacity.tn\/index.php?rest_route=%2Fwp%2Fv2%2Fcomments&post=17155"}],"version-history":[{"count":2,"href":"https:\/\/para-pharmacity.tn\/index.php?rest_route=\/wp\/v2\/product\/17155\/revisions"}],"predecessor-version":[{"id":24264,"href":"https:\/\/para-pharmacity.tn\/index.php?rest_route=\/wp\/v2\/product\/17155\/revisions\/24264"}],"wp:featuredmedia":[{"embeddable":true,"href":"https:\/\/para-pharmacity.tn\/index.php?rest_route=\/wp\/v2\/media\/24260"}],"wp:attachment":[{"href":"https:\/\/para-pharmacity.tn\/index.php?rest_route=%2Fwp%2Fv2%2Fmedia&parent=17155"}],"wp:term":[{"taxonomy":"product_cat","embeddable":true,"href":"https:\/\/para-pharmacity.tn\/index.php?rest_route=%2Fwp%2Fv2%2Fproduct_cat&post=17155"},{"taxonomy":"product_tag","embeddable":true,"href":"https:\/\/para-pharmacity.tn\/index.php?rest_route=%2Fwp%2Fv2%2Fproduct_tag&post=17155"}],"curies":[{"name":"wp","href":"https:\/\/api.w.org\/{rel}","templated":true}]}}