{"id":17154,"date":"2024-07-10T23:01:32","date_gmt":"2024-07-10T23:01:32","guid":{"rendered":"https:\/\/para-pharmacity.tn\/?product=filorga-skin-absolute-nuit-50ml"},"modified":"2024-09-03T13:00:05","modified_gmt":"2024-09-03T13:00:05","slug":"filorga-skin-absolute-nuit-50ml","status":"publish","type":"product","link":"https:\/\/para-pharmacity.tn\/?product=filorga-skin-absolute-nuit-50ml","title":{"rendered":"FILORGA SKIN ABSOLUTE NUIT 50ML"},"content":{"rendered":"<p><strong>Le Soin Anti-\u00c2ge Ultime Nuit de la gamme SKIN ABSOLUTE des laboratoires FILORGA<\/strong>\u00a0est r\u00e9volutionnaire : original, sa couleur in\u00e9dite et sa texture voluptueuse vous promettent une nouvelle exp\u00e9rience sensorielle.<\/p>\n<p>Noir comme la nuit, durant laquelle il op\u00e8re, il est, comme la nuit, le meilleur agent r\u00e9g\u00e9n\u00e9rateur de votre peau.<\/p>\n<p>Enrichi en poudres de m\u00e9t\u00e9orite, les pigments de ce soin \u00e0 la couleur noire laqu\u00e9e se fondent imm\u00e9diatement dans votre peau et l&rsquo;illuminent.<br \/>\nUne algue brune stimule l&rsquo;activit\u00e9 g\u00e9n\u00e9tique des cellules \u00e9pidermiques, pour une jeunesse toujours renouvel\u00e9e.<br \/>\nVous ne verrez plus que l&rsquo;\u00e9clat qui se d\u00e9gage de votre peau.<\/p>\n<p>Son\u00a0<strong>action anti-\u00e2ge<\/strong>\u00a0s&rsquo;exerce \u00e9galement sur tous les crit\u00e8res de jeunesse de la peau :<br \/>\n<strong>&#8211; Action anti-rides :<\/strong>\u00a0les traits sont relax\u00e9s et la peau liss\u00e9e par un actif similaire au Botox<br \/>\n<strong>&#8211; Action fermet\u00e9 :<\/strong>\u00a0la structure de la peau est densifi\u00e9e au niveau des fibres de collag\u00e8ne, et repulp\u00e9e gr\u00e2ce \u00e0 un apport suppl\u00e9mentaire d&rsquo;acide hyaluronique<br \/>\n<strong>&#8211; Action anti-t\u00e2ches :<\/strong>\u00a0un extrait de son diminue la production de m\u00e9lanine,, les t\u00e2ches se r\u00e9duisent progressivement<br \/>\n<strong>&#8211; Action \u00e9clat :<\/strong>\u00a0un d\u00e9riv\u00e9 de vitamine C booste l&rsquo;effet bonne mine et homog\u00e9n\u00e9ise le teint.<\/p>\n","protected":false},"excerpt":{"rendered":"<p>Il se caract\u00e9rise par une\u00a0texture noire qui s\u2019estompe et r\u00e9g\u00e9n\u00e8re la peau durant le sommeil pour une peau repulp\u00e9e et lumineuse au r\u00e9veil.<\/p>\n","protected":false},"featured_media":24254,"comment_status":"open","ping_status":"closed","template":"","meta":[],"product_cat":[20],"product_tag":[],"class_list":{"0":"post-17154","1":"product","2":"type-product","3":"status-publish","4":"has-post-thumbnail","6":"product_cat-accessories","8":"first","9":"instock","10":"shipping-taxable","11":"product-type-simple"},"jetpack_sharing_enabled":true,"_links":{"self":[{"href":"https:\/\/para-pharmacity.tn\/index.php?rest_route=\/wp\/v2\/product\/17154","targetHints":{"allow":["GET"]}}],"collection":[{"href":"https:\/\/para-pharmacity.tn\/index.php?rest_route=\/wp\/v2\/product"}],"about":[{"href":"https:\/\/para-pharmacity.tn\/index.php?rest_route=\/wp\/v2\/types\/product"}],"replies":[{"embeddable":true,"href":"https:\/\/para-pharmacity.tn\/index.php?rest_route=%2Fwp%2Fv2%2Fcomments&post=17154"}],"version-history":[{"count":2,"href":"https:\/\/para-pharmacity.tn\/index.php?rest_route=\/wp\/v2\/product\/17154\/revisions"}],"predecessor-version":[{"id":24258,"href":"https:\/\/para-pharmacity.tn\/index.php?rest_route=\/wp\/v2\/product\/17154\/revisions\/24258"}],"wp:featuredmedia":[{"embeddable":true,"href":"https:\/\/para-pharmacity.tn\/index.php?rest_route=\/wp\/v2\/media\/24254"}],"wp:attachment":[{"href":"https:\/\/para-pharmacity.tn\/index.php?rest_route=%2Fwp%2Fv2%2Fmedia&parent=17154"}],"wp:term":[{"taxonomy":"product_cat","embeddable":true,"href":"https:\/\/para-pharmacity.tn\/index.php?rest_route=%2Fwp%2Fv2%2Fproduct_cat&post=17154"},{"taxonomy":"product_tag","embeddable":true,"href":"https:\/\/para-pharmacity.tn\/index.php?rest_route=%2Fwp%2Fv2%2Fproduct_tag&post=17154"}],"curies":[{"name":"wp","href":"https:\/\/api.w.org\/{rel}","templated":true}]}}