{"id":17152,"date":"2024-07-10T23:01:31","date_gmt":"2024-07-10T23:01:31","guid":{"rendered":"https:\/\/para-pharmacity.tn\/?product=filorga-scrub-and-peel"},"modified":"2024-09-03T12:42:08","modified_gmt":"2024-09-03T12:42:08","slug":"filorga-scrub-and-peel","status":"publish","type":"product","link":"https:\/\/para-pharmacity.tn\/?product=filorga-scrub-and-peel","title":{"rendered":"FILORGA SCRUB AND PEEL"},"content":{"rendered":"<p>Filorga scrub peel est une cr\u00e8me Exfoliante Resurfa\u00e7ante a pour but Effet Peau Neuve imm\u00e9diat, un gommage double exfoliation pour lisser, renouveler et hydrater la peau<\/p>\n<p>Scrub et peel filorga est un gommage double exfoliation pour lisser, renouveler et hydrater la peau en un seul geste.<\/p>\n<p><b>Il se fait en 2 ETAPES :<\/b><\/p>\n<p><b>Etape 1<\/b>\u00a0: Double exfoliation<\/p>\n<p>Il est indiqu\u00e9 d&rsquo;appliquer FILORGA SCRUB PEEL sur peau s\u00e8che ou humide et masser : des micro-sph\u00e8res volcaniques effectuent une exfoliation douce pour une efficacit\u00e9 lissante imm\u00e9diate tandis que le complexe peeling-10% stimule la desquamation cutan\u00e9e pour un effet peau neuve int\u00e9gral.<\/p>\n<p><b>Etape 2\u00a0<\/b>: Rin\u00e7age nutritif.<\/p>\n<p>Il est indiqu\u00e9 de Rincer abondamment. Sa texture se transforme en lait hydratant \u00e0 effet instantan\u00e9 pour laisser la peau confortable et velout\u00e9e imm\u00e9diatement et tout au long de la journ\u00e9e.<\/p>\n","protected":false},"excerpt":{"rendered":"<p>Effet Peau Neuve imm\u00e9diat EXFOLIE &#8211; LISSE &#8211; HYDRATE &#8211; ADOUCIT<\/p>\n","protected":false},"featured_media":24246,"comment_status":"open","ping_status":"closed","template":"","meta":[],"product_cat":[20],"product_tag":[],"class_list":{"0":"post-17152","1":"product","2":"type-product","3":"status-publish","4":"has-post-thumbnail","6":"product_cat-accessories","8":"first","9":"instock","10":"shipping-taxable","11":"product-type-simple"},"jetpack_sharing_enabled":true,"_links":{"self":[{"href":"https:\/\/para-pharmacity.tn\/index.php?rest_route=\/wp\/v2\/product\/17152","targetHints":{"allow":["GET"]}}],"collection":[{"href":"https:\/\/para-pharmacity.tn\/index.php?rest_route=\/wp\/v2\/product"}],"about":[{"href":"https:\/\/para-pharmacity.tn\/index.php?rest_route=\/wp\/v2\/types\/product"}],"replies":[{"embeddable":true,"href":"https:\/\/para-pharmacity.tn\/index.php?rest_route=%2Fwp%2Fv2%2Fcomments&post=17152"}],"version-history":[{"count":2,"href":"https:\/\/para-pharmacity.tn\/index.php?rest_route=\/wp\/v2\/product\/17152\/revisions"}],"predecessor-version":[{"id":24248,"href":"https:\/\/para-pharmacity.tn\/index.php?rest_route=\/wp\/v2\/product\/17152\/revisions\/24248"}],"wp:featuredmedia":[{"embeddable":true,"href":"https:\/\/para-pharmacity.tn\/index.php?rest_route=\/wp\/v2\/media\/24246"}],"wp:attachment":[{"href":"https:\/\/para-pharmacity.tn\/index.php?rest_route=%2Fwp%2Fv2%2Fmedia&parent=17152"}],"wp:term":[{"taxonomy":"product_cat","embeddable":true,"href":"https:\/\/para-pharmacity.tn\/index.php?rest_route=%2Fwp%2Fv2%2Fproduct_cat&post=17152"},{"taxonomy":"product_tag","embeddable":true,"href":"https:\/\/para-pharmacity.tn\/index.php?rest_route=%2Fwp%2Fv2%2Fproduct_tag&post=17152"}],"curies":[{"name":"wp","href":"https:\/\/api.w.org\/{rel}","templated":true}]}}