{"id":17151,"date":"2024-07-10T23:01:31","date_gmt":"2024-07-10T23:01:31","guid":{"rendered":"https:\/\/para-pharmacity.tn\/?product=filorga-scrub-mask-55-ml"},"modified":"2024-09-03T12:34:26","modified_gmt":"2024-09-03T12:34:26","slug":"filorga-scrub-mask-55-ml","status":"publish","type":"product","link":"https:\/\/para-pharmacity.tn\/?product=filorga-scrub-mask-55-ml","title":{"rendered":"FILORGA SCRUB &amp; MASK 55 ML"},"content":{"rendered":"<div class=\"col-xs-12\">\n<h3>Descriptif:<\/h3>\n<div class=\"col-xs-12\">MASQUE EXFOLIANT R\u00c9OXYG\u00c9NANT<br \/>\nUN MASQUE DOUBLE EXFOLIATION POUR R\u00c9OXYG\u00c9NER ET FAIRE \u00c9CLORE UNE NOUVELLE PEAU.\u00c9tape 1 : gommage \u00e9closion nouvelle peau<br \/>\nMasser d\u00e9licatement sur une peau propre: des sph\u00e8res de perlite effectuent une exfoliation douce de la peau tandis qu&rsquo;une enzyme mimant le processus d&rsquo;\u00e9closion embryonnaire, stimule la desquamation pour un effet peau neuve int\u00e9gral.<\/p>\n<p>\u00c9tape 2 : masque r\u00e9oxyg\u00e9nant anti-\u00e2ge<br \/>\nUne fois le gommage r\u00e9alis\u00e9, laisser poser, la texture se transforme en une mousse de soin active : le NCTF\u00ae stimule la r\u00e9g\u00e9n\u00e9ration cellulaire et des micro-bulles d&rsquo;oxyg\u00e8ne se lib\u00e8rent pour favoriser la respiration des peaux asphyxi\u00e9es. Quand les bulles ont disparu, il est temps de rincer.<\/p>\n<p>Imm\u00e9diatement, les pores sont resserr\u00e9s, le grain de peau affin\u00e9 et liss\u00e9. R\u00e9oxyg\u00e9n\u00e9e, la peau respire d&rsquo;un nouvel \u00e9clat.<\/p>\n<\/div>\n<\/div>\n<div class=\"col-xs-12\">\n<h3>Conseils d&rsquo;utilisation:<\/h3>\n<p>SCRUB &amp; MASK &#8211; LA BONNE GESTUELLE<\/p>\n<p>1. \u00c9taler SCRUB &amp; MASK en couche \u00e9paisse sur la peau s\u00e8che, en \u00e9vitant le contour des yeux.<br \/>\n2. Masser par l\u00e9gers mouvements circulaires pendant 1 minute.<br \/>\n3. Laisser poser. Des bulles se forment, signe que la texture se charge en oxyg\u00e8ne.<br \/>\n4. Apr\u00e8s disparition des bulles (10 minutes environ), rincer simplement \u00e0 l&rsquo;eau.<\/p>\n<p>SCRUB &amp; MASK peut \u00eatre utilis\u00e9 une \u00e0 trois fois par semaine, en fonction du type de peau.<\/p>\n<\/div>\n","protected":false},"excerpt":{"rendered":"<p>MASQUE EXFOLIANT R\u00c9OXYG\u00c9NANT<\/p>\n<p>UN MASQUE DOUBLE EXFOLIATION POUR R\u00c9OXYG\u00c9NER ET FAIRE\u00a0\u00c9CLORE UNE NOUVELLE PEAU.<\/p>\n","protected":false},"featured_media":24240,"comment_status":"open","ping_status":"closed","template":"","meta":[],"product_cat":[20],"product_tag":[],"class_list":{"0":"post-17151","1":"product","2":"type-product","3":"status-publish","4":"has-post-thumbnail","6":"product_cat-accessories","8":"first","9":"instock","10":"shipping-taxable","11":"product-type-simple"},"jetpack_sharing_enabled":true,"_links":{"self":[{"href":"https:\/\/para-pharmacity.tn\/index.php?rest_route=\/wp\/v2\/product\/17151","targetHints":{"allow":["GET"]}}],"collection":[{"href":"https:\/\/para-pharmacity.tn\/index.php?rest_route=\/wp\/v2\/product"}],"about":[{"href":"https:\/\/para-pharmacity.tn\/index.php?rest_route=\/wp\/v2\/types\/product"}],"replies":[{"embeddable":true,"href":"https:\/\/para-pharmacity.tn\/index.php?rest_route=%2Fwp%2Fv2%2Fcomments&post=17151"}],"version-history":[{"count":3,"href":"https:\/\/para-pharmacity.tn\/index.php?rest_route=\/wp\/v2\/product\/17151\/revisions"}],"predecessor-version":[{"id":24244,"href":"https:\/\/para-pharmacity.tn\/index.php?rest_route=\/wp\/v2\/product\/17151\/revisions\/24244"}],"wp:featuredmedia":[{"embeddable":true,"href":"https:\/\/para-pharmacity.tn\/index.php?rest_route=\/wp\/v2\/media\/24240"}],"wp:attachment":[{"href":"https:\/\/para-pharmacity.tn\/index.php?rest_route=%2Fwp%2Fv2%2Fmedia&parent=17151"}],"wp:term":[{"taxonomy":"product_cat","embeddable":true,"href":"https:\/\/para-pharmacity.tn\/index.php?rest_route=%2Fwp%2Fv2%2Fproduct_cat&post=17151"},{"taxonomy":"product_tag","embeddable":true,"href":"https:\/\/para-pharmacity.tn\/index.php?rest_route=%2Fwp%2Fv2%2Fproduct_tag&post=17151"}],"curies":[{"name":"wp","href":"https:\/\/api.w.org\/{rel}","templated":true}]}}