{"id":17149,"date":"2024-07-10T23:01:31","date_gmt":"2024-07-10T23:01:31","guid":{"rendered":"https:\/\/para-pharmacity.tn\/?product=filorga-purify-cleanser-gel-150ml"},"modified":"2024-09-03T11:40:13","modified_gmt":"2024-09-03T11:40:13","slug":"filorga-purify-cleanser-gel-150ml","status":"publish","type":"product","link":"https:\/\/para-pharmacity.tn\/?product=filorga-purify-cleanser-gel-150ml","title":{"rendered":"FILORGA PURIFY CLEANSER GEL 150ML"},"content":{"rendered":"<p>Gel nettoyant lissant purifiant \u2013 Effet peau neuve intensif. Formule d\u00e9velopp\u00e9e avec des m\u00e9decins esth\u00e9tiques et des dermatologues(1). Enrichie en actifs lissants et purifiants pour une peau simultan\u00e9ment plus lisse et plus nette.<\/p>\n<p>Son + : une matrice 3D compos\u00e9e de 3 polysaccharides pour d\u00e9barrasser la peau des impuret\u00e9s et des particules de pollution.<\/p>\n<p>Focus sensorialit\u00e9 : une texture gel verte qui se transforme en mousse fine lors du massage et qui laisse la peau divinement souple apr\u00e8s<\/p>\n<p>le rin\u00e7age.<\/p>\n<p><strong>Conseils D&rsquo;utilisation:<\/strong><\/p>\n<p>Utiliser matin et soir. Appliquer sur peau humide et masser d\u00e9licatement sur l\u2019ensemble du visage, le gel se transforme en une mousse fine. Rincer.<\/p>\n","protected":false},"excerpt":{"rendered":"<p>Gel nettoyant visage lissant purifiant effet peau neuve intensif<\/p>\n","protected":false},"featured_media":24225,"comment_status":"open","ping_status":"closed","template":"","meta":[],"product_cat":[20],"product_tag":[],"class_list":{"0":"post-17149","1":"product","2":"type-product","3":"status-publish","4":"has-post-thumbnail","6":"product_cat-accessories","8":"first","9":"instock","10":"shipping-taxable","11":"product-type-simple"},"jetpack_sharing_enabled":true,"_links":{"self":[{"href":"https:\/\/para-pharmacity.tn\/index.php?rest_route=\/wp\/v2\/product\/17149","targetHints":{"allow":["GET"]}}],"collection":[{"href":"https:\/\/para-pharmacity.tn\/index.php?rest_route=\/wp\/v2\/product"}],"about":[{"href":"https:\/\/para-pharmacity.tn\/index.php?rest_route=\/wp\/v2\/types\/product"}],"replies":[{"embeddable":true,"href":"https:\/\/para-pharmacity.tn\/index.php?rest_route=%2Fwp%2Fv2%2Fcomments&post=17149"}],"version-history":[{"count":2,"href":"https:\/\/para-pharmacity.tn\/index.php?rest_route=\/wp\/v2\/product\/17149\/revisions"}],"predecessor-version":[{"id":24230,"href":"https:\/\/para-pharmacity.tn\/index.php?rest_route=\/wp\/v2\/product\/17149\/revisions\/24230"}],"wp:featuredmedia":[{"embeddable":true,"href":"https:\/\/para-pharmacity.tn\/index.php?rest_route=\/wp\/v2\/media\/24225"}],"wp:attachment":[{"href":"https:\/\/para-pharmacity.tn\/index.php?rest_route=%2Fwp%2Fv2%2Fmedia&parent=17149"}],"wp:term":[{"taxonomy":"product_cat","embeddable":true,"href":"https:\/\/para-pharmacity.tn\/index.php?rest_route=%2Fwp%2Fv2%2Fproduct_cat&post=17149"},{"taxonomy":"product_tag","embeddable":true,"href":"https:\/\/para-pharmacity.tn\/index.php?rest_route=%2Fwp%2Fv2%2Fproduct_tag&post=17149"}],"curies":[{"name":"wp","href":"https:\/\/api.w.org\/{rel}","templated":true}]}}