{"id":17148,"date":"2024-07-10T23:01:30","date_gmt":"2024-07-10T23:01:30","guid":{"rendered":"https:\/\/para-pharmacity.tn\/?product=filorga-pore-express"},"modified":"2024-09-03T11:29:31","modified_gmt":"2024-09-03T11:29:31","slug":"filorga-pore-express","status":"publish","type":"product","link":"https:\/\/para-pharmacity.tn\/?product=filorga-pore-express","title":{"rendered":"FILORGA PORE EXPRESS"},"content":{"rendered":"<p>Action perfectrice express [technologie mat &amp; blur] :<br \/>\nUne texture respirante qui combine des s\u00e9bo-capteurs min\u00e9raux pour un effet matifiant flash, associ\u00e9s \u00e0 des flouteurs optiques pour un lissage imm\u00e9diat des pores et du grain de peau.<br \/>\nMulti-correction durable [pores + matit\u00e9 + imperfections] :<br \/>\nUne association de 4 actifs [bio-ferment astringent + s\u00e9bo-r\u00e9ducteur v\u00e9g\u00e9tal + niacinamide apaisante + booster de collag\u00e8ne] pour r\u00e9duire durablement pores, exc\u00e8s de s\u00e9bum, rougeurs diffuses et imperfections rebelles.<br \/>\nLe + :<br \/>\nUne protection urbaine [impuret\u00e9s + pollution] pour une peau nette tout au long de la journ\u00e9e<br \/>\nTexture transparente, non grasse, non com\u00e9dog\u00e8ne, oil free<\/p>\n<p>Conseils d&rsquo;utilisations:<br \/>\nIl est conseill\u00e9 d&rsquo;appliquer apr\u00e8s les soins quotidiens sur l\u2019ensemble du visage ou sur les zones concern\u00e9es.<br \/>\nExcellente base de maquillage. Peut \u00e9galement s\u2019utiliser en retouche au cours de la journ\u00e9e pour une mise en beaut\u00e9 flash.<\/p>\n","protected":false},"excerpt":{"rendered":"<p>[Pores + Matit\u00e9]<br \/>\nFilorga Pore-Express est une base R\u00e9gulatrice destin\u00e9e pour les peaux qui souffrent des pores dilat\u00e9s, une brillance au cours de la semaine, Cette Creme form\u00e9 par un CONCENTRE D\u2019ACTIFS PURIFIANTS DANS UNE BASE PERFECTRICE DOUBLE ACTION [EXPRESS + DURABLE]<\/p>\n","protected":false},"featured_media":24220,"comment_status":"open","ping_status":"closed","template":"","meta":[],"product_cat":[20],"product_tag":[],"class_list":{"0":"post-17148","1":"product","2":"type-product","3":"status-publish","4":"has-post-thumbnail","6":"product_cat-accessories","8":"first","9":"instock","10":"shipping-taxable","11":"product-type-simple"},"jetpack_sharing_enabled":true,"_links":{"self":[{"href":"https:\/\/para-pharmacity.tn\/index.php?rest_route=\/wp\/v2\/product\/17148","targetHints":{"allow":["GET"]}}],"collection":[{"href":"https:\/\/para-pharmacity.tn\/index.php?rest_route=\/wp\/v2\/product"}],"about":[{"href":"https:\/\/para-pharmacity.tn\/index.php?rest_route=\/wp\/v2\/types\/product"}],"replies":[{"embeddable":true,"href":"https:\/\/para-pharmacity.tn\/index.php?rest_route=%2Fwp%2Fv2%2Fcomments&post=17148"}],"version-history":[{"count":2,"href":"https:\/\/para-pharmacity.tn\/index.php?rest_route=\/wp\/v2\/product\/17148\/revisions"}],"predecessor-version":[{"id":24223,"href":"https:\/\/para-pharmacity.tn\/index.php?rest_route=\/wp\/v2\/product\/17148\/revisions\/24223"}],"wp:featuredmedia":[{"embeddable":true,"href":"https:\/\/para-pharmacity.tn\/index.php?rest_route=\/wp\/v2\/media\/24220"}],"wp:attachment":[{"href":"https:\/\/para-pharmacity.tn\/index.php?rest_route=%2Fwp%2Fv2%2Fmedia&parent=17148"}],"wp:term":[{"taxonomy":"product_cat","embeddable":true,"href":"https:\/\/para-pharmacity.tn\/index.php?rest_route=%2Fwp%2Fv2%2Fproduct_cat&post=17148"},{"taxonomy":"product_tag","embeddable":true,"href":"https:\/\/para-pharmacity.tn\/index.php?rest_route=%2Fwp%2Fv2%2Fproduct_tag&post=17148"}],"curies":[{"name":"wp","href":"https:\/\/api.w.org\/{rel}","templated":true}]}}