{"id":17146,"date":"2024-07-10T23:01:30","date_gmt":"2024-07-10T23:01:30","guid":{"rendered":"https:\/\/para-pharmacity.tn\/?product=filorga-pigment-perfect-serum-corr"},"modified":"2024-09-03T11:03:49","modified_gmt":"2024-09-03T11:03:49","slug":"filorga-pigment-perfect-serum-corr","status":"publish","type":"product","link":"https:\/\/para-pharmacity.tn\/?product=filorga-pigment-perfect-serum-corr","title":{"rendered":"FILORGA PIGMENT PERFECT SERUM CORR"},"content":{"rendered":"<p>Ce s\u00e9rum est riche en vitamine C qui vise \u00e0 homog\u00e9niser le teint et lui procurer de l\u2019\u00e9clat pour une peau lumineuse.<br \/>\nIl est compos\u00e9 d&rsquo;un extrait v\u00e9g\u00e9tal aux propri\u00e9t\u00e9s anti-radicalaires et antiinflammatoires pour prot\u00e8ger la peau des taches pigmentaires g\u00e9n\u00e9r\u00e9es par le stress oxydatif.<br \/>\nIl est id\u00e9al \u00e9galement en relais des traitements Laser, IPL ou peeling antitache.<\/p>\n<p>Conseils d&rsquo;utilisation:<br \/>\nIl est indiqu\u00e9 de l&rsquo;appliquer chaque matin et soir, avant la cr\u00e8me de jour ou de nuit sur l\u2019ensemble du visage..<br \/>\nPour un traitement anti-t\u00e2che intensif et acc\u00e9l\u00e9r\u00e9, il est conseill\u00e9 d&rsquo;utiliser PIGMENT-PERFECT pendant 12 semaines minimum en combinaison avec le soin Sleep &amp; Peel de Filorga.<\/p>\n<p>Ce soin est destin\u00e9 pour tous types de peaux.<\/p>\n","protected":false},"excerpt":{"rendered":"<p>Ce soin se caract\u00e9rise par un extrait de houblon qui r\u00e9gule la pigmentation tout en diminuant la production de m\u00e9lanine afin de r\u00e9duire visiblement la taille et l\u2019intensit\u00e9 des taches.<\/p>\n","protected":false},"featured_media":24215,"comment_status":"open","ping_status":"closed","template":"","meta":[],"product_cat":[20],"product_tag":[],"class_list":{"0":"post-17146","1":"product","2":"type-product","3":"status-publish","4":"has-post-thumbnail","6":"product_cat-accessories","8":"first","9":"instock","10":"shipping-taxable","11":"product-type-simple"},"jetpack_sharing_enabled":true,"_links":{"self":[{"href":"https:\/\/para-pharmacity.tn\/index.php?rest_route=\/wp\/v2\/product\/17146","targetHints":{"allow":["GET"]}}],"collection":[{"href":"https:\/\/para-pharmacity.tn\/index.php?rest_route=\/wp\/v2\/product"}],"about":[{"href":"https:\/\/para-pharmacity.tn\/index.php?rest_route=\/wp\/v2\/types\/product"}],"replies":[{"embeddable":true,"href":"https:\/\/para-pharmacity.tn\/index.php?rest_route=%2Fwp%2Fv2%2Fcomments&post=17146"}],"version-history":[{"count":3,"href":"https:\/\/para-pharmacity.tn\/index.php?rest_route=\/wp\/v2\/product\/17146\/revisions"}],"predecessor-version":[{"id":24218,"href":"https:\/\/para-pharmacity.tn\/index.php?rest_route=\/wp\/v2\/product\/17146\/revisions\/24218"}],"wp:featuredmedia":[{"embeddable":true,"href":"https:\/\/para-pharmacity.tn\/index.php?rest_route=\/wp\/v2\/media\/24215"}],"wp:attachment":[{"href":"https:\/\/para-pharmacity.tn\/index.php?rest_route=%2Fwp%2Fv2%2Fmedia&parent=17146"}],"wp:term":[{"taxonomy":"product_cat","embeddable":true,"href":"https:\/\/para-pharmacity.tn\/index.php?rest_route=%2Fwp%2Fv2%2Fproduct_cat&post=17146"},{"taxonomy":"product_tag","embeddable":true,"href":"https:\/\/para-pharmacity.tn\/index.php?rest_route=%2Fwp%2Fv2%2Fproduct_tag&post=17146"}],"curies":[{"name":"wp","href":"https:\/\/api.w.org\/{rel}","templated":true}]}}