{"id":17145,"date":"2024-07-10T23:01:29","date_gmt":"2024-07-10T23:01:29","guid":{"rendered":"https:\/\/para-pharmacity.tn\/?product=filorga-oxygene-peel-lotion-150-ml"},"modified":"2024-09-03T10:56:04","modified_gmt":"2024-09-03T10:56:04","slug":"filorga-oxygene-peel-lotion-150-ml","status":"publish","type":"product","link":"https:\/\/para-pharmacity.tn\/?product=filorga-oxygene-peel-lotion-150-ml","title":{"rendered":"FILORGA OXYGENE PEEL LOTION 150 ML"},"content":{"rendered":"<h3 class=\"title-block\">Description<\/h3>\n<p>Pollution, stress, fatigue, tabac\u2026<\/p>\n<p>La peau manque d\u2019oxyg\u00e8ne et la grise mine s\u2019installe.<\/p>\n<p>Pour offrir \u00e0 toutes les peaux essouffl\u00e9es une v\u00e9ritable renaissance cutan\u00e9e, Filorga cr\u00e9e\u00a0<strong>OXYGEN-PEEL<\/strong>, la lotion quotidienne micro-peeling, adapt\u00e9e \u00e0 tous les types de peaux pour un effet peau neuve quotidien.<br \/>\n<b>Lissage intense :<\/b><\/p>\n<p>Un cocktail micro-peeling 6-6 [6 acides &#8211; 6%] exfolie la peau en douceur et lisse rides et pores.<\/p>\n<p><b>Hydratation ultra-fra\u00eeche :<\/b><\/p>\n<p>De l\u2019acide hyaluronique r\u00e9hydrate et repulpe la peau.<\/p>\n<p><b>R\u00e9oxyg\u00e9nation \u00e9clat :<\/b><\/p>\n<p>Des capteurs d&rsquo;oxyg\u00e8ne bio-actifs, favorisent l\u2019oxyg\u00e9nation cellulaire et r\u00e9v\u00e8lent un teint frais et lumineux.<\/p>\n<p>UN EFFET PEAU NEUVE 7J\/7 D\u00c8S LA PREMI\u00c8RE APPLICATION :<\/p>\n<p>100% PEAU LISS\u00c9E<sup>(1)<\/sup><br \/>\n86% PORES AFFIN\u00c9S<sup>(1)<\/sup><br \/>\n96% PEAU PLUS LUMINEUSE &amp; HYDRAT\u00c9E<sup>(1)<\/sup><br \/>\n93% TEINT UNIFI\u00c9<sup>(1)<\/sup><\/p>\n<p><i>Test\u00e9 sous contr\u00f4le dermatologique<sup>(1)<\/sup>. 150ml<\/i><\/p>\n<div class=\"smalltext\"><i><sup>1<\/sup>\u00a0\u00c9tude clinique 2017 &#8211; Oxygen Peel &#8211; Auto-\u00e9valuation (% de satisfaction) &#8211; Application 1 fois\/jour &#8211; 30 sujets &#8211; 25 \u00e0 60 ans &#8211; 28 jours.<\/i><\/div>\n<h3>Utilisation<\/h3>\n<p>Appliquer le soir \u00e0 l\u2019aide d\u2019un coton sur une peau propre. Usage quotidien apr\u00e8s le d\u00e9maquillage.<br \/>\n\u00c9viter le contour des yeux. Sans rin\u00e7age. Conserver \u00e0 temp\u00e9rature ambiante et \u00e0 l\u2019abri de la lumi\u00e8re du jour.<\/p>\n","protected":false},"excerpt":{"rendered":"<p>LOTION MICRO-PEELING R\u00c9OXYG\u00c9NANTE [RIDES \u2013 PORES \u2013 \u00c9CLAT \u2013 HOMOG\u00c9NEIT\u00c9] EFFET PEAU NEUVE AU QUOTIDIEN.<\/p>\n","protected":false},"featured_media":24208,"comment_status":"open","ping_status":"closed","template":"","meta":[],"product_cat":[20],"product_tag":[],"class_list":{"0":"post-17145","1":"product","2":"type-product","3":"status-publish","4":"has-post-thumbnail","6":"product_cat-accessories","8":"first","9":"instock","10":"shipping-taxable","11":"product-type-simple"},"jetpack_sharing_enabled":true,"_links":{"self":[{"href":"https:\/\/para-pharmacity.tn\/index.php?rest_route=\/wp\/v2\/product\/17145","targetHints":{"allow":["GET"]}}],"collection":[{"href":"https:\/\/para-pharmacity.tn\/index.php?rest_route=\/wp\/v2\/product"}],"about":[{"href":"https:\/\/para-pharmacity.tn\/index.php?rest_route=\/wp\/v2\/types\/product"}],"replies":[{"embeddable":true,"href":"https:\/\/para-pharmacity.tn\/index.php?rest_route=%2Fwp%2Fv2%2Fcomments&post=17145"}],"version-history":[{"count":3,"href":"https:\/\/para-pharmacity.tn\/index.php?rest_route=\/wp\/v2\/product\/17145\/revisions"}],"predecessor-version":[{"id":24213,"href":"https:\/\/para-pharmacity.tn\/index.php?rest_route=\/wp\/v2\/product\/17145\/revisions\/24213"}],"wp:featuredmedia":[{"embeddable":true,"href":"https:\/\/para-pharmacity.tn\/index.php?rest_route=\/wp\/v2\/media\/24208"}],"wp:attachment":[{"href":"https:\/\/para-pharmacity.tn\/index.php?rest_route=%2Fwp%2Fv2%2Fmedia&parent=17145"}],"wp:term":[{"taxonomy":"product_cat","embeddable":true,"href":"https:\/\/para-pharmacity.tn\/index.php?rest_route=%2Fwp%2Fv2%2Fproduct_cat&post=17145"},{"taxonomy":"product_tag","embeddable":true,"href":"https:\/\/para-pharmacity.tn\/index.php?rest_route=%2Fwp%2Fv2%2Fproduct_tag&post=17145"}],"curies":[{"name":"wp","href":"https:\/\/api.w.org\/{rel}","templated":true}]}}