{"id":17144,"date":"2024-07-10T23:01:29","date_gmt":"2024-07-10T23:01:29","guid":{"rendered":"https:\/\/para-pharmacity.tn\/?product=filorga-oxygen-glow-mask"},"modified":"2024-09-03T10:40:09","modified_gmt":"2024-09-03T10:40:09","slug":"filorga-oxygen-glow-mask","status":"publish","type":"product","link":"https:\/\/para-pharmacity.tn\/?product=filorga-oxygen-glow-mask","title":{"rendered":"FILORGA OXYGEN GLOW MASK"},"content":{"rendered":"<p style=\"font-weight: 400\"><b><strong>OXYGEN-GLOW [MASK], un masque visage cr\u00e8me pour un effet peau parfaite et \u00e9clatante en 10 minutes chrono !<\/strong><\/b><\/p>\n<p style=\"font-style: inherit;font-weight: inherit\">Le masque visage\u00a0<b><strong style=\"font-style: inherit\">OXYGEN-GLOW [MASK]<\/strong><\/b>\u00a0r\u00e9unit un booster d\u2019oxyg\u00e9nation, de l\u2019acide hyaluronique repulpant et lissant et de la L-enzyme d\u00e9toxifiante* pour r\u00e9v\u00e9ler une peau parfaite en 10 minutes chrono !<\/p>\n<p style=\"font-style: inherit;font-weight: inherit\">Sa texture hydra-illuminatrice, int\u00e9grant la technologie Photoperfector HD, assure un effet peau sublim\u00e9e instantan\u00e9.<\/p>\n<p style=\"font-style: inherit;font-weight: inherit\"><b><strong style=\"font-style: inherit\">Le +<\/strong><\/b>\u00a0: une action unifiante express gr\u00e2ce \u00e0 un trio d\u2019actifs \u00e0 effet peeling.<\/p>\n<p style=\"font-weight: 400\"><b><strong>CONSEILS D\u2019UTILISATION:<\/strong><\/b><\/p>\n<p style=\"font-weight: 400\">Appliquer le masque en couche g\u00e9n\u00e9reuse sur peau propre et s\u00e8che, sur l&rsquo;ensemble du visage, cou et d\u00e9collet\u00e9.<\/p>\n<p style=\"font-weight: 400\">Laisser agir 10 min. Retirer avec un coton humide.<\/p>\n<p style=\"font-weight: 400\">Utiliser une \u00e0 trois fois par semaine. Peut \u00e9galement s&rsquo;utiliser quotidiennement en cure de 7 jours pour un effet superperfecteur intense.<\/p>\n","protected":false},"excerpt":{"rendered":"<p>Ce masque express des Laboratoires Filorga a pour objectif de\u00a0lisser, unifier,\u00a0repulper\u00a0et d\u00e9toxifie la peau.<br \/>\nIl va traiter en profondeur les peaux dont le teint est tr\u00e8s terne, les peaux d\u00e9shydrat\u00e9es, les grains irr\u00e9guliers et les peaux en manque d&rsquo;uniformit\u00e9.<\/p>\n","protected":false},"featured_media":24203,"comment_status":"open","ping_status":"closed","template":"","meta":[],"product_cat":[20],"product_tag":[],"class_list":{"0":"post-17144","1":"product","2":"type-product","3":"status-publish","4":"has-post-thumbnail","6":"product_cat-accessories","8":"first","9":"instock","10":"shipping-taxable","11":"product-type-simple"},"jetpack_sharing_enabled":true,"_links":{"self":[{"href":"https:\/\/para-pharmacity.tn\/index.php?rest_route=\/wp\/v2\/product\/17144","targetHints":{"allow":["GET"]}}],"collection":[{"href":"https:\/\/para-pharmacity.tn\/index.php?rest_route=\/wp\/v2\/product"}],"about":[{"href":"https:\/\/para-pharmacity.tn\/index.php?rest_route=\/wp\/v2\/types\/product"}],"replies":[{"embeddable":true,"href":"https:\/\/para-pharmacity.tn\/index.php?rest_route=%2Fwp%2Fv2%2Fcomments&post=17144"}],"version-history":[{"count":2,"href":"https:\/\/para-pharmacity.tn\/index.php?rest_route=\/wp\/v2\/product\/17144\/revisions"}],"predecessor-version":[{"id":24206,"href":"https:\/\/para-pharmacity.tn\/index.php?rest_route=\/wp\/v2\/product\/17144\/revisions\/24206"}],"wp:featuredmedia":[{"embeddable":true,"href":"https:\/\/para-pharmacity.tn\/index.php?rest_route=\/wp\/v2\/media\/24203"}],"wp:attachment":[{"href":"https:\/\/para-pharmacity.tn\/index.php?rest_route=%2Fwp%2Fv2%2Fmedia&parent=17144"}],"wp:term":[{"taxonomy":"product_cat","embeddable":true,"href":"https:\/\/para-pharmacity.tn\/index.php?rest_route=%2Fwp%2Fv2%2Fproduct_cat&post=17144"},{"taxonomy":"product_tag","embeddable":true,"href":"https:\/\/para-pharmacity.tn\/index.php?rest_route=%2Fwp%2Fv2%2Fproduct_tag&post=17144"}],"curies":[{"name":"wp","href":"https:\/\/api.w.org\/{rel}","templated":true}]}}