{"id":17143,"date":"2024-07-10T23:01:29","date_gmt":"2024-07-10T23:01:29","guid":{"rendered":"https:\/\/para-pharmacity.tn\/?product=filorga-oxygen-glow-eyes"},"modified":"2024-09-03T10:33:55","modified_gmt":"2024-09-03T10:33:55","slug":"filorga-oxygen-glow-eyes","status":"publish","type":"product","link":"https:\/\/para-pharmacity.tn\/?product=filorga-oxygen-glow-eyes","title":{"rendered":"FILORGA OXYGEN GLOW EYES"},"content":{"rendered":"<div class=\"product-tabs\">\n<div class=\"title-border\">\n<p class=\"h2\"><strong>Description<\/strong><\/p>\n<\/div>\n<p>Le soin super lissant Oxygen-Glow des laboratoires Filorga va apporter \u00e0 vos yeux fatigu\u00e9s tout ce dont ils ont besoin.<br \/>\nCette cr\u00e8me yeux et contour des yeux d\u00e9fatigue, hydrate et d\u00e9toxifie en profondeur la zone.<br \/>\nElle convient parfaitement aux yeux cern\u00e9s, au regard fatigu\u00e9 et aux peaux d\u00e9shydrat\u00e9es.<br \/>\nCe soin Filorga va traiter en profondeur les ridules pr\u00e8s des yeux qui ont tendance \u00e0 durcir le regard.<br \/>\nAu fil des utilisations, le regard est sublim\u00e9 naturellement et la peau plus lisse, \u00e9clatante et plus \u00e9nergie.<\/p>\n<p>Les composants de cette cr\u00e8me assurent une efficacit\u00e9 incomparable aux autres soins du regard.<br \/>\nLe complexe Super-Skin Boosting, d\u00e9velopp\u00e9e par les laboratoires Filorga, regroupe tout ce dont le contour de l&rsquo;oeil a besoin : de l&rsquo;acide hyaluronique pour hydratation, un booster d&rsquo;oxyg\u00e9nation pour refaire vivre les cellules de la peau et enfin de la L-enzyme qui va d\u00e9toxifier la zone trait\u00e9 pour r\u00e9v\u00e9ler un regard sans aucun d\u00e9faut.<br \/>\nAu fil des jours, le regard est \u00e9clatant.<br \/>\nSon action anti-cernes est renforc\u00e9e.<br \/>\nDisposant d&rsquo;une technologique r\u00e9volutionnaire, Photoperfector HD, la texture de cette cr\u00e8me soin yeux est hydrailluminatrice, ce qui assure un effet instantan\u00e9 d&rsquo;un regard sublim\u00e9.<\/p>\n<p>La cr\u00e8me yeux Filorga a \u00e9t\u00e9 test\u00e9 sous contr\u00f4le ophtalmologique.<br \/>\nCe soin convient \u00e0 tous les types de peaux, m\u00eame aux yeux sensibles.<\/p>\n<\/div>\n<div class=\"title-border\">\n<p class=\"h2\"><strong>Conseils d&rsquo;utilisation<\/strong><\/p>\n<\/div>\n<div class=\"std\"><strong>Comment appliquer sur le soin yeux Oxygen-Glow Filorga ?\u00a0<\/strong>Tapotez la cr\u00e8me l\u00e9g\u00e8rement le contour de l&rsquo;oeil pr\u00e9alablement nettoy\u00e9 et s\u00e9ch\u00e9e.<br \/>\nPour un effet enlumineur subtil, \u00e9tirez l&rsquo;application jusque sur le haut de vos pommettes.<\/div>\n","protected":false},"excerpt":{"rendered":"<p>Le soin super lissant Oxygen-Glow des laboratoires Filorga va apporter \u00e0 vos yeux fatigu\u00e9s tout ce dont ils ont besoin.<\/p>\n","protected":false},"featured_media":24198,"comment_status":"open","ping_status":"closed","template":"","meta":[],"product_cat":[20],"product_tag":[],"class_list":{"0":"post-17143","1":"product","2":"type-product","3":"status-publish","4":"has-post-thumbnail","6":"product_cat-accessories","8":"first","9":"instock","10":"shipping-taxable","11":"product-type-simple"},"jetpack_sharing_enabled":true,"_links":{"self":[{"href":"https:\/\/para-pharmacity.tn\/index.php?rest_route=\/wp\/v2\/product\/17143","targetHints":{"allow":["GET"]}}],"collection":[{"href":"https:\/\/para-pharmacity.tn\/index.php?rest_route=\/wp\/v2\/product"}],"about":[{"href":"https:\/\/para-pharmacity.tn\/index.php?rest_route=\/wp\/v2\/types\/product"}],"replies":[{"embeddable":true,"href":"https:\/\/para-pharmacity.tn\/index.php?rest_route=%2Fwp%2Fv2%2Fcomments&post=17143"}],"version-history":[{"count":2,"href":"https:\/\/para-pharmacity.tn\/index.php?rest_route=\/wp\/v2\/product\/17143\/revisions"}],"predecessor-version":[{"id":24201,"href":"https:\/\/para-pharmacity.tn\/index.php?rest_route=\/wp\/v2\/product\/17143\/revisions\/24201"}],"wp:featuredmedia":[{"embeddable":true,"href":"https:\/\/para-pharmacity.tn\/index.php?rest_route=\/wp\/v2\/media\/24198"}],"wp:attachment":[{"href":"https:\/\/para-pharmacity.tn\/index.php?rest_route=%2Fwp%2Fv2%2Fmedia&parent=17143"}],"wp:term":[{"taxonomy":"product_cat","embeddable":true,"href":"https:\/\/para-pharmacity.tn\/index.php?rest_route=%2Fwp%2Fv2%2Fproduct_cat&post=17143"},{"taxonomy":"product_tag","embeddable":true,"href":"https:\/\/para-pharmacity.tn\/index.php?rest_route=%2Fwp%2Fv2%2Fproduct_tag&post=17143"}],"curies":[{"name":"wp","href":"https:\/\/api.w.org\/{rel}","templated":true}]}}