{"id":17142,"date":"2024-07-10T23:01:29","date_gmt":"2024-07-10T23:01:29","guid":{"rendered":"https:\/\/para-pharmacity.tn\/?product=filorga-oxygen-glow-creme"},"modified":"2024-09-03T10:13:47","modified_gmt":"2024-09-03T10:13:47","slug":"filorga-oxygen-glow-creme","status":"publish","type":"product","link":"https:\/\/para-pharmacity.tn\/?product=filorga-oxygen-glow-creme","title":{"rendered":"FILORGA OXYGEN GLOW CREME"},"content":{"rendered":"<p style=\"font-weight: 400\"><b><strong>Description :<\/strong><\/b><\/p>\n<p style=\"font-weight: 400\">Un soin Filorga qui permet de booster l&rsquo;\u00e9clat afin d&rsquo;avoir une belle peau \u00e9clatante de beaut\u00e9 en un clin d&rsquo;oeil.<\/p>\n<p style=\"font-weight: 400\">Convenant \u00e0 tous les types de peaux, elle est aussi id\u00e9ale pour traiter en profondeur les peaux d\u00e9shydrat\u00e9es, dont le teint est terne et le grain de peau irr\u00e9gulier.<\/p>\n<p style=\"font-weight: 400\">Le manque d&rsquo;uniformit\u00e9 de la peau du visage est rapidement corrig\u00e9.<\/p>\n<p style=\"font-weight: 400\">Imm\u00e9diatement, la peau est plus lisse, unifi\u00e9 et repulp\u00e9e.<\/p>\n<p style=\"font-weight: 400\">Oxygen-Glow, cr\u00e8me super-perfectrice d&rsquo;\u00e9clat, detoxifie la peau en lui donnant l&rsquo;\u00e9nergie et l&rsquo;hydratation dont elle a besoin pour \u00eatre en excellente sant\u00e9.<\/p>\n<p style=\"font-weight: 400\">La cr\u00e8me apporte une solution pour les ridules ancr\u00e9es gr\u00e2ce \u00e0 ses composants.<\/p>\n<p style=\"font-weight: 400\">L&rsquo;objectif de la cr\u00e8me est d&rsquo;avoir une peau z\u00e9ro d\u00e9faut gr\u00e2ce au complexe Super-Skin Boosting Factors.<\/p>\n<p style=\"font-weight: 400\">Ce complexe regroupe tous les \u00e9l\u00e9ments indispensables pour peau \u00e9clatante de beaut\u00e9 : un booster d&rsquo;oxyg\u00e9nation \u00e9nergisant, de l&rsquo;acide hyaluronique, afin de lisser et de repulper l&rsquo;\u00e9piderme de la peau et de L-Enzyme, qui viendra r\u00e9v\u00e9ler une peau sans aucun d\u00e9faut au fil des jours.<\/p>\n<p style=\"font-weight: 400\">Avec la pr\u00e9sence d&rsquo;un peptide color-control, r\u00e9gulation de couleur, la cr\u00e8me Oxygen-Glow apporte une action unifiante tr\u00e8s renforc\u00e9e pour un teint uniforme.<\/p>\n<p style=\"font-weight: 400\">A l&rsquo;oeil nu, la peau est instantan\u00e9ment sublim\u00e9e puisque la texture hydrailluminatrice de cette cr\u00e8me perfectrice de l&rsquo;\u00e9clat poss\u00e8de une technologique r\u00e9volutionnaire pour la sublimation de la peau : la Photoperfector HD.<\/p>\n<p style=\"font-weight: 400\">Douce et l\u00e9g\u00e8re, la texture se fond facilement sur la peau et p\u00e9n\u00e8tre rapidement, sans avoir \u00e0 attendre.<\/p>\n<p style=\"font-weight: 400\">La cr\u00e8me laisse un parfum agr\u00e9able sur la peau.<\/p>\n<p style=\"font-weight: 400\">Non com\u00e9dog\u00e8ne, la cr\u00e8me r\u00e9pond aux attentes de tous les types de peaux, sans les agresser.<\/p>\n<p style=\"font-weight: 400\"><b><strong>Conseils d&rsquo;utilisation :<\/strong><\/b><\/p>\n<p style=\"font-weight: 400\">Avant toute application, il est important que votre peau soit pr\u00e9alablement bien nettoy\u00e9e avec votre nettoyant quotidien.<\/p>\n<p style=\"font-weight: 400\">S\u00e9chez votre peau.<\/p>\n<p style=\"font-weight: 400\">Appliquer d\u00e9licatement sur l&rsquo;ensemble du visage en faisant des mouvements circulaires afin de permettre \u00e0 la cr\u00e8me de p\u00e9n\u00e9trer correctement.<\/p>\n<p style=\"font-weight: 400\">La cr\u00e8me peut \u00eatre utilis\u00e9e le matin et le soir.<\/p>\n<p style=\"font-weight: 400\">Pour une efficacit\u00e9 optimale, utilisez les cosm\u00e9tiques compl\u00e9mentaires de la gamme Oxygen-Glow des Laboratoires Filorga.<\/p>\n","protected":false},"excerpt":{"rendered":"<p>Un soin Filorga qui permet de booster l&rsquo;\u00e9clat afin d&rsquo;avoir une belle peau \u00e9clatante de beaut\u00e9 en un clin d&rsquo;oeil.<\/p>\n","protected":false},"featured_media":24192,"comment_status":"open","ping_status":"closed","template":"","meta":[],"product_cat":[20],"product_tag":[],"class_list":{"0":"post-17142","1":"product","2":"type-product","3":"status-publish","4":"has-post-thumbnail","6":"product_cat-accessories","8":"first","9":"instock","10":"shipping-taxable","11":"product-type-simple"},"jetpack_sharing_enabled":true,"_links":{"self":[{"href":"https:\/\/para-pharmacity.tn\/index.php?rest_route=\/wp\/v2\/product\/17142","targetHints":{"allow":["GET"]}}],"collection":[{"href":"https:\/\/para-pharmacity.tn\/index.php?rest_route=\/wp\/v2\/product"}],"about":[{"href":"https:\/\/para-pharmacity.tn\/index.php?rest_route=\/wp\/v2\/types\/product"}],"replies":[{"embeddable":true,"href":"https:\/\/para-pharmacity.tn\/index.php?rest_route=%2Fwp%2Fv2%2Fcomments&post=17142"}],"version-history":[{"count":2,"href":"https:\/\/para-pharmacity.tn\/index.php?rest_route=\/wp\/v2\/product\/17142\/revisions"}],"predecessor-version":[{"id":24196,"href":"https:\/\/para-pharmacity.tn\/index.php?rest_route=\/wp\/v2\/product\/17142\/revisions\/24196"}],"wp:featuredmedia":[{"embeddable":true,"href":"https:\/\/para-pharmacity.tn\/index.php?rest_route=\/wp\/v2\/media\/24192"}],"wp:attachment":[{"href":"https:\/\/para-pharmacity.tn\/index.php?rest_route=%2Fwp%2Fv2%2Fmedia&parent=17142"}],"wp:term":[{"taxonomy":"product_cat","embeddable":true,"href":"https:\/\/para-pharmacity.tn\/index.php?rest_route=%2Fwp%2Fv2%2Fproduct_cat&post=17142"},{"taxonomy":"product_tag","embeddable":true,"href":"https:\/\/para-pharmacity.tn\/index.php?rest_route=%2Fwp%2Fv2%2Fproduct_tag&post=17142"}],"curies":[{"name":"wp","href":"https:\/\/api.w.org\/{rel}","templated":true}]}}