{"id":17141,"date":"2024-07-10T23:01:28","date_gmt":"2024-07-10T23:01:28","guid":{"rendered":"https:\/\/para-pharmacity.tn\/?product=filorga-oxygen-glow-clean"},"modified":"2024-09-03T09:24:16","modified_gmt":"2024-09-03T09:24:16","slug":"filorga-oxygen-glow-clean","status":"publish","type":"product","link":"https:\/\/para-pharmacity.tn\/?product=filorga-oxygen-glow-clean","title":{"rendered":"FILORGA OXYGEN GLOW CLEAN"},"content":{"rendered":"<div class=\"product-tabs\">\n<div class=\"title-border\">\n<h3 class=\"h2\">Description<\/h3>\n<\/div>\n<div class=\"std\">\n<p>Le Super d\u00e9maquillant effet peau nette est id\u00e9al pour retirer les traces de maquillage les plus tenaces sur le visage et sur les yeux.<br \/>\nEn plus de nettoyer le maquillage et les impuret\u00e9s, ce d\u00e9maquillant hydrate la peau et la d\u00e9toxifie.<\/p>\n<p>Sa formule \u00e0 base du Super-Skin Boosting Factors, un complexe association un booster d&rsquo;Oxyg\u00e8ne, de l&rsquo;acide hyaluronique et de L-enzyme, va hydrater la peau, tout en la rendant plus lumineuse pour un teint \u00e9clatant, frais et lumineux.<br \/>\nLes agents nettoyants haute performance lissent la peau en un geste tr\u00e8s rapide.<br \/>\nToutes les impuret\u00e9s accumul\u00e9es dans la journ\u00e9e et le maquillage disparaissent avec ce d\u00e9maquillant \u00e0 rincer qui se transforme en une gel\u00e9e.<\/p>\n<p>Oxygen Glow Clean Super D\u00e9maquillant Effet Peau Nette convient \u00e0 tous les types de peaux.<br \/>\nTest\u00e9 sous contr\u00f4le ophtalmologique, il est parfait pour les yeux sensibles.<\/p>\n<\/div>\n<\/div>\n<div class=\"product-tabs\">\n<div class=\"title-border\">\n<h3 class=\"h2\">Conseils d&rsquo;utilisation<\/h3>\n<\/div>\n<div class=\"std\">\n<p><strong>Comment appliquer le Super D\u00e9maquillant Effet Peau Nette Oxygen-Glow Clean ?\u00a0<\/strong><\/p>\n<p>Le Super D\u00e9maquillant peut \u00eatre appliqu\u00e9 sur une peau s\u00e8che ou humide.<br \/>\nSur l&rsquo;ensemble du visage, massez d\u00e9licatement en faisant des massages circulaires.<br \/>\nLa gel\u00e9e se transforme au fur et \u00e0 mesure des mouvements en un soin nettoyant.<br \/>\nSur les yeux, massez avec grande douceur pour ne pas agresser les paupi\u00e8res et les cils.<br \/>\nRincer afin d&rsquo;\u00e9liminer toutes les impuret\u00e9s et le maquillage, m\u00eame waterproof.<\/p>\n<\/div>\n<\/div>\n<div class=\"product-tabs\">\n<div class=\"title-border\">\n<h3 class=\"h2\">Composition<\/h3>\n<\/div>\n<div class=\"std\">\n<p>Formule INCI : Aqua (Water, Eau), Isopentyldiol, Bis-Peg-18 Methyl Ether Dimethyl Silane, Glycerin, Poloxamer 184, Butylene Glycol, Pentylene Glycol, Niacinamide, Carbomer, Hydroxyacetophenone, Peg-40 Hydrogenated Castor Oil, Sodium Hydroxide, 1,2-Hexanediol, Caprylyl Glycol, Parfum (Fragrance), Disodium Edta, Mica, Ci 77891 (Titanium Dioxide), Hyaluronic Acid, Hydroxyphenyl Propamidobenzoic Acid, Folic Acid, Bht, Tropaeolum Majus Flower\/Leaf\/Stem Extract, Phenoxyethanol, Ci 75470 (Carmine), Superoxide Dismutase, Ascorbyl Palmitate, Ethylhexylglycerin, Triethoxycaprylylsilane.<\/p>\n<\/div>\n<\/div>\n","protected":false},"excerpt":{"rendered":"<p>Le Super d\u00e9maquillant effet peau nette est id\u00e9al pour retirer les traces de maquillage les plus tenaces sur le visage et sur les yeux.<\/p>\n","protected":false},"featured_media":24189,"comment_status":"open","ping_status":"closed","template":"","meta":[],"product_cat":[20],"product_tag":[],"class_list":{"0":"post-17141","1":"product","2":"type-product","3":"status-publish","4":"has-post-thumbnail","6":"product_cat-accessories","8":"first","9":"instock","10":"shipping-taxable","11":"product-type-simple"},"jetpack_sharing_enabled":true,"_links":{"self":[{"href":"https:\/\/para-pharmacity.tn\/index.php?rest_route=\/wp\/v2\/product\/17141","targetHints":{"allow":["GET"]}}],"collection":[{"href":"https:\/\/para-pharmacity.tn\/index.php?rest_route=\/wp\/v2\/product"}],"about":[{"href":"https:\/\/para-pharmacity.tn\/index.php?rest_route=\/wp\/v2\/types\/product"}],"replies":[{"embeddable":true,"href":"https:\/\/para-pharmacity.tn\/index.php?rest_route=%2Fwp%2Fv2%2Fcomments&post=17141"}],"version-history":[{"count":2,"href":"https:\/\/para-pharmacity.tn\/index.php?rest_route=\/wp\/v2\/product\/17141\/revisions"}],"predecessor-version":[{"id":24190,"href":"https:\/\/para-pharmacity.tn\/index.php?rest_route=\/wp\/v2\/product\/17141\/revisions\/24190"}],"wp:featuredmedia":[{"embeddable":true,"href":"https:\/\/para-pharmacity.tn\/index.php?rest_route=\/wp\/v2\/media\/24189"}],"wp:attachment":[{"href":"https:\/\/para-pharmacity.tn\/index.php?rest_route=%2Fwp%2Fv2%2Fmedia&parent=17141"}],"wp:term":[{"taxonomy":"product_cat","embeddable":true,"href":"https:\/\/para-pharmacity.tn\/index.php?rest_route=%2Fwp%2Fv2%2Fproduct_cat&post=17141"},{"taxonomy":"product_tag","embeddable":true,"href":"https:\/\/para-pharmacity.tn\/index.php?rest_route=%2Fwp%2Fv2%2Fproduct_tag&post=17141"}],"curies":[{"name":"wp","href":"https:\/\/api.w.org\/{rel}","templated":true}]}}