{"id":17139,"date":"2024-07-10T23:01:28","date_gmt":"2024-07-10T23:01:28","guid":{"rendered":"https:\/\/para-pharmacity.tn\/?product=filorga-optim-eyes-patch-gel"},"modified":"2024-08-29T12:11:22","modified_gmt":"2024-08-29T12:11:22","slug":"filorga-optim-eyes-patch-gel","status":"publish","type":"product","link":"https:\/\/para-pharmacity.tn\/?product=filorga-optim-eyes-patch-gel","title":{"rendered":"FILORGA OPTIM EYES PATCH GEL"},"content":{"rendered":"<p><span>Filorga Optim-Eyes Patch Express Anti-Fatigue Eye Patches<\/span>\u00a0est un soin intensif contour des yeux de Filorga qui agit comme un traitement intensif d\u00e9congestionnant le contour des yeux. Ces patchs offrent une action anti-\u00e2ge et un effet flash de d\u00e9congestion, r\u00e9duisant instantan\u00e9ment les poches sous les yeux et les cernes. Le compl\u00e9ment parfait pour le reste de la gamme Optim-Eyes.<\/p>\n<h2>Les caract\u00e9ristiques<\/h2>\n<ul>\n<li>Texture: patchs g\u00e9lifi\u00e9s;<\/li>\n<li>Probl\u00e8mes de peau: cernes, poches sous les yeux, rides;<\/li>\n<li>Temps d&rsquo;application: le soir;<\/li>\n<li>\u00c2ge: 30 ans et plus;<\/li>\n<li>Type de peau: tous types de peau;<\/li>\n<li>Principaux avantages: combat les cernes, d\u00e9congestionne le contour des yeux, r\u00e9duit les rides.<\/li>\n<\/ul>\n<h2>Les ingr\u00e9dients principaux<\/h2>\n<ul>\n<li>Les polysaccharides aident \u00e0 stimuler la microcirculation et \u00e0 r\u00e9duire les cernes;<\/li>\n<li>Les extraits d&rsquo;Hamam\u00e9lis et de Centaure d\u00e9congestionnent le contour des yeux et r\u00e9duisent les poches sous les yeux.<\/li>\n<li>Le gel de carragh\u00e9nane noir est enrichi de nombreux min\u00e9raux pour adoucir et hydrater la peau.<\/li>\n<\/ul>\n<h2>Comment utiliser<\/h2>\n<p>Ouvrez le paquet et retirez chaque\u00a0<span>Filorga Optim-Eyes Patch Express Anti-Fatigue Eye Patch<\/span>\u00a0\u00e0 l&rsquo;aide de la spatule fournie, en appliquant chaque patch sur la peau situ\u00e9e sous les yeux. Laisser reposer pendant 30 minutes, en massant le produit en exc\u00e8s sur la peau apr\u00e8s avoir retir\u00e9 le patch. Pour un effet flash, utilisez deux fois par semaine pendant un mois, pour une utilisation courante, appliquez une fois par semaine pendant deux mois.<\/p>\n","protected":false},"excerpt":{"rendered":"<p>OPTIM-EYES PATCH, un patch triple action [Cernes \u2013 Poches \u2013 Rides] \u00e0 effet frais pour un regard d\u00e9fatigu\u00e9 en seulement 15 minutes.<\/p>\n","protected":false},"featured_media":24184,"comment_status":"open","ping_status":"closed","template":"","meta":[],"product_cat":[20],"product_tag":[],"class_list":{"0":"post-17139","1":"product","2":"type-product","3":"status-publish","4":"has-post-thumbnail","6":"product_cat-accessories","8":"first","9":"instock","10":"shipping-taxable","11":"product-type-simple"},"jetpack_sharing_enabled":true,"_links":{"self":[{"href":"https:\/\/para-pharmacity.tn\/index.php?rest_route=\/wp\/v2\/product\/17139","targetHints":{"allow":["GET"]}}],"collection":[{"href":"https:\/\/para-pharmacity.tn\/index.php?rest_route=\/wp\/v2\/product"}],"about":[{"href":"https:\/\/para-pharmacity.tn\/index.php?rest_route=\/wp\/v2\/types\/product"}],"replies":[{"embeddable":true,"href":"https:\/\/para-pharmacity.tn\/index.php?rest_route=%2Fwp%2Fv2%2Fcomments&post=17139"}],"version-history":[{"count":2,"href":"https:\/\/para-pharmacity.tn\/index.php?rest_route=\/wp\/v2\/product\/17139\/revisions"}],"predecessor-version":[{"id":24187,"href":"https:\/\/para-pharmacity.tn\/index.php?rest_route=\/wp\/v2\/product\/17139\/revisions\/24187"}],"wp:featuredmedia":[{"embeddable":true,"href":"https:\/\/para-pharmacity.tn\/index.php?rest_route=\/wp\/v2\/media\/24184"}],"wp:attachment":[{"href":"https:\/\/para-pharmacity.tn\/index.php?rest_route=%2Fwp%2Fv2%2Fmedia&parent=17139"}],"wp:term":[{"taxonomy":"product_cat","embeddable":true,"href":"https:\/\/para-pharmacity.tn\/index.php?rest_route=%2Fwp%2Fv2%2Fproduct_cat&post=17139"},{"taxonomy":"product_tag","embeddable":true,"href":"https:\/\/para-pharmacity.tn\/index.php?rest_route=%2Fwp%2Fv2%2Fproduct_tag&post=17139"}],"curies":[{"name":"wp","href":"https:\/\/api.w.org\/{rel}","templated":true}]}}