{"id":17138,"date":"2024-07-10T23:01:27","date_gmt":"2024-07-10T23:01:27","guid":{"rendered":"https:\/\/para-pharmacity.tn\/?product=filorga-optim-eyes-lashes-et-brows"},"modified":"2024-08-29T11:31:40","modified_gmt":"2024-08-29T11:31:40","slug":"filorga-optim-eyes-lashes-et-brows","status":"publish","type":"product","link":"https:\/\/para-pharmacity.tn\/?product=filorga-optim-eyes-lashes-et-brows","title":{"rendered":"FILORGA OPTIM EYES LASHES ET BROWS"},"content":{"rendered":"<h1>Filorga Optim-Eyes Lashes &amp; Brows 5ml<\/h1>\n<div id=\"short_description_block\">\n<div id=\"short_description_content\" class=\"rte align_justify\">\n<p>&nbsp;<\/p>\n<p><strong>Filorga Optim Eyes Lashes &amp; Brows\u00a0<\/strong>est un soin\u00a0<strong>double formule\u00a0<\/strong>pour des obtenir des cils et des sourcils plus fournis et pour sublimer et restructurer le regard.<\/p>\n<p>Ce soin se r\u00e9alise en deux \u00e9tapes :<\/p>\n<p><strong>Etape 1 :<\/strong><strong>S\u00e9rum stimulant [densit\u00e9 + longueur]<\/strong><br \/>\nD&rsquo;un c\u00e9t\u00e9, un embout liner ultra-pr\u00e9cis pour d\u00e9poser les actifs au plus pr\u00e9s des cils et sourcils.<br \/>\nLe complexe KERA-EXTEND CX? associ\u00e9\u00a0 du NCTF a haute dose agit a la racine des cils et sourcils pour les allonger. En parall\u00e9le le complexe KERA-MAINTAIN CX? est int\u00e9gr\u00e9 pour favoriser leur ancrage, pr\u00e9venir leur casse et ralentir leur chute.<\/p>\n<p>Les cils sont plus longs, plus volumineux, la ligne des sourcils est restructur\u00e9e.<\/p>\n<p><strong>Etape 2 :<\/strong><strong>Soin gainant [nourrissant + \u00e9paississant]<\/strong><br \/>\nDe l&rsquo;autre c\u00e9t\u00e9, une brosse inject\u00e9e, comme celle d&rsquo;un mascara pour enrober cils et sourcils et les gainer instantan\u00e9ment.<br \/>\nUne matrice nutritive double action diffuse des prot\u00e9ines au cur de la fibre pour nourrir et \u00e9paissir imm\u00e9diatement cils et sourcils.<br \/>\nCette base incolore optimise la pose et la tenue du maquillage.<\/p>\n<\/div>\n<\/div>\n","protected":false},"excerpt":{"rendered":"<p>OPTIM-EYES LASHES &amp; BROWS, le s\u00e9rum cils et sourcils densifiant et allongeant \u00e0 l\u2019acide hyaluronique pour un soin au quotidien.<\/p>\n","protected":false},"featured_media":24179,"comment_status":"open","ping_status":"closed","template":"","meta":[],"product_cat":[20],"product_tag":[],"class_list":{"0":"post-17138","1":"product","2":"type-product","3":"status-publish","4":"has-post-thumbnail","6":"product_cat-accessories","8":"first","9":"instock","10":"shipping-taxable","11":"product-type-simple"},"jetpack_sharing_enabled":true,"_links":{"self":[{"href":"https:\/\/para-pharmacity.tn\/index.php?rest_route=\/wp\/v2\/product\/17138","targetHints":{"allow":["GET"]}}],"collection":[{"href":"https:\/\/para-pharmacity.tn\/index.php?rest_route=\/wp\/v2\/product"}],"about":[{"href":"https:\/\/para-pharmacity.tn\/index.php?rest_route=\/wp\/v2\/types\/product"}],"replies":[{"embeddable":true,"href":"https:\/\/para-pharmacity.tn\/index.php?rest_route=%2Fwp%2Fv2%2Fcomments&post=17138"}],"version-history":[{"count":2,"href":"https:\/\/para-pharmacity.tn\/index.php?rest_route=\/wp\/v2\/product\/17138\/revisions"}],"predecessor-version":[{"id":24182,"href":"https:\/\/para-pharmacity.tn\/index.php?rest_route=\/wp\/v2\/product\/17138\/revisions\/24182"}],"wp:featuredmedia":[{"embeddable":true,"href":"https:\/\/para-pharmacity.tn\/index.php?rest_route=\/wp\/v2\/media\/24179"}],"wp:attachment":[{"href":"https:\/\/para-pharmacity.tn\/index.php?rest_route=%2Fwp%2Fv2%2Fmedia&parent=17138"}],"wp:term":[{"taxonomy":"product_cat","embeddable":true,"href":"https:\/\/para-pharmacity.tn\/index.php?rest_route=%2Fwp%2Fv2%2Fproduct_cat&post=17138"},{"taxonomy":"product_tag","embeddable":true,"href":"https:\/\/para-pharmacity.tn\/index.php?rest_route=%2Fwp%2Fv2%2Fproduct_tag&post=17138"}],"curies":[{"name":"wp","href":"https:\/\/api.w.org\/{rel}","templated":true}]}}