{"id":17136,"date":"2024-07-10T23:01:26","date_gmt":"2024-07-10T23:01:26","guid":{"rendered":"https:\/\/para-pharmacity.tn\/?product=filorga-opti-eyes-lotion"},"modified":"2024-08-28T13:54:25","modified_gmt":"2024-08-28T13:54:25","slug":"filorga-opti-eyes-lotion","status":"publish","type":"product","link":"https:\/\/para-pharmacity.tn\/?product=filorga-opti-eyes-lotion","title":{"rendered":"FILORGA OPTI EYES LOTION"},"content":{"rendered":"<p>LA PREMI\u00c8RE LOTION TRI-PHASIQUE HYBRIDE MI-D\u00c9MAQUILLANT, MI-S\u00c9RUM POUR HYDRATER, D\u00c9FATIGUER ET FORTIFIER LES CILS.<\/p>\n<p>Syst\u00e8me bi-phasique d\u00e9maquillant\u00a0:<br \/>\nUn complexe ol\u00e9o-clean \u00e9limine instantan\u00e9ment le maquillage m\u00eame waterproof.<\/p>\n<p>Phase s\u00e9rum traitante\u00a0:<br \/>\nUn peptide stimulant d\u00e9fatigue le regard \u00e0 chaque application tandis qu\u2019un booster de prot\u00e9ines renforce durablement les cils<\/p>\n","protected":false},"excerpt":{"rendered":"<p>OPTIM-EYES LOTION, un s\u00e9rum d\u00e9maquillant pour les yeux qui d\u00e9fatigue le regard et fortifie les cils.<\/p>\n<p>C&rsquo;est la premi\u00e8re lotion tri-phasique hybride mi-d\u00e9maquillant, mi-s\u00e9rum pur qui hydrate, d\u00e9fatigue et fortifie vos cils.<\/p>\n","protected":false},"featured_media":24174,"comment_status":"open","ping_status":"closed","template":"","meta":[],"product_cat":[20],"product_tag":[],"class_list":{"0":"post-17136","1":"product","2":"type-product","3":"status-publish","4":"has-post-thumbnail","6":"product_cat-accessories","8":"first","9":"instock","10":"shipping-taxable","11":"product-type-simple"},"jetpack_sharing_enabled":true,"_links":{"self":[{"href":"https:\/\/para-pharmacity.tn\/index.php?rest_route=\/wp\/v2\/product\/17136","targetHints":{"allow":["GET"]}}],"collection":[{"href":"https:\/\/para-pharmacity.tn\/index.php?rest_route=\/wp\/v2\/product"}],"about":[{"href":"https:\/\/para-pharmacity.tn\/index.php?rest_route=\/wp\/v2\/types\/product"}],"replies":[{"embeddable":true,"href":"https:\/\/para-pharmacity.tn\/index.php?rest_route=%2Fwp%2Fv2%2Fcomments&post=17136"}],"version-history":[{"count":2,"href":"https:\/\/para-pharmacity.tn\/index.php?rest_route=\/wp\/v2\/product\/17136\/revisions"}],"predecessor-version":[{"id":24176,"href":"https:\/\/para-pharmacity.tn\/index.php?rest_route=\/wp\/v2\/product\/17136\/revisions\/24176"}],"wp:featuredmedia":[{"embeddable":true,"href":"https:\/\/para-pharmacity.tn\/index.php?rest_route=\/wp\/v2\/media\/24174"}],"wp:attachment":[{"href":"https:\/\/para-pharmacity.tn\/index.php?rest_route=%2Fwp%2Fv2%2Fmedia&parent=17136"}],"wp:term":[{"taxonomy":"product_cat","embeddable":true,"href":"https:\/\/para-pharmacity.tn\/index.php?rest_route=%2Fwp%2Fv2%2Fproduct_cat&post=17136"},{"taxonomy":"product_tag","embeddable":true,"href":"https:\/\/para-pharmacity.tn\/index.php?rest_route=%2Fwp%2Fv2%2Fproduct_tag&post=17136"}],"curies":[{"name":"wp","href":"https:\/\/api.w.org\/{rel}","templated":true}]}}