{"id":17135,"date":"2024-07-10T23:01:26","date_gmt":"2024-07-10T23:01:26","guid":{"rendered":"https:\/\/para-pharmacity.tn\/?product=filorga-oil-absolute-serum-30-ml"},"modified":"2024-08-28T11:10:13","modified_gmt":"2024-08-28T11:10:13","slug":"filorga-oil-absolute-serum-30-ml","status":"publish","type":"product","link":"https:\/\/para-pharmacity.tn\/?product=filorga-oil-absolute-serum-30-ml","title":{"rendered":"FILORGA OIL ABSOLUTE SERUM 30 ML"},"content":{"rendered":"<p class=\"p1\"><span class=\"s1\">SERUM-HUILE ANTI-AGE ULTIME<\/span><\/p>\n<p class=\"p1\"><span class=\"s1\">RIDES-FERMETE-TACHES-ECLAT<\/span><\/p>\n<ul class=\"ul1\">\n<li class=\"li1\"><span class=\"s1\">REACTIVATION CUTANEE EN 30 JOURS CHRONO ! Une huile velours qui peut se fondre\u00a0sur la peau\u00a0facilement : Oil-Absolute\u00ae r\u00e9active les peaux \u00e9puis\u00e9es et leur apporte un confort supr\u00eame gr\u00e2ce \u00e0 une combinaison d\u2019actifs pr\u00e9cieux. Deux \u00e0 trois gouttes suffisent pour redonner de l\u2019\u00e9clat au visage.<\/span><\/li>\n<li class=\"li1\"><span class=\"s1\">NUTRITION ANTI-AGE ABSOLUE: 4 huiles pr\u00e9cieuses [Cam\u00e9lia + Buriti + Jojoba + Abricot] enrichies d\u2019ambre \u00e9ternel enveloppent la peau pour la nourrir intens\u00e9ment et lui assurer un confort supr\u00eame.<\/span><\/li>\n<li class=\"li1\"><span class=\"s1\">REACTIVATION ANTI-AGE SUPREME: Un puissant shot d\u2019actifs [lissant + raffermissant + unifiant + illuminateur] couple a un hexapeptide r\u00e9g\u00e9n\u00e9rant [issu de la recherche sur les cellules souches] et a des polyphenols anti-oxydants [boosters des d\u00e9fenses cutan\u00e9es] agissent en synergie pour r\u00e9activer les peaux \u00e9puis\u00e9es.<\/span><\/li>\n<li class=\"li1\"><span class=\"s1\">TEXTURE SUBLIMATRICE UNIQUE: La formulation \u00a0\u00bb huile velours \u00a0\u00bb permet une application massage pour stimuler les peaux d\u00e9vitalis\u00e9es.<\/span><\/li>\n<\/ul>\n","protected":false},"excerpt":{"rendered":"<p>Serum-Huile Anti-\u00c2ge Ultime, Rides, Fermet\u00e9, Taches, \u00c9clat, R\u00e9activation cutan\u00e9e, Huile velours, Peaux \u00e9puis\u00e9es, Confort supr\u00eame, Actifs pr\u00e9cieux, Oil-Absolute,<\/p>\n<p>Nutrition anti-\u00e2ge absolue, Ambre \u00e9ternel, Nourrissante intense, Application massage, FILOERGA, Pharmavie.<\/p>\n","protected":false},"featured_media":24168,"comment_status":"open","ping_status":"closed","template":"","meta":[],"product_cat":[20],"product_tag":[],"class_list":{"0":"post-17135","1":"product","2":"type-product","3":"status-publish","4":"has-post-thumbnail","6":"product_cat-accessories","8":"first","9":"instock","10":"shipping-taxable","11":"product-type-simple"},"jetpack_sharing_enabled":true,"_links":{"self":[{"href":"https:\/\/para-pharmacity.tn\/index.php?rest_route=\/wp\/v2\/product\/17135","targetHints":{"allow":["GET"]}}],"collection":[{"href":"https:\/\/para-pharmacity.tn\/index.php?rest_route=\/wp\/v2\/product"}],"about":[{"href":"https:\/\/para-pharmacity.tn\/index.php?rest_route=\/wp\/v2\/types\/product"}],"replies":[{"embeddable":true,"href":"https:\/\/para-pharmacity.tn\/index.php?rest_route=%2Fwp%2Fv2%2Fcomments&post=17135"}],"version-history":[{"count":2,"href":"https:\/\/para-pharmacity.tn\/index.php?rest_route=\/wp\/v2\/product\/17135\/revisions"}],"predecessor-version":[{"id":24173,"href":"https:\/\/para-pharmacity.tn\/index.php?rest_route=\/wp\/v2\/product\/17135\/revisions\/24173"}],"wp:featuredmedia":[{"embeddable":true,"href":"https:\/\/para-pharmacity.tn\/index.php?rest_route=\/wp\/v2\/media\/24168"}],"wp:attachment":[{"href":"https:\/\/para-pharmacity.tn\/index.php?rest_route=%2Fwp%2Fv2%2Fmedia&parent=17135"}],"wp:term":[{"taxonomy":"product_cat","embeddable":true,"href":"https:\/\/para-pharmacity.tn\/index.php?rest_route=%2Fwp%2Fv2%2Fproduct_cat&post=17135"},{"taxonomy":"product_tag","embeddable":true,"href":"https:\/\/para-pharmacity.tn\/index.php?rest_route=%2Fwp%2Fv2%2Fproduct_tag&post=17135"}],"curies":[{"name":"wp","href":"https:\/\/api.w.org\/{rel}","templated":true}]}}