{"id":17134,"date":"2024-07-10T23:01:26","date_gmt":"2024-07-10T23:01:26","guid":{"rendered":"https:\/\/para-pharmacity.tn\/?product=filorga-nutri-modeling"},"modified":"2024-08-28T11:01:24","modified_gmt":"2024-08-28T11:01:24","slug":"filorga-nutri-modeling","status":"publish","type":"product","link":"https:\/\/para-pharmacity.tn\/?product=filorga-nutri-modeling","title":{"rendered":"FILORGA NUTRI MODELING"},"content":{"rendered":"<p><strong class=\"fwe-b\">Description :<\/strong><\/p>\n<p>Rel\u00e2chement, rondeurs rebelles, capitons&#8230; pour r\u00e9pondre \u00e0 ces probl\u00e9matiques multiples,\u00a0<strong>les Laboratoires Filorga ont s\u00e9lectionn\u00e9 le meilleur des actifs cosm\u00e9tiques \u00e0 leur plus haute concentration pour une efficacit\u00e9 radicale<\/strong>. Fini la superposition des soins,\u00a0<strong>Filorga int\u00e8gre une action 3 en 1 dans un baume ultra-nourrissant qui red\u00e9finit la silhouette<\/strong>\u00a0jour apr\u00e8s jour. La texture fondante de Nutri-modeling est enrichie d&rsquo;un duo de beurres naturels pour nourrir intens\u00e9ment la peau.<\/p>\n<h2><strong>COMPOSITION &amp; ACTIONS<\/strong><\/h2>\n<ul>\n<li><strong>Beurre de murumuru :<\/strong>\u00a0issu des noix du palmier \u00e9ponyme est tr\u00e8s riche en acides gras, notamment en acide laurique, aux propri\u00e9t\u00e9s nutritives exceptionnelles. Gr\u00e2ce \u00e0 sa composition lipidique proche de celle de la peau, il forme un film protecteur qui retient l&rsquo;hydratation naturelle.<\/li>\n<li><strong>Beurre de karit\u00e9 :<\/strong>\u00a0int\u00e9gr\u00e9 dans une texture optimale, dont le grade naturel d&rsquo;insaponifiable est obtenu gr\u00e2ce \u00e0 un proc\u00e9d\u00e9 d&rsquo;extraction au CO2. Ses vertus sont ainsi pr\u00e9serv\u00e9es au maximum.<\/li>\n<li><strong>Collag\u00e8ne d&rsquo;origine marine :\u00a0<\/strong>propri\u00e9t\u00e9s raffermissantes.<\/li>\n<li><strong>Extrait v\u00e9g\u00e9tal riche en glycoprot\u00e9ine et en polysaccharides :<\/strong>\u00a0agit sur la stimulation de la synth\u00e8se d&rsquo;\u00e9lastine et la r\u00e9organisation du r\u00e9seau matriciel pour redynamiser le syst\u00e8me cutan\u00e9.<\/li>\n<li><strong>NCTF :\u00a0<\/strong>pour stimuler et redonner encore plus d&rsquo;\u00e9lasticit\u00e9 \u00e0 la peau.<\/li>\n<li><strong>Caf\u00e9ine :<\/strong>\u00a0int\u00e9gr\u00e9e sous sa forme la plus pure et sa plus haute dose, elle a \u00e9t\u00e9 s\u00e9lectionn\u00e9e pour ses propri\u00e9t\u00e9s lipolytiques in\u00e9gal\u00e9es sur les cellules graisseuses.<\/li>\n<li><strong>Actif v\u00e9g\u00e9tal :<\/strong>\u00a0issu des parties a\u00e9riennes de la fleur de salicaire, il renforce l&rsquo;efficacit\u00e9 push-up au niveau des fesses et agit sur l&rsquo;intervalle entre les cuisses.<\/li>\n<li><strong>Huile de babassu :<\/strong>\u00a0propri\u00e9t\u00e9s hydratantes et anti-eau.<\/li>\n<li><strong>Huile de lierre :<\/strong> poss\u00e8de des propri\u00e9t\u00e9s drainantes qui contribuent \u00e0 \u00e9liminer les toxines et \u00e0 renforcer la r\u00e9sistance des capillaires sanguins.<\/li>\n<\/ul>\n<p>R\u00e9sultats :\u00a0la peau est nourrie, plus tonique, liss\u00e9e et d\u00e9barrass\u00e9e des capitons.<\/p>\n<h2><strong>CONSEIL BEAUT\u00e2<\/strong><\/h2>\n<p>Appliquer Nutri-Modeling tous les jours.<\/p>\n<p>Au niveau du ventre, effectuer de grands mouvements circulaires dans le sens des aiguilles d&rsquo;une montre, les mains bien \u00e0 plat. Puis r\u00e9aliser des petits cercles autour du nombril. Pour chaque c\u00e2\u00b4t\u00e9, r\u00e9aliser un palper-rouler du nombril vers le haut des c\u00e2\u00b4tes, du nombril vers la taille et du nombril vers le bas ventre. (R\u00e9p\u00e9ter 3 fois.)<\/p>\n<p>Au niveau des cuisses, appliquer la cr\u00e8me et masser d\u00e9licatement les cuisses du bas vers le haut par lissages (r\u00e9p\u00e9ter 3 fois). Vers l&rsquo;int\u00e9rieur des cuisses, sur le dessus des cuisses, vers l&rsquo;ext\u00e9rieur des cuisses. R\u00e9aliser ensuite un palper-rouler en partant du genou en en remontant le long des cuisses selon les m\u00eames directions.<\/p>\n<p>Au niveau des fesses, appliquer la cr\u00e8me et masser en r\u00e9alisant des cercles avec les poing ferm\u00e9. Insister sur la zone de la culotte de cheval.<\/p>\n<p>Au niveau des bras, enserrer chaque bras \u00e0 partir du coude et remonter jusqu&rsquo;\u00e0 l&rsquo;\u00e9paule. Appliquer la cr\u00e8me en lissage de bas en haut en insistant sur l&rsquo;int\u00e9rieur du haut des bras avec les poings (r\u00e9p\u00e9ter 5 fois).<\/p>\n","protected":false},"excerpt":{"rendered":"<p><em><strong>Innovation produit minceur Filorga,<\/strong><\/em>\u00a0<strong>NUTRI MODELING FIlorga MINCEUR CORPS Baume minceur,<\/strong>\u00a0pour une<strong>\u00a0action sur les rondeurs, capitons et rel\u00e2chement cutan\u00e9.<\/strong>\u00a0Traitement Filorga minceur, un baume fondant pour tous types de peaux.<\/p>\n","protected":false},"featured_media":24164,"comment_status":"open","ping_status":"closed","template":"","meta":[],"product_cat":[20],"product_tag":[],"class_list":{"0":"post-17134","1":"product","2":"type-product","3":"status-publish","4":"has-post-thumbnail","6":"product_cat-accessories","8":"first","9":"instock","10":"shipping-taxable","11":"product-type-simple"},"jetpack_sharing_enabled":true,"_links":{"self":[{"href":"https:\/\/para-pharmacity.tn\/index.php?rest_route=\/wp\/v2\/product\/17134","targetHints":{"allow":["GET"]}}],"collection":[{"href":"https:\/\/para-pharmacity.tn\/index.php?rest_route=\/wp\/v2\/product"}],"about":[{"href":"https:\/\/para-pharmacity.tn\/index.php?rest_route=\/wp\/v2\/types\/product"}],"replies":[{"embeddable":true,"href":"https:\/\/para-pharmacity.tn\/index.php?rest_route=%2Fwp%2Fv2%2Fcomments&post=17134"}],"version-history":[{"count":2,"href":"https:\/\/para-pharmacity.tn\/index.php?rest_route=\/wp\/v2\/product\/17134\/revisions"}],"predecessor-version":[{"id":24163,"href":"https:\/\/para-pharmacity.tn\/index.php?rest_route=\/wp\/v2\/product\/17134\/revisions\/24163"}],"wp:featuredmedia":[{"embeddable":true,"href":"https:\/\/para-pharmacity.tn\/index.php?rest_route=\/wp\/v2\/media\/24164"}],"wp:attachment":[{"href":"https:\/\/para-pharmacity.tn\/index.php?rest_route=%2Fwp%2Fv2%2Fmedia&parent=17134"}],"wp:term":[{"taxonomy":"product_cat","embeddable":true,"href":"https:\/\/para-pharmacity.tn\/index.php?rest_route=%2Fwp%2Fv2%2Fproduct_cat&post=17134"},{"taxonomy":"product_tag","embeddable":true,"href":"https:\/\/para-pharmacity.tn\/index.php?rest_route=%2Fwp%2Fv2%2Fproduct_tag&post=17134"}],"curies":[{"name":"wp","href":"https:\/\/api.w.org\/{rel}","templated":true}]}}