{"id":17133,"date":"2024-07-10T23:01:26","date_gmt":"2024-07-10T23:01:26","guid":{"rendered":"https:\/\/para-pharmacity.tn\/?product=filorga-nutri-filler-50-ml"},"modified":"2024-08-28T10:49:20","modified_gmt":"2024-08-28T10:49:20","slug":"filorga-nutri-filler-50-ml","status":"publish","type":"product","link":"https:\/\/para-pharmacity.tn\/?product=filorga-nutri-filler-50-ml","title":{"rendered":"FILORGA NUTRI FILLER 50 ML"},"content":{"rendered":"<p style=\"font-weight: 400\"><b><strong>NUTRI-FILLER, un soin hydratant visage r\u00e9confortant pour nourrir et reconstituer les peaux exigeantes tout en redessinant les contours du visage.<\/strong><\/b><\/p>\n<p style=\"font-style: inherit;font-weight: inherit\"><b><strong style=\"font-style: inherit\">\u00a0Nutrition intense\u00a0:<\/strong><\/b>\u00a0Du beurre de karit\u00e9 associ\u00e9 \u00e0 de l\u2019huile d\u2019argan pour apporter confort et souplesse aux peaux les plus s\u00e8ches.<\/p>\n<p style=\"font-weight: 400\"><b><strong>Action repulpante\u00a0:<\/strong><\/b>\u00a0Un extrait v\u00e9g\u00e9tal booster de collag\u00e8ne pour redonner \u00e0 la peau fermet\u00e9 et rebond.<\/p>\n<p style=\"font-weight: 400\"><b><strong>\u00a0Effet lift zone U\u00a0:<\/strong><\/b>\u00a0De l\u2019algue rouge cible la zone du cou et du double menton pour red\u00e9finir l\u2019ovale du visage.<\/p>\n<p style=\"font-weight: 400\"><span style=\"font-weight: 600\">CONSEILS D\u2019UTILISATION:<\/span><\/p>\n<p style=\"font-weight: 400\">Appliquez matin et\/ou soir sur le visage, le cou et le d\u00e9collet\u00e9 parfaitement nettoy\u00e9s directement sur la peau<\/p>\n","protected":false},"excerpt":{"rendered":"<p>Filorga NUTRI-FILLER Cr\u00e8me Nutri-Reconstituante 50 ml &#8211; Nourrit et reconstitue les peaux exigeantes &#8211; R\u00e9duit les contours du visage<\/p>\n","protected":false},"featured_media":24159,"comment_status":"open","ping_status":"closed","template":"","meta":[],"product_cat":[20],"product_tag":[],"class_list":{"0":"post-17133","1":"product","2":"type-product","3":"status-publish","4":"has-post-thumbnail","6":"product_cat-accessories","8":"first","9":"instock","10":"shipping-taxable","11":"product-type-simple"},"jetpack_sharing_enabled":true,"_links":{"self":[{"href":"https:\/\/para-pharmacity.tn\/index.php?rest_route=\/wp\/v2\/product\/17133","targetHints":{"allow":["GET"]}}],"collection":[{"href":"https:\/\/para-pharmacity.tn\/index.php?rest_route=\/wp\/v2\/product"}],"about":[{"href":"https:\/\/para-pharmacity.tn\/index.php?rest_route=\/wp\/v2\/types\/product"}],"replies":[{"embeddable":true,"href":"https:\/\/para-pharmacity.tn\/index.php?rest_route=%2Fwp%2Fv2%2Fcomments&post=17133"}],"version-history":[{"count":2,"href":"https:\/\/para-pharmacity.tn\/index.php?rest_route=\/wp\/v2\/product\/17133\/revisions"}],"predecessor-version":[{"id":24162,"href":"https:\/\/para-pharmacity.tn\/index.php?rest_route=\/wp\/v2\/product\/17133\/revisions\/24162"}],"wp:featuredmedia":[{"embeddable":true,"href":"https:\/\/para-pharmacity.tn\/index.php?rest_route=\/wp\/v2\/media\/24159"}],"wp:attachment":[{"href":"https:\/\/para-pharmacity.tn\/index.php?rest_route=%2Fwp%2Fv2%2Fmedia&parent=17133"}],"wp:term":[{"taxonomy":"product_cat","embeddable":true,"href":"https:\/\/para-pharmacity.tn\/index.php?rest_route=%2Fwp%2Fv2%2Fproduct_cat&post=17133"},{"taxonomy":"product_tag","embeddable":true,"href":"https:\/\/para-pharmacity.tn\/index.php?rest_route=%2Fwp%2Fv2%2Fproduct_tag&post=17133"}],"curies":[{"name":"wp","href":"https:\/\/api.w.org\/{rel}","templated":true}]}}