{"id":17132,"date":"2024-07-10T23:01:25","date_gmt":"2024-07-10T23:01:25","guid":{"rendered":"https:\/\/para-pharmacity.tn\/?product=filorga-nctf-reverse-mat-fluide-50m"},"modified":"2024-08-28T10:38:24","modified_gmt":"2024-08-28T10:38:24","slug":"filorga-nctf-reverse-mat-fluide-50m","status":"publish","type":"product","link":"https:\/\/para-pharmacity.tn\/?product=filorga-nctf-reverse-mat-fluide-50m","title":{"rendered":"FILORGA NCTF REVERSE MAT FLUIDE 50M"},"content":{"rendered":"<p><strong>NCEF-REVERSE MAT, un fluide de jour visage anti-\u00e2ge multi-correcteur et matifiant concentr\u00e9 en NCEF pour une action pro-jeunesse renforc\u00e9e et une qualit\u00e9 de peau renouvel\u00e9e.<\/strong><\/p>\n<div class=\"more\">\n<div class=\"\">\n<p>Le soin visage anti-\u00e2ge matifiant sp\u00e9cial peaux mixtes inspir\u00e9 des m\u00e9so-injections.<\/p>\n<p><b>\/ R\u00e9novation intensive de la qualit\u00e9 de peau [R\u00e9g\u00e9n\u00e9ration Activ\u00e9e]<\/b><\/p>\n<p>Une formule au NCEF, complexe polyrevitalisant unique mis au point par les Laboratoires FILORGA dont 50 ingr\u00e9dients sont int\u00e9gr\u00e9s pour la premi\u00e8re fois dans des concentrations comparables \u00e0 celles utilis\u00e9es en m\u00e9so-injection*.<\/p>\n<p><strong>\/ Correction suractiv\u00e9e [Rides \u2013 Fermet\u00e9 \u2013 Eclat]<\/strong><\/p>\n<p>Des actifs r\u00e9put\u00e9s dans la lutte contre le vieillissement [acide hyaluronique+collag\u00e8ne+vitamines A,H et E] associ\u00e9 \u00e0 des boosters d\u2019efficacit\u00e9 agissent simultan\u00e9ment sur le lissage des rides, le rel\u00e2chement cutan\u00e9 et l\u2019homog\u00e9n\u00e9it\u00e9 du teint.<\/p>\n<p><em>Texture l\u00e9g\u00e8re avec complexe perfecteur [matit\u00e9 + pores].\u00a0<\/em><em>Fini mat \u2013 Pot\u00a0<\/em><em>50ml<\/em><i><\/i><\/p>\n<p><span class=\"legend\">*Efficacit\u00e9 d\u2019un soin cosm\u00e9tique dont la formule est compos\u00e9e de 50 ingr\u00e9dients int\u00e9gr\u00e9s \u00e0 quantit\u00e9 quotidienne \u00e9quivalente \u00e0 celle d\u2019une m\u00e9so-injection.<\/span><\/div>\n<\/div>\n","protected":false},"excerpt":{"rendered":"<p>FLUIDE R\u00c9G\u00c9N\u00c9RANT SUPR\u00caME [RIDES &#8211; FERMET\u00c9 &#8211; \u00c9CLAT]<\/p>\n","protected":false},"featured_media":24149,"comment_status":"open","ping_status":"closed","template":"","meta":[],"product_cat":[20],"product_tag":[],"class_list":{"0":"post-17132","1":"product","2":"type-product","3":"status-publish","4":"has-post-thumbnail","6":"product_cat-accessories","8":"first","9":"instock","10":"shipping-taxable","11":"product-type-simple"},"jetpack_sharing_enabled":true,"_links":{"self":[{"href":"https:\/\/para-pharmacity.tn\/index.php?rest_route=\/wp\/v2\/product\/17132","targetHints":{"allow":["GET"]}}],"collection":[{"href":"https:\/\/para-pharmacity.tn\/index.php?rest_route=\/wp\/v2\/product"}],"about":[{"href":"https:\/\/para-pharmacity.tn\/index.php?rest_route=\/wp\/v2\/types\/product"}],"replies":[{"embeddable":true,"href":"https:\/\/para-pharmacity.tn\/index.php?rest_route=%2Fwp%2Fv2%2Fcomments&post=17132"}],"version-history":[{"count":2,"href":"https:\/\/para-pharmacity.tn\/index.php?rest_route=\/wp\/v2\/product\/17132\/revisions"}],"predecessor-version":[{"id":24157,"href":"https:\/\/para-pharmacity.tn\/index.php?rest_route=\/wp\/v2\/product\/17132\/revisions\/24157"}],"wp:featuredmedia":[{"embeddable":true,"href":"https:\/\/para-pharmacity.tn\/index.php?rest_route=\/wp\/v2\/media\/24149"}],"wp:attachment":[{"href":"https:\/\/para-pharmacity.tn\/index.php?rest_route=%2Fwp%2Fv2%2Fmedia&parent=17132"}],"wp:term":[{"taxonomy":"product_cat","embeddable":true,"href":"https:\/\/para-pharmacity.tn\/index.php?rest_route=%2Fwp%2Fv2%2Fproduct_cat&post=17132"},{"taxonomy":"product_tag","embeddable":true,"href":"https:\/\/para-pharmacity.tn\/index.php?rest_route=%2Fwp%2Fv2%2Fproduct_tag&post=17132"}],"curies":[{"name":"wp","href":"https:\/\/api.w.org\/{rel}","templated":true}]}}