{"id":17130,"date":"2024-07-10T23:01:25","date_gmt":"2024-07-10T23:01:25","guid":{"rendered":"https:\/\/para-pharmacity.tn\/?product=filorga-nctf-reverse-cr-50ml"},"modified":"2024-08-28T08:48:25","modified_gmt":"2024-08-28T08:48:25","slug":"filorga-nctf-reverse-cr-50ml","status":"publish","type":"product","link":"https:\/\/para-pharmacity.tn\/?product=filorga-nctf-reverse-cr-50ml","title":{"rendered":"FILORGA NCTF REVERSE CR 50ML"},"content":{"rendered":"<p><strong>NCEF-REVERSE, la cr\u00e8me repulpante anti-\u00e2ge et anti-rides r\u00e9duisant visiblement les rides, pour une peau ferme et \u00e9clatante.<\/strong><\/p>\n<div class=\"more\">\n<div class=\"\">\n<p>D\u00e9couvrez une cr\u00e8me visage anti-\u00e2ge polyrevitalisante inspir\u00e9e des m\u00e9so-injections.<\/p>\n<p><strong>\/<\/strong>\u00a0<b>R\u00e9novation intensive de la qualit\u00e9 de la peau [r\u00e9g\u00e9n\u00e9ration activ\u00e9e]<\/b><\/p>\n<p>Une formule au NCEF, complexe polyrevitalisant unique mis au point par les Laboratoires FILORGA dont 50 ingr\u00e9dients sont int\u00e9gr\u00e9s pour la premi\u00e8re fois dans des concentrations comparables \u00e0 celles utilis\u00e9es en m\u00e9so-injection<sup>(1)<\/sup>.<\/p>\n<p><strong>\/ Correction suractiv\u00e9e [rides \u2013 fermet\u00e9 \u2013 \u00e9clat]<\/strong><\/p>\n<p>Des actifs r\u00e9put\u00e9s dans la lutte contre le vieillissement [acide hyaluronique+collag\u00e8ne+vitamines A,H et E] associ\u00e9s \u00e0 des boosters d\u2019efficacit\u00e9 agissent simultan\u00e9ment sur le lissage des rides, le rel\u00e2chement cutan\u00e9 et l\u2019homog\u00e9n\u00e9it\u00e9 du teint.<\/p>\n<p><em>Texture ultra-confortable enrichie en karit\u00e9.\u00a0<\/em><em>Fini mat \u2013 Pot\u00a0<\/em><em>50ml.<\/em><\/p>\n<p><span class=\"legend\">(1) Efficacit\u00e9 d\u2019un soin cosm\u00e9tique dont la formule est compos\u00e9e de 50 ingr\u00e9dients int\u00e9gr\u00e9s \u00e0 des concentrations comparables \u00e0 celles utilis\u00e9es pour une m\u00e9so-injection.<\/span><\/div>\n<\/div>\n","protected":false},"excerpt":{"rendered":"<p>NCTF-Reverse Cr\u00e8me, des Laboratoires Filorga, est un soin ultra-concentr\u00e9 en NCEF pour une qualit\u00e9 de peau renouvel\u00e9e et une action anti-\u00e2ge d\u00e9multipli\u00e9e.<\/p>\n","protected":false},"featured_media":24133,"comment_status":"open","ping_status":"closed","template":"","meta":[],"product_cat":[20],"product_tag":[],"class_list":{"0":"post-17130","1":"product","2":"type-product","3":"status-publish","4":"has-post-thumbnail","6":"product_cat-accessories","8":"first","9":"instock","10":"shipping-taxable","11":"product-type-simple"},"jetpack_sharing_enabled":true,"_links":{"self":[{"href":"https:\/\/para-pharmacity.tn\/index.php?rest_route=\/wp\/v2\/product\/17130","targetHints":{"allow":["GET"]}}],"collection":[{"href":"https:\/\/para-pharmacity.tn\/index.php?rest_route=\/wp\/v2\/product"}],"about":[{"href":"https:\/\/para-pharmacity.tn\/index.php?rest_route=\/wp\/v2\/types\/product"}],"replies":[{"embeddable":true,"href":"https:\/\/para-pharmacity.tn\/index.php?rest_route=%2Fwp%2Fv2%2Fcomments&post=17130"}],"version-history":[{"count":2,"href":"https:\/\/para-pharmacity.tn\/index.php?rest_route=\/wp\/v2\/product\/17130\/revisions"}],"predecessor-version":[{"id":24139,"href":"https:\/\/para-pharmacity.tn\/index.php?rest_route=\/wp\/v2\/product\/17130\/revisions\/24139"}],"wp:featuredmedia":[{"embeddable":true,"href":"https:\/\/para-pharmacity.tn\/index.php?rest_route=\/wp\/v2\/media\/24133"}],"wp:attachment":[{"href":"https:\/\/para-pharmacity.tn\/index.php?rest_route=%2Fwp%2Fv2%2Fmedia&parent=17130"}],"wp:term":[{"taxonomy":"product_cat","embeddable":true,"href":"https:\/\/para-pharmacity.tn\/index.php?rest_route=%2Fwp%2Fv2%2Fproduct_cat&post=17130"},{"taxonomy":"product_tag","embeddable":true,"href":"https:\/\/para-pharmacity.tn\/index.php?rest_route=%2Fwp%2Fv2%2Fproduct_tag&post=17130"}],"curies":[{"name":"wp","href":"https:\/\/api.w.org\/{rel}","templated":true}]}}