{"id":17129,"date":"2024-07-10T23:01:23","date_gmt":"2024-07-10T23:01:23","guid":{"rendered":"https:\/\/para-pharmacity.tn\/?product=filorga-nctf-night-mask-50ml"},"modified":"2024-08-28T08:40:15","modified_gmt":"2024-08-28T08:40:15","slug":"filorga-nctf-night-mask-50ml","status":"publish","type":"product","link":"https:\/\/para-pharmacity.tn\/?product=filorga-nctf-night-mask-50ml","title":{"rendered":"FILORGA NCTF NIGHT MASK 50ML"},"content":{"rendered":"<p><strong>Le masque nuit visage anti-\u00e2ge et anti-rides pour r\u00e9duction visible des rides et une peau ferme et \u00e9clatante.<\/strong><\/p>\n<div class=\"more\">\n<div class=\"\">\n<p>Ce masque visage de nuit concentr\u00e9 en NCEF est sp\u00e9cialement con\u00e7u pour les nuits courtes et peaux fatigu\u00e9es, stress\u00e9es.<\/p>\n<p><strong>\/ R\u00e9novation intensive de la qualit\u00e9 de peau\u00a0<\/strong><strong>[r\u00e9g\u00e9n\u00e9ration activ<\/strong><strong>\u00e9<\/strong><strong>e]<\/strong><\/p>\n<p>Une formule au NCEF, complexe polyrevitalisant unique mis au point par les Laboratoires FILORGA dans lequel 50 ingr\u00e9dients sont int\u00e9gr\u00e9s pour la premi\u00e8re fois dans des concentrations comparables \u00e0 celles utilis\u00e9es en m\u00e9so-injection*.<\/p>\n<p><strong>\/ R<\/strong><strong>\u00e9<\/strong><strong>cup<\/strong><strong>\u00e9<\/strong><strong>ration cutan<\/strong><strong>\u00e9<\/strong><strong>e nocturne [rides + fermet<\/strong><strong>\u00e9<\/strong><strong>\u00a0+\u00a0<\/strong><strong>\u00e9clat]<\/strong><\/p>\n<p>Le Melatonin\u2019CX\u00ae, puissant d\u00e9fatiguant cutan\u00e9, agit pendant la nuit pour des traits repos\u00e9s tandis que des peptides repulpent la peau.<br \/>\nEn parall\u00e8le, un d\u00e9toxifiant naturel pour r\u00e9v\u00e9ler un teint rayonnant au r\u00e9veil.<\/p>\n<p><em>Masque \u00e0 p\u00e9n\u00e9tration rapide qui s\u2019utilise comme une cr\u00e8me de nuit \u2013 Pot 50ml<\/em><\/p>\n<p><span class=\"legend\">*Efficacit\u00e9 d\u2019un soin cosm\u00e9tique dont la formule est compos\u00e9e de 50 ingr\u00e9dients int\u00e9gr\u00e9s \u00e0 quantit\u00e9 quotidienne \u00e9quivalente \u00e0 celle d\u2019une m\u00e9so-injection.\u201d<\/span><\/div>\n<\/div>\n","protected":false},"excerpt":{"rendered":"<p>UN MASQUE DE NUIT ULTRA-R\u00c9G\u00c9N\u00c9RANT CONTENANT DES ACTIFS INSPIR\u00c9S DE LA M\u00c9DECINE ESTH\u00c9TIQUE POUR UNE PEAU VISIBLEMENT PLUS JEUNE AU R\u00c9VEIL.<\/p>\n","protected":false},"featured_media":24122,"comment_status":"open","ping_status":"closed","template":"","meta":[],"product_cat":[20],"product_tag":[],"class_list":{"0":"post-17129","1":"product","2":"type-product","3":"status-publish","4":"has-post-thumbnail","6":"product_cat-accessories","8":"first","9":"instock","10":"shipping-taxable","11":"product-type-simple"},"jetpack_sharing_enabled":true,"_links":{"self":[{"href":"https:\/\/para-pharmacity.tn\/index.php?rest_route=\/wp\/v2\/product\/17129","targetHints":{"allow":["GET"]}}],"collection":[{"href":"https:\/\/para-pharmacity.tn\/index.php?rest_route=\/wp\/v2\/product"}],"about":[{"href":"https:\/\/para-pharmacity.tn\/index.php?rest_route=\/wp\/v2\/types\/product"}],"replies":[{"embeddable":true,"href":"https:\/\/para-pharmacity.tn\/index.php?rest_route=%2Fwp%2Fv2%2Fcomments&post=17129"}],"version-history":[{"count":2,"href":"https:\/\/para-pharmacity.tn\/index.php?rest_route=\/wp\/v2\/product\/17129\/revisions"}],"predecessor-version":[{"id":24131,"href":"https:\/\/para-pharmacity.tn\/index.php?rest_route=\/wp\/v2\/product\/17129\/revisions\/24131"}],"wp:featuredmedia":[{"embeddable":true,"href":"https:\/\/para-pharmacity.tn\/index.php?rest_route=\/wp\/v2\/media\/24122"}],"wp:attachment":[{"href":"https:\/\/para-pharmacity.tn\/index.php?rest_route=%2Fwp%2Fv2%2Fmedia&parent=17129"}],"wp:term":[{"taxonomy":"product_cat","embeddable":true,"href":"https:\/\/para-pharmacity.tn\/index.php?rest_route=%2Fwp%2Fv2%2Fproduct_cat&post=17129"},{"taxonomy":"product_tag","embeddable":true,"href":"https:\/\/para-pharmacity.tn\/index.php?rest_route=%2Fwp%2Fv2%2Fproduct_tag&post=17129"}],"curies":[{"name":"wp","href":"https:\/\/api.w.org\/{rel}","templated":true}]}}