{"id":17128,"date":"2024-07-10T23:01:22","date_gmt":"2024-07-10T23:01:22","guid":{"rendered":"https:\/\/para-pharmacity.tn\/?product=filorga-nctf-intensive-serum-30ml"},"modified":"2024-08-28T08:29:37","modified_gmt":"2024-08-28T08:29:37","slug":"filorga-nctf-intensive-serum-30ml","status":"publish","type":"product","link":"https:\/\/para-pharmacity.tn\/?product=filorga-nctf-intensive-serum-30ml","title":{"rendered":"FILORGA NCTF INTENSIVE SERUM 30ML"},"content":{"rendered":"<p><strong>ides pour r\u00e9duction visible des rides, une peau ferme et \u00e9clatante.<\/strong><\/p>\n<div class=\"more\">\n<div class=\"\">\n<div id=\"readmore\" class=\"readmore hide\">\n<p>D\u00e9couvrez un s\u00e9rum anti-\u00e2ge multi-correcteur concentr\u00e9 en\u00a0<strong>NCEF<\/strong>\u00a0inspir\u00e9 des meso-injections* pour une action pro-jeunesse renforc\u00e9e et une qualit\u00e9 de peau renouvel\u00e9e.<\/p>\n<p>Enrichi en\u00a0<strong>NCEF<\/strong>, R\u00e9tinol et Vitamine C, le s\u00e9rum visage\u00a0<strong>NCEF-REVERSE<\/strong>\u00a0<strong>INTENSIVE<\/strong>\u00a0agit sur les signes de vieillissement cutan\u00e9 tels que l\u2019apparition des rides, le manque de fermet\u00e9 et la perte d\u2019\u00e9clat.<\/p>\n<p>Pour compl\u00e9ter votre routine beaut\u00e9, d\u00e9couvrez la cr\u00e8me de jour\u00a0<strong>NCEF-REVERSE<\/strong>\u00a0et le masque de nuit<strong>\u00a0NCEF-NIGHT MASK.<\/strong><\/p>\n<p><em>Flacon \u2013 30ml<\/em><\/p>\n<\/div>\n<p><span class=\"legend\">*Efficacit\u00e9 d\u2019un soin cosm\u00e9tique dont la formule est compos\u00e9e de 50 ingr\u00e9dients int\u00e9gr\u00e9s \u00e0 quantit\u00e9 quotidienne \u00e9quivalente \u00e0 celle d\u2019une m\u00e9so-injection.<\/span><\/div>\n<\/div>\n","protected":false},"excerpt":{"rendered":"<p>NCTF-Intensive S\u00e9rum, des Laboratoires Filorga, est un s\u00e9rum booster hautement concentr\u00e9 en NCTF pour une r\u00e9g\u00e9n\u00e9ration intense et une action anti-\u00e2ge d\u00e9multipli\u00e9e.<\/p>\n","protected":false},"featured_media":24117,"comment_status":"open","ping_status":"closed","template":"","meta":[],"product_cat":[20],"product_tag":[],"class_list":{"0":"post-17128","1":"product","2":"type-product","3":"status-publish","4":"has-post-thumbnail","6":"product_cat-accessories","8":"first","9":"instock","10":"shipping-taxable","11":"product-type-simple"},"jetpack_sharing_enabled":true,"_links":{"self":[{"href":"https:\/\/para-pharmacity.tn\/index.php?rest_route=\/wp\/v2\/product\/17128","targetHints":{"allow":["GET"]}}],"collection":[{"href":"https:\/\/para-pharmacity.tn\/index.php?rest_route=\/wp\/v2\/product"}],"about":[{"href":"https:\/\/para-pharmacity.tn\/index.php?rest_route=\/wp\/v2\/types\/product"}],"replies":[{"embeddable":true,"href":"https:\/\/para-pharmacity.tn\/index.php?rest_route=%2Fwp%2Fv2%2Fcomments&post=17128"}],"version-history":[{"count":2,"href":"https:\/\/para-pharmacity.tn\/index.php?rest_route=\/wp\/v2\/product\/17128\/revisions"}],"predecessor-version":[{"id":24120,"href":"https:\/\/para-pharmacity.tn\/index.php?rest_route=\/wp\/v2\/product\/17128\/revisions\/24120"}],"wp:featuredmedia":[{"embeddable":true,"href":"https:\/\/para-pharmacity.tn\/index.php?rest_route=\/wp\/v2\/media\/24117"}],"wp:attachment":[{"href":"https:\/\/para-pharmacity.tn\/index.php?rest_route=%2Fwp%2Fv2%2Fmedia&parent=17128"}],"wp:term":[{"taxonomy":"product_cat","embeddable":true,"href":"https:\/\/para-pharmacity.tn\/index.php?rest_route=%2Fwp%2Fv2%2Fproduct_cat&post=17128"},{"taxonomy":"product_tag","embeddable":true,"href":"https:\/\/para-pharmacity.tn\/index.php?rest_route=%2Fwp%2Fv2%2Fproduct_tag&post=17128"}],"curies":[{"name":"wp","href":"https:\/\/api.w.org\/{rel}","templated":true}]}}