{"id":17127,"date":"2024-07-10T23:01:22","date_gmt":"2024-07-10T23:01:22","guid":{"rendered":"https:\/\/para-pharmacity.tn\/?product=filorga-nctf-essence-150-ml"},"modified":"2024-08-28T08:22:04","modified_gmt":"2024-08-28T08:22:04","slug":"filorga-nctf-essence-150-ml","status":"publish","type":"product","link":"https:\/\/para-pharmacity.tn\/?product=filorga-nctf-essence-150-ml","title":{"rendered":"FILORGA NCTF ESSENCE 150 ML"},"content":{"rendered":"<p>FILORGA NCTF-ESSENCE est une LOTION PR\u00c9PARATRICE &#8211; HYDRATATION<br \/>\nNCTF-ESSENCE est un nouveau geste issu des rituels asiatiques pour pr\u00e9parer la peau \u00e0 recevoir les soins. Sa texture aqueuse &amp; fra\u00eeche s\u2019applique juste apr\u00e8s le d\u00e9maquillage et avant le s\u00e9rum.<br \/>\nConcentr\u00e9 hydratant : Gr\u00e2ce \u00e0 ses capteurs d\u2019eau, la technologie AQUA-MX assure une hydratation flash et durable en 30min chrono.<br \/>\nEffet booster cutan\u00e9 : Le NCTF\u00ae associ\u00e9 \u00e0 un polysaccharide anti-pollution r\u00e9g\u00e9n\u00e8re, r\u00e9v\u00e8le l\u2019\u00e9clat des teints ternes et pr\u00e9pare la peau aux soins.<\/p>\n","protected":false},"excerpt":{"rendered":"<p>NCTF-Essence, des Laboratoires Filorga, est une lotion pr\u00e9paratrice hydratation r\u00e9g\u00e9n\u00e9rante.<\/p>\n","protected":false},"featured_media":24113,"comment_status":"open","ping_status":"closed","template":"","meta":[],"product_cat":[20],"product_tag":[],"class_list":{"0":"post-17127","1":"product","2":"type-product","3":"status-publish","4":"has-post-thumbnail","6":"product_cat-accessories","8":"first","9":"instock","10":"shipping-taxable","11":"product-type-simple"},"jetpack_sharing_enabled":true,"_links":{"self":[{"href":"https:\/\/para-pharmacity.tn\/index.php?rest_route=\/wp\/v2\/product\/17127","targetHints":{"allow":["GET"]}}],"collection":[{"href":"https:\/\/para-pharmacity.tn\/index.php?rest_route=\/wp\/v2\/product"}],"about":[{"href":"https:\/\/para-pharmacity.tn\/index.php?rest_route=\/wp\/v2\/types\/product"}],"replies":[{"embeddable":true,"href":"https:\/\/para-pharmacity.tn\/index.php?rest_route=%2Fwp%2Fv2%2Fcomments&post=17127"}],"version-history":[{"count":2,"href":"https:\/\/para-pharmacity.tn\/index.php?rest_route=\/wp\/v2\/product\/17127\/revisions"}],"predecessor-version":[{"id":24115,"href":"https:\/\/para-pharmacity.tn\/index.php?rest_route=\/wp\/v2\/product\/17127\/revisions\/24115"}],"wp:featuredmedia":[{"embeddable":true,"href":"https:\/\/para-pharmacity.tn\/index.php?rest_route=\/wp\/v2\/media\/24113"}],"wp:attachment":[{"href":"https:\/\/para-pharmacity.tn\/index.php?rest_route=%2Fwp%2Fv2%2Fmedia&parent=17127"}],"wp:term":[{"taxonomy":"product_cat","embeddable":true,"href":"https:\/\/para-pharmacity.tn\/index.php?rest_route=%2Fwp%2Fv2%2Fproduct_cat&post=17127"},{"taxonomy":"product_tag","embeddable":true,"href":"https:\/\/para-pharmacity.tn\/index.php?rest_route=%2Fwp%2Fv2%2Fproduct_tag&post=17127"}],"curies":[{"name":"wp","href":"https:\/\/api.w.org\/{rel}","templated":true}]}}